{"id":28345,"date":"2025-02-20T23:29:37","date_gmt":"2025-02-20T22:29:37","guid":{"rendered":"http:\/\/olemosaic.com\/producto\/bol-de-coco-azul-tortuga-barcelona\/"},"modified":"2025-07-25T20:10:26","modified_gmt":"2025-07-25T18:10:26","slug":"taca-de-coco-azul-tartaruga-barcelona","status":"publish","type":"product","link":"https:\/\/olemosaic.com\/pt-pt\/produto\/taca-de-coco-azul-tartaruga-barcelona\/","title":{"rendered":"Ta\u00e7a de coco azul. Tartaruga e fundo azul. Barcelona."},"content":{"rendered":"<p>Esta ta\u00e7a de cer\u00e2mica pintada \u00e0 m\u00e3o \u00e9 uma cativante representa\u00e7\u00e3o do mar Mediterr\u00e2neo, ideal para quem procura uma recorda\u00e7\u00e3o aut\u00eantica de Barcelona. Com um vibrante fundo azul, a ta\u00e7a destaca-se pela sua requintada ilustra\u00e7\u00e3o de uma tartaruga, s\u00edmbolo da vida marinha e da liga\u00e7\u00e3o com o ambiente aqu\u00e1tico. A tartaruga, meticulosamente decorada, parece nadar placidamente entre folhas aqu\u00e1ticas, o que acrescenta um toque de vida e dinamismo ao design. Ao redor da sua circunfer\u00eancia, uma subtil borda delicada complementa a est\u00e9tica, enquanto a palavra &#8220;Barcelona&#8221; em branco brilhante sobressai com eleg\u00e2ncia sobre o intenso fundo azul.<\/p>\n<p>Esta ta\u00e7a n\u00e3o \u00e9 apenas um objeto decorativo, mas uma homenagem \u00e0 rica cultura de Barcelona, onde o mar e a sua biodiversidade s\u00e3o parte fundamental da identidade local. Ideal para usar na cozinha ou como pe\u00e7a de exposi\u00e7\u00e3o, esta ta\u00e7a \u00e9 perfeita como presente ou recorda\u00e7\u00e3o de uns dias inesquec\u00edveis nesta vibrante cidade. Na Ol\u00e9 Mosaic, somos distribuidores de recorda\u00e7\u00f5es aut\u00eanticas e de qualidade, e esta ta\u00e7a de cer\u00e2mica \u00e9 uma excelente op\u00e7\u00e3o para lojas de presentes tur\u00edsticos que desejam oferecer produtos \u00fanicos e representativos de Barcelona. Com a nossa sele\u00e7\u00e3o de recorda\u00e7\u00f5es de cer\u00e2mica, garantimos autenticidade e beleza em cada pe\u00e7a.<\/p>\n","protected":false},"excerpt":{"rendered":"<p>Ta\u00e7a de coco de design artesanal, pintada \u00e0 m\u00e3o, decorada com uma preciosa tartaruga e um vibrante fundo azul que evoca a ess\u00eancia do mar Mediterr\u00e2neo em Barcelona. Esta ta\u00e7a apresenta detalhes elaborados, como pequenas folhas aqu\u00e1ticas e uma borda delicada. A palavra &#8220;Barcelona&#8221; destaca-se em branco sobre o azul intenso, o que torna este artigo um souvenir atraente e representativo da cultura local. Perfeito para decora\u00e7\u00e3o ou como presente.<\/p>\n","protected":false},"featured_media":11763,"template":"","meta":{"_acf_changed":false},"product_brand":[],"product_cat":[513],"product_tag":[516],"class_list":{"0":"post-28345","1":"product","2":"type-product","3":"status-publish","4":"has-post-thumbnail","6":"product_cat-bols","7":"product_tag-animais","8":"pa_ciudad-barcelona","9":"pa_motivo-tartarugas","10":"pa_pais-espana","12":"first","13":"instock","14":"shipping-taxable","15":"product-type-simple"},"acf":[],"_links":{"self":[{"href":"https:\/\/olemosaic.com\/pt-pt\/wp-json\/wp\/v2\/product\/28345","targetHints":{"allow":["GET"]}}],"collection":[{"href":"https:\/\/olemosaic.com\/pt-pt\/wp-json\/wp\/v2\/product"}],"about":[{"href":"https:\/\/olemosaic.com\/pt-pt\/wp-json\/wp\/v2\/types\/product"}],"wp:featuredmedia":[{"embeddable":true,"href":"https:\/\/olemosaic.com\/pt-pt\/wp-json\/wp\/v2\/media\/11763"}],"wp:attachment":[{"href":"https:\/\/olemosaic.com\/pt-pt\/wp-json\/wp\/v2\/media?parent=28345"}],"wp:term":[{"taxonomy":"product_brand","embeddable":true,"href":"https:\/\/olemosaic.com\/pt-pt\/wp-json\/wp\/v2\/product_brand?post=28345"},{"taxonomy":"product_cat","embeddable":true,"href":"https:\/\/olemosaic.com\/pt-pt\/wp-json\/wp\/v2\/product_cat?post=28345"},{"taxonomy":"product_tag","embeddable":true,"href":"https:\/\/olemosaic.com\/pt-pt\/wp-json\/wp\/v2\/product_tag?post=28345"}],"curies":[{"name":"wp","href":"https:\/\/api.w.org\/{rel}","templated":true}]}}