{"id":28344,"date":"2025-02-20T23:29:37","date_gmt":"2025-02-20T22:29:37","guid":{"rendered":"http:\/\/olemosaic.com\/producto\/bol-de-coco-amarillo-salamandra\/"},"modified":"2025-07-25T20:00:13","modified_gmt":"2025-07-25T18:00:13","slug":"taca-de-coco-amarela-salamandra","status":"publish","type":"product","link":"https:\/\/olemosaic.com\/pt-pt\/produto\/taca-de-coco-amarela-salamandra\/","title":{"rendered":"Ta\u00e7a de coco amarela. Salamandra."},"content":{"rendered":"<p>Esta ta\u00e7a de cer\u00e2mica pintada \u00e0 m\u00e3o \u00e9 uma aut\u00eantica obra de arte que captura a ess\u00eancia da fauna espanhola atrav\u00e9s do seu vibrante design em tons amarelos e castanhos. No centro da ta\u00e7a, destaca-se uma encantadora salamandra amarela, que simboliza a diversidade e riqueza natural da regi\u00e3o. Rodeada por um fundo escuro que real\u00e7a o seu colorido brilhante, a salamandra \u00e9 emoldurada por uma borda decorativa que apresenta cora\u00e7\u00f5es e manchas de cor, criando um contraste interessante que real\u00e7a a beleza do produto. Esta ta\u00e7a de cer\u00e2mica n\u00e3o s\u00f3 \u00e9 funcional, como tamb\u00e9m serve como um atraente elemento decorativo que trar\u00e1 um toque de cor e originalidade a qualquer espa\u00e7o.<\/p>\n<p>A rica tradi\u00e7\u00e3o artesanal espanhola reflete-se em cada detalhe desta ta\u00e7a, que \u00e9 perfeita n\u00e3o s\u00f3 como recorda\u00e7\u00e3o, mas tamb\u00e9m como um acess\u00f3rio decorativo \u00fanico. Ideal para quem procura recorda\u00e7\u00f5es aut\u00eanticas que representem a cultura local, esta ta\u00e7a \u00e9 uma excelente op\u00e7\u00e3o para turistas que desejem levar um pedacinho de Espanha consigo. Na Ol\u00e9 Mosaic, orgulhamo-nos de ser distribuidores de produtos artesanais de qualidade, e esta ta\u00e7a representa a perfeita sinergia entre design, funcionalidade e autenticidade. \u00c9 uma op\u00e7\u00e3o ideal para lojas de presentes tur\u00edsticos interessadas em oferecer recorda\u00e7\u00f5es de cer\u00e2mica que capturem a ess\u00eancia cultural das suas regi\u00f5es.<\/p>\n","protected":false},"excerpt":{"rendered":"<p>Ta\u00e7a de coco de design artesanal, pintada \u00e0 m\u00e3o, com um vibrante design em tons amarelos e castanhos que evoca a fauna da regi\u00e3o. No centro, uma salamandra amarela destaca-se sobre um fundo escuro, rodeada por uma borda decorativa com cora\u00e7\u00f5es e manchas de cor. Este produto reflete a rica tradi\u00e7\u00e3o artesanal de Espanha, ideal para dar um toque de cor e originalidade a qualquer espa\u00e7o. Perfeito como recorda\u00e7\u00e3o ou para uso decorativo.<\/p>\n","protected":false},"featured_media":10169,"template":"","meta":{"_acf_changed":false},"product_brand":[],"product_cat":[513],"product_tag":[516],"class_list":{"0":"post-28344","1":"product","2":"type-product","3":"status-publish","4":"has-post-thumbnail","6":"product_cat-bols","7":"product_tag-animais","8":"pa_motivo-salamandras","10":"first","11":"instock","12":"shipping-taxable","13":"product-type-simple"},"acf":[],"_links":{"self":[{"href":"https:\/\/olemosaic.com\/pt-pt\/wp-json\/wp\/v2\/product\/28344","targetHints":{"allow":["GET"]}}],"collection":[{"href":"https:\/\/olemosaic.com\/pt-pt\/wp-json\/wp\/v2\/product"}],"about":[{"href":"https:\/\/olemosaic.com\/pt-pt\/wp-json\/wp\/v2\/types\/product"}],"wp:featuredmedia":[{"embeddable":true,"href":"https:\/\/olemosaic.com\/pt-pt\/wp-json\/wp\/v2\/media\/10169"}],"wp:attachment":[{"href":"https:\/\/olemosaic.com\/pt-pt\/wp-json\/wp\/v2\/media?parent=28344"}],"wp:term":[{"taxonomy":"product_brand","embeddable":true,"href":"https:\/\/olemosaic.com\/pt-pt\/wp-json\/wp\/v2\/product_brand?post=28344"},{"taxonomy":"product_cat","embeddable":true,"href":"https:\/\/olemosaic.com\/pt-pt\/wp-json\/wp\/v2\/product_cat?post=28344"},{"taxonomy":"product_tag","embeddable":true,"href":"https:\/\/olemosaic.com\/pt-pt\/wp-json\/wp\/v2\/product_tag?post=28344"}],"curies":[{"name":"wp","href":"https:\/\/api.w.org\/{rel}","templated":true}]}}