{"id":28343,"date":"2025-02-20T23:29:36","date_gmt":"2025-02-20T22:29:36","guid":{"rendered":"http:\/\/olemosaic.com\/producto\/bol-de-coco-azul-caballito-de-mar-barcelona\/"},"modified":"2025-07-25T18:43:30","modified_gmt":"2025-07-25T16:43:30","slug":"taca-de-coco-azul-cavalo-marinho-barcelona","status":"publish","type":"product","link":"https:\/\/olemosaic.com\/pt-pt\/produto\/taca-de-coco-azul-cavalo-marinho-barcelona\/","title":{"rendered":"Ta\u00e7a de coco azul. Cavalo-marinho no Mediterr\u00e2neo. Barcelona."},"content":{"rendered":"<p>Esta ta\u00e7a de cer\u00e2mica pintada \u00e0 m\u00e3o \u00e9 uma aut\u00eantica joia que captura a ess\u00eancia do Mediterr\u00e2neo, ideal como recorda\u00e7\u00e3o representativa de Barcelona. O seu vibrante design azul evoca as \u00e1guas profundas do mar, criando uma sensa\u00e7\u00e3o de frescura e vida marinha. No centro da ta\u00e7a, aprecia-se um delicado cavalo-marinho, s\u00edmbolo emblem\u00e1tico da costa catal\u00e3, que se destaca elegantemente pelos seus detalhes em branco, atraindo todos os olhares.<\/p>\n<p>A borda da ta\u00e7a est\u00e1 decorada com um design art\u00edstico de formas geom\u00e9tricas, que lhe confere um acabamento \u00fanico e real\u00e7a o seu car\u00e1cter artesanal. Al\u00e9m disso, a ta\u00e7a inclui a palavra &#8220;Barcelona&#8221;, o que a torna uma recorda\u00e7\u00e3o ideal para quem deseja levar um peda\u00e7o desta bela cidade costeira para casa. A sua funcionalidade \u00e9 vers\u00e1til, tanto como elemento decorativo como para servir aperitivos, o que a torna perfeita para eventos e reuni\u00f5es.<\/p>\n<p>Esta recorda\u00e7\u00e3o de cer\u00e2mica n\u00e3o s\u00f3 celebra a rica tradi\u00e7\u00e3o artesanal da regi\u00e3o, como tamb\u00e9m reflete o amor pelo mar e pela cultura mediterr\u00e2nea. Na Ol\u00e9 Mosaic, orgulhamo-nos de oferecer recorda\u00e7\u00f5es aut\u00eanticas, e esta ta\u00e7a de cer\u00e2mica \u00e9 uma excelente op\u00e7\u00e3o para lojas de presentes tur\u00edsticos que procuram produtos com valor cultural e est\u00e9tico. Como fornecedor grossista de recorda\u00e7\u00f5es de Barcelona, garantimos qualidade e autenticidade em cada pe\u00e7a.<\/p>\n","protected":false},"excerpt":{"rendered":"<p>Ta\u00e7a de coco de design artesanal, pintada \u00e0 m\u00e3o, com um vibrante design azul que evoca as \u00e1guas do Mediterr\u00e2neo, com um cavalo-marinho no centro. Decorada com detalhes em branco e uma borda que lhe d\u00e1 um toque art\u00edstico, a ta\u00e7a inclui a palavra &#8220;Barcelona&#8221;, em refer\u00eancia \u00e0 bela cidade costeira. Ideal como elemento decorativo ou para servir aperitivos, o seu design captura a ess\u00eancia da vida marinha e do folclore da regi\u00e3o.<\/p>\n","protected":false},"featured_media":11755,"template":"","meta":{"_acf_changed":false},"product_brand":[],"product_cat":[513],"product_tag":[516],"class_list":{"0":"post-28343","1":"product","2":"type-product","3":"status-publish","4":"has-post-thumbnail","6":"product_cat-bols","7":"product_tag-animais","8":"pa_ciudad-barcelona","9":"pa_motivo-cavalos-marinhos","10":"pa_pais-espana","12":"first","13":"instock","14":"shipping-taxable","15":"product-type-simple"},"acf":[],"_links":{"self":[{"href":"https:\/\/olemosaic.com\/pt-pt\/wp-json\/wp\/v2\/product\/28343","targetHints":{"allow":["GET"]}}],"collection":[{"href":"https:\/\/olemosaic.com\/pt-pt\/wp-json\/wp\/v2\/product"}],"about":[{"href":"https:\/\/olemosaic.com\/pt-pt\/wp-json\/wp\/v2\/types\/product"}],"wp:featuredmedia":[{"embeddable":true,"href":"https:\/\/olemosaic.com\/pt-pt\/wp-json\/wp\/v2\/media\/11755"}],"wp:attachment":[{"href":"https:\/\/olemosaic.com\/pt-pt\/wp-json\/wp\/v2\/media?parent=28343"}],"wp:term":[{"taxonomy":"product_brand","embeddable":true,"href":"https:\/\/olemosaic.com\/pt-pt\/wp-json\/wp\/v2\/product_brand?post=28343"},{"taxonomy":"product_cat","embeddable":true,"href":"https:\/\/olemosaic.com\/pt-pt\/wp-json\/wp\/v2\/product_cat?post=28343"},{"taxonomy":"product_tag","embeddable":true,"href":"https:\/\/olemosaic.com\/pt-pt\/wp-json\/wp\/v2\/product_tag?post=28343"}],"curies":[{"name":"wp","href":"https:\/\/api.w.org\/{rel}","templated":true}]}}