{"id":28286,"date":"2025-02-20T23:29:35","date_gmt":"2025-02-20T22:29:35","guid":{"rendered":"http:\/\/olemosaic.com\/producto\/bol-de-ceramica-de-95-cm-salamandra-barcelona-beige\/"},"modified":"2025-07-25T18:55:36","modified_gmt":"2025-07-25T16:55:36","slug":"taca-de-ceramica-de-9-5-cm-salamandra-barcelona-bege","status":"publish","type":"product","link":"https:\/\/olemosaic.com\/pt-pt\/produto\/taca-de-ceramica-de-9-5-cm-salamandra-barcelona-bege\/","title":{"rendered":"Ta\u00e7a de cer\u00e2mica de 9,5 cm. Salamandra. Barcelona. Bege"},"content":{"rendered":"<p>Esta ta\u00e7a de cer\u00e2mica de 9,5 cm \u00e9 uma aut\u00eantica joia decorativa que captura a ess\u00eancia vibrante de Barcelona, ideal como recorda\u00e7\u00e3o para quem procura um pedacinho desta cidade fascinante. Decorada com ilustra\u00e7\u00f5es chamativas de salamandras e flores, o seu design em tons bege e verde apresenta um acabamento brilhante que real\u00e7a a riqueza das cores. As salamandras, pintadas \u00e0 m\u00e3o com padr\u00f5es intrincados e diversos, garantem que cada pe\u00e7a seja \u00fanica, enquanto as flores vibrantes acrescentam um toque de frescura e alegria.<\/p>\n<p>O rebordo da ta\u00e7a est\u00e1 adornado com a palavra &#8220;Barcelona&#8221;, lo que enfatiza a sua proced\u00eancia e liga emocionalmente os turistas \u00e0 cidade. Esta ta\u00e7a n\u00e3o s\u00f3 \u00e9 perfeita para servir aperitivos, como tamb\u00e9m pode funcionar como uma pe\u00e7a decorativa encantadora que dar\u00e1 um ar mediterr\u00e2nico a qualquer casa. A sua liga\u00e7\u00e3o cultural \u00e9 profunda, uma vez que as salamandras s\u00e3o representativas do design modernista catal\u00e3o, refletindo o esp\u00edrito criativo que caracteriza Barcelona.<\/p>\n<p>Na Ol\u00e9 Mosaic, oferecemos recorda\u00e7\u00f5es de cer\u00e2mica aut\u00eanticas que n\u00e3o s\u00e3o apenas decorativas, mas que tamb\u00e9m contam hist\u00f3rias culturais. Esta ta\u00e7a de salamandras \u00e9 uma excelente op\u00e7\u00e3o para lojas de presentes tur\u00edsticos que procuram produtos distintivos e de qualidade. Um verdadeiro s\u00edmbolo da tradi\u00e7\u00e3o artesanal da regi\u00e3o, esta ta\u00e7a torna-se uma recorda\u00e7\u00e3o valiosa que os turistas apreciar\u00e3o para sempre, tornando-se um cl\u00e1ssico entre as lembran\u00e7as de Barcelona.<\/p>\n","protected":false},"excerpt":{"rendered":"<p>Ta\u00e7a de cer\u00e2mica de 9,5 cm, decorada com ilustra\u00e7\u00f5es chamativas de salamandras e flores que evocam a vibrante ess\u00eancia de Barcelona. O design, em tons bege e verde, apresenta um acabamento brilhante e a palavra &#8220;Barcelona&#8221; adorna o rebordo. Cada salamandra, de design artesanal e pintada \u00e0 m\u00e3o, exibe padr\u00f5es coloridos que evocam a riqueza cultural da regi\u00e3o. Ideal para servir aperitivos ou como elemento decorativo na sua casa.<\/p>\n","protected":false},"featured_media":7543,"template":"","meta":{"_acf_changed":false},"product_brand":[],"product_cat":[513],"product_tag":[516,515],"class_list":{"0":"post-28286","1":"product","2":"type-product","3":"status-publish","4":"has-post-thumbnail","6":"product_cat-bols","7":"product_tag-animais","8":"product_tag-ceramica","9":"pa_ciudad-barcelona","10":"pa_motivo-salamandras","11":"pa_pais-espana","13":"first","14":"instock","15":"shipping-taxable","16":"product-type-simple"},"acf":[],"_links":{"self":[{"href":"https:\/\/olemosaic.com\/pt-pt\/wp-json\/wp\/v2\/product\/28286","targetHints":{"allow":["GET"]}}],"collection":[{"href":"https:\/\/olemosaic.com\/pt-pt\/wp-json\/wp\/v2\/product"}],"about":[{"href":"https:\/\/olemosaic.com\/pt-pt\/wp-json\/wp\/v2\/types\/product"}],"wp:featuredmedia":[{"embeddable":true,"href":"https:\/\/olemosaic.com\/pt-pt\/wp-json\/wp\/v2\/media\/7543"}],"wp:attachment":[{"href":"https:\/\/olemosaic.com\/pt-pt\/wp-json\/wp\/v2\/media?parent=28286"}],"wp:term":[{"taxonomy":"product_brand","embeddable":true,"href":"https:\/\/olemosaic.com\/pt-pt\/wp-json\/wp\/v2\/product_brand?post=28286"},{"taxonomy":"product_cat","embeddable":true,"href":"https:\/\/olemosaic.com\/pt-pt\/wp-json\/wp\/v2\/product_cat?post=28286"},{"taxonomy":"product_tag","embeddable":true,"href":"https:\/\/olemosaic.com\/pt-pt\/wp-json\/wp\/v2\/product_tag?post=28286"}],"curies":[{"name":"wp","href":"https:\/\/api.w.org\/{rel}","templated":true}]}}