{"id":28284,"date":"2025-02-20T23:29:34","date_gmt":"2025-02-20T22:29:34","guid":{"rendered":"http:\/\/olemosaic.com\/producto\/bol-de-ceramica-de-9-cm-panoramica-barcelona-beige\/"},"modified":"2025-07-25T20:00:08","modified_gmt":"2025-07-25T18:00:08","slug":"taca-de-ceramica-de-9-cm-panoramica-barcelona-bege","status":"publish","type":"product","link":"https:\/\/olemosaic.com\/pt-pt\/produto\/taca-de-ceramica-de-9-cm-panoramica-barcelona-bege\/","title":{"rendered":"Ta\u00e7a de cer\u00e2mica de 9 cm. Panor\u00e2mica. Barcelona. Bege"},"content":{"rendered":"<p>Esta ta\u00e7a de cer\u00e2mica de 9 cm \u00e9 uma pe\u00e7a requintada que captura a ess\u00eancia de Barcelona, tornando-se uma recorda\u00e7\u00e3o maravilhosa que reflete o esp\u00edrito vibrante desta cidade ic\u00f3nica. Decorada em tons bege, a ta\u00e7a apresenta uma panor\u00e2mica cheia de cor e vida que inclui ilustra\u00e7\u00f5es fascinantes de monumentos emblem\u00e1ticos como a Sagrada Fam\u00edlia e o Park G\u00fcell. Cada detalhe art\u00edstico foi desenhado com esmero, mostrando as formas arquitet\u00f3nicas \u00fanicas e os mosaicos coloridos que caracterizam a obra de Antoni Gaud\u00ed, destacando a riqueza cultural e o patrim\u00f3nio hist\u00f3rico de Barcelona.<\/p>\n<p>O rebordo vermelho da ta\u00e7a n\u00e3o s\u00f3 real\u00e7a o design, como tamb\u00e9m confere um toque de eleg\u00e2ncia que a torna uma op\u00e7\u00e3o ideal tanto para uso quotidiano como para exibir como pe\u00e7a decorativa na sua casa. Esta ta\u00e7a \u00e9 uma recorda\u00e7\u00e3o carinhosa da cidade, que pode ser utilizada para servir aperitivos ou simplesmente como um elemento atraente na sua mesa, acrescentando um ar cosmopolita a qualquer espa\u00e7o.<\/p>\n<p>Na Ol\u00e9 Mosaic, sabemos que as lembran\u00e7as s\u00e3o mais do que simples objetos; s\u00e3o hist\u00f3rias que se levam para casa. Esta ta\u00e7a de cer\u00e2mica \u00e9 uma escolha perfeita para turistas que procuram recorda\u00e7\u00f5es aut\u00eanticas de Barcelona e uma excelente op\u00e7\u00e3o para lojas de presentes tur\u00edsticos. O nosso compromisso como distribuidor de cer\u00e2mica e recorda\u00e7\u00f5es por grosso garante que os seus clientes obter\u00e3o produtos de qualidade, que refletem a tradi\u00e7\u00e3o e a autenticidade desta maravilhosa cidade.<\/p>\n","protected":false},"excerpt":{"rendered":"<p>Ta\u00e7a de cer\u00e2mica de 9 cm com uma encantadora panor\u00e2mica de Barcelona. Esta ta\u00e7a, decorada em tons bege, apresenta ilustra\u00e7\u00f5es vibrantes de monumentos emblem\u00e1ticos como a Sagrada Fam\u00edlia e o Parque G\u00fcell. Com um rebordo vermelho que acentua o seu design, cada detalhe reflete a riqueza cultural da cidade. Ideal para o uso di\u00e1rio ou como pe\u00e7a decorativa, esta ta\u00e7a combina funcionalidade e arte, capturando a ess\u00eancia cosmopolita de Barcelona.<\/p>\n","protected":false},"featured_media":7709,"template":"","meta":{"_acf_changed":false},"product_brand":[],"product_cat":[513],"product_tag":[515],"class_list":{"0":"post-28284","1":"product","2":"type-product","3":"status-publish","4":"has-post-thumbnail","6":"product_cat-bols","7":"product_tag-ceramica","8":"pa_ciudad-barcelona","9":"pa_motivo-panoramas","10":"pa_pais-espana","12":"first","13":"instock","14":"shipping-taxable","15":"product-type-simple"},"acf":[],"_links":{"self":[{"href":"https:\/\/olemosaic.com\/pt-pt\/wp-json\/wp\/v2\/product\/28284","targetHints":{"allow":["GET"]}}],"collection":[{"href":"https:\/\/olemosaic.com\/pt-pt\/wp-json\/wp\/v2\/product"}],"about":[{"href":"https:\/\/olemosaic.com\/pt-pt\/wp-json\/wp\/v2\/types\/product"}],"wp:featuredmedia":[{"embeddable":true,"href":"https:\/\/olemosaic.com\/pt-pt\/wp-json\/wp\/v2\/media\/7709"}],"wp:attachment":[{"href":"https:\/\/olemosaic.com\/pt-pt\/wp-json\/wp\/v2\/media?parent=28284"}],"wp:term":[{"taxonomy":"product_brand","embeddable":true,"href":"https:\/\/olemosaic.com\/pt-pt\/wp-json\/wp\/v2\/product_brand?post=28284"},{"taxonomy":"product_cat","embeddable":true,"href":"https:\/\/olemosaic.com\/pt-pt\/wp-json\/wp\/v2\/product_cat?post=28284"},{"taxonomy":"product_tag","embeddable":true,"href":"https:\/\/olemosaic.com\/pt-pt\/wp-json\/wp\/v2\/product_tag?post=28284"}],"curies":[{"name":"wp","href":"https:\/\/api.w.org\/{rel}","templated":true}]}}