{"id":28283,"date":"2025-02-20T23:29:34","date_gmt":"2025-02-20T22:29:34","guid":{"rendered":"http:\/\/olemosaic.com\/producto\/bol-de-ceramica-de-9-cm-salamandra-mallorca-beige\/"},"modified":"2025-07-25T19:52:36","modified_gmt":"2025-07-25T17:52:36","slug":"taca-de-ceramica-de-9-cm-salamandra-maiorca-bege","status":"publish","type":"product","link":"https:\/\/olemosaic.com\/pt-pt\/produto\/taca-de-ceramica-de-9-cm-salamandra-maiorca-bege\/","title":{"rendered":"Ta\u00e7a de cer\u00e2mica de 9 cm. Salamandra. Maiorca. Bege"},"content":{"rendered":"<p>Esta ta\u00e7a de cer\u00e2mica de 9 cm \u00e9 uma aut\u00eantica joia da artesania de Maiorca, ideal tanto para servir aperitivos como para decorar. O seu design alegre apresenta encantadoras salamandras pintadas \u00e0 m\u00e3o, que simbolizam a vibrante fauna da ilha, dan\u00e7ando pela sua superf\u00edcie. O fundo bege da ta\u00e7a contrasta na perfei\u00e7\u00e3o, real\u00e7ando os detalhes em azul, vermelho e verde, que evocam o sol e a natureza mediterr\u00e2nica. Na parte superior, a palavra &#8220;MALLORCA&#8221; destaca-se com uma tipografia festiva, convertendo esta ta\u00e7a numa recorda\u00e7\u00e3o \u00fanica que captura a ess\u00eancia cultural da ilha.<\/p>\n<p>Este produto n\u00e3o s\u00f3 celebra a riqueza do folclore de Maiorca, como tamb\u00e9m \u00e9 um exemplo do meticuloso trabalho artesanal que caracteriza a cer\u00e2mica local. Ao adquirir esta ta\u00e7a, os turistas levam um peda\u00e7o de Maiorca, recordando as suas paisagens e tradi\u00e7\u00f5es. Na Ol\u00e9 Mosaic, distribu\u00edmos por grosso este tipo de lembran\u00e7as de cer\u00e2mica, oferecendo uma cole\u00e7\u00e3o aut\u00eantica e colorida que real\u00e7a a identidade \u00fanica de Maiorca. Sem d\u00favida, esta ta\u00e7a de salamandras \u00e9 uma excelente op\u00e7\u00e3o para lojas de presentes tur\u00edsticos que procuram produtos que representem com orgulho a cultura local.<\/p>\n","protected":false},"excerpt":{"rendered":"<p>Ta\u00e7a de cer\u00e2mica de 9 cm decorada com alegres salamandras, que representam a ess\u00eancia de Maiorca. Esta encantadora ta\u00e7a, de design artesanal e pintada \u00e0 m\u00e3o, apresenta um fundo bege com coloridos detalhes em azul, vermelho e verde, al\u00e9m de motivos florais em tons vivos. A palavra &#8220;MALLORCA&#8221; destaca-se na parte superior, tornando esta pe\u00e7a uma recorda\u00e7\u00e3o \u00fanica que captura a beleza e o folclore da ilha. Ideal para servir aperitivos ou como objeto decorativo.<\/p>\n","protected":false},"featured_media":7147,"template":"","meta":{"_acf_changed":false},"product_brand":[],"product_cat":[513],"product_tag":[516,515],"class_list":{"0":"post-28283","1":"product","2":"type-product","3":"status-publish","4":"has-post-thumbnail","6":"product_cat-bols","7":"product_tag-animais","8":"product_tag-ceramica","9":"pa_ciudad-mallorca","10":"pa_motivo-salamandras","11":"pa_pais-espana","13":"first","14":"instock","15":"shipping-taxable","16":"product-type-simple"},"acf":[],"_links":{"self":[{"href":"https:\/\/olemosaic.com\/pt-pt\/wp-json\/wp\/v2\/product\/28283","targetHints":{"allow":["GET"]}}],"collection":[{"href":"https:\/\/olemosaic.com\/pt-pt\/wp-json\/wp\/v2\/product"}],"about":[{"href":"https:\/\/olemosaic.com\/pt-pt\/wp-json\/wp\/v2\/types\/product"}],"wp:featuredmedia":[{"embeddable":true,"href":"https:\/\/olemosaic.com\/pt-pt\/wp-json\/wp\/v2\/media\/7147"}],"wp:attachment":[{"href":"https:\/\/olemosaic.com\/pt-pt\/wp-json\/wp\/v2\/media?parent=28283"}],"wp:term":[{"taxonomy":"product_brand","embeddable":true,"href":"https:\/\/olemosaic.com\/pt-pt\/wp-json\/wp\/v2\/product_brand?post=28283"},{"taxonomy":"product_cat","embeddable":true,"href":"https:\/\/olemosaic.com\/pt-pt\/wp-json\/wp\/v2\/product_cat?post=28283"},{"taxonomy":"product_tag","embeddable":true,"href":"https:\/\/olemosaic.com\/pt-pt\/wp-json\/wp\/v2\/product_tag?post=28283"}],"curies":[{"name":"wp","href":"https:\/\/api.w.org\/{rel}","templated":true}]}}