{"id":28282,"date":"2025-02-20T23:29:34","date_gmt":"2025-02-20T22:29:34","guid":{"rendered":"http:\/\/olemosaic.com\/producto\/bol-de-ceramica-de-9-cm-punt-de-trobada-beige\/"},"modified":"2025-07-25T19:14:58","modified_gmt":"2025-07-25T17:14:58","slug":"taca-de-ceramica-de-9-cm-ponto-de-encontro-bege","status":"publish","type":"product","link":"https:\/\/olemosaic.com\/pt-pt\/produto\/taca-de-ceramica-de-9-cm-ponto-de-encontro-bege\/","title":{"rendered":"Ta\u00e7a de cer\u00e2mica de 9 cm. Ponto de encontro. Bege"},"content":{"rendered":"<p>Esta ta\u00e7a de cer\u00e2mica de 9 cm \u00e9 uma aut\u00eantica joia artesanal, ideal para os amantes da arte e da cultura mediterr\u00e2nica. Decorada com vibrantes motivos de mosaico colorido, cada pe\u00e7a \u00e9 completamente pintada \u00e0 m\u00e3o, o que garante a sua singularidade. O seu interior, de um verde brilhante, real\u00e7a o design exterior, que combina formas e cores em preto, vermelho, azul e verde sobre um fundo bege que evoca a luz e o calor da regi\u00e3o. Os padr\u00f5es abstratos e naturais presentes nesta obra s\u00e3o uma celebra\u00e7\u00e3o da arte tradicional espanhola, seguindo a rica heran\u00e7a dos mosaicos que adornam os edif\u00edcios e espa\u00e7os p\u00fablicos de cidades como Barcelona e Granada.<\/p>\n<p>Esta ta\u00e7a n\u00e3o s\u00f3 \u00e9 ideal para servir aperitivos, como tamb\u00e9m pode funcionar como uma bela pe\u00e7a decorativa que transporta os seus utilizadores para a ess\u00eancia da criatividade e da arte da regi\u00e3o. Ao escolher esta recorda\u00e7\u00e3o, os turistas n\u00e3o levam apenas um objeto funcional, mas tamb\u00e9m uma por\u00e7\u00e3o do patrim\u00f3nio cultural espanhol, que pode ser exibida com orgulho em qualquer casa.<\/p>\n<p>Na Ol\u00e9 Mosaic, especializados na distribui\u00e7\u00e3o de recorda\u00e7\u00f5es por grosso, oferecemos artigos aut\u00eanticos que destacam a rica tradi\u00e7\u00e3o cultural de Espanha. Esta ta\u00e7a de cer\u00e2mica \u00e9 uma excelente op\u00e7\u00e3o para lojas de presentes tur\u00edsticos que procuram algo especial e representativo da arte deste pa\u00eds, sendo um verdadeiro s\u00edmbolo de recorda\u00e7\u00f5es de cer\u00e2mica que encantar\u00e1 a todos.<\/p>\n","protected":false},"excerpt":{"rendered":"<p>Ta\u00e7a de cer\u00e2mica de 9 cm decorada com vibrantes motivos de mosaico de cores, que representam elementos abstratos e naturais. O interior, de um verde brilhante, real\u00e7a o design exterior, onde se combinam formas e cores em preto, vermelho, azul e verde sobre um fundo bege. Este artigo, de design artesanal e pintado \u00e0 m\u00e3o, \u00e9 ideal para servir aperitivos ou como pe\u00e7a decorativa, evocando a criatividade e a arte da regi\u00e3o.<\/p>\n","protected":false},"featured_media":10048,"template":"","meta":{"_acf_changed":false},"product_brand":[],"product_cat":[513],"product_tag":[515],"class_list":{"0":"post-28282","1":"product","2":"type-product","3":"status-publish","4":"has-post-thumbnail","6":"product_cat-bols","7":"product_tag-ceramica","8":"pa_motivo-punt-de-trobada","10":"first","11":"instock","12":"shipping-taxable","13":"product-type-simple"},"acf":[],"_links":{"self":[{"href":"https:\/\/olemosaic.com\/pt-pt\/wp-json\/wp\/v2\/product\/28282","targetHints":{"allow":["GET"]}}],"collection":[{"href":"https:\/\/olemosaic.com\/pt-pt\/wp-json\/wp\/v2\/product"}],"about":[{"href":"https:\/\/olemosaic.com\/pt-pt\/wp-json\/wp\/v2\/types\/product"}],"wp:featuredmedia":[{"embeddable":true,"href":"https:\/\/olemosaic.com\/pt-pt\/wp-json\/wp\/v2\/media\/10048"}],"wp:attachment":[{"href":"https:\/\/olemosaic.com\/pt-pt\/wp-json\/wp\/v2\/media?parent=28282"}],"wp:term":[{"taxonomy":"product_brand","embeddable":true,"href":"https:\/\/olemosaic.com\/pt-pt\/wp-json\/wp\/v2\/product_brand?post=28282"},{"taxonomy":"product_cat","embeddable":true,"href":"https:\/\/olemosaic.com\/pt-pt\/wp-json\/wp\/v2\/product_cat?post=28282"},{"taxonomy":"product_tag","embeddable":true,"href":"https:\/\/olemosaic.com\/pt-pt\/wp-json\/wp\/v2\/product_tag?post=28282"}],"curies":[{"name":"wp","href":"https:\/\/api.w.org\/{rel}","templated":true}]}}