{"id":28246,"date":"2025-02-20T22:29:33","date_gmt":"2025-02-20T22:29:33","guid":{"rendered":"http:\/\/olemosaic.com\/producto\/bol-de-ceramica-de-20-cm-panoramica-barcelona-beige\/"},"modified":"2025-07-25T19:54:09","modified_gmt":"2025-07-25T17:54:09","slug":"taca-de-ceramica-de-20-cm-panoramica-barcelona-bege","status":"publish","type":"product","link":"https:\/\/olemosaic.com\/pt-pt\/produto\/taca-de-ceramica-de-20-cm-panoramica-barcelona-bege\/","title":{"rendered":"Ta\u00e7a de cer\u00e2mica de 20 cm. Panor\u00e2mica. Barcelona. Bege"},"content":{"rendered":"<p>Esta ta\u00e7a de cer\u00e2mica de 20 cm \u00e9 uma recorda\u00e7\u00e3o excecional que capta a ess\u00eancia vibrante de Barcelona, uma cidade famosa pela sua arquitetura singular e pela sua rica heran\u00e7a cultural. Com um design contempor\u00e2neo e estilizado, a ta\u00e7a \u00e9 de uma elegante cor bege, adornada com uma panor\u00e2mica que destaca monumentos ic\u00f3nicos como a Sagrada Fam\u00edlia e o colorido Parque G\u00fcell, representados numa explos\u00e3o de cores que evocam a diversidade art\u00edstica da cidade. Os detalhes intrincados e as iconografias das suas estruturas emblem\u00e1ticas destacam-se pela sua qualidade e realismo, tornando-a uma homenagem visual \u00e0 criatividade de Antoni Gaud\u00ed, um dos maiores expoentes do modernismo catal\u00e3o.<\/p>\n<p>O rebordo vermelho da ta\u00e7a acrescenta um toque de sofistica\u00e7\u00e3o, tornando-a uma pe\u00e7a decorativa ideal para qualquer casa. Esta ta\u00e7a n\u00e3o \u00e9 apenas perfeita para o uso quotidiano, mas tamb\u00e9m serve como um espetacular elemento decorativo que transporta quem a contempla para as ruas e pra\u00e7as de Barcelona. Como recorda\u00e7\u00e3o t\u00edpica, representa uma excelente escolha para os turistas que procuram levar um peda\u00e7o da cultura catal\u00e3. Na Ol\u00e9 Mosaic, oferecemos esta e outras recorda\u00e7\u00f5es de cer\u00e2mica por grosso, assegurando autenticidade e qualidade em cada pe\u00e7a. Esta ta\u00e7a de cer\u00e2mica \u00e9 uma op\u00e7\u00e3o ideal para lojas de presentes tur\u00edsticos que desejam enriquecer a sua oferta com produtos que celebram a rica heran\u00e7a cultural desta vibrante cidade.<\/p>\n","protected":false},"excerpt":{"rendered":"<p>Ta\u00e7a de cer\u00e2mica de 20 cm com uma panor\u00e2mica vibrante de Barcelona que mostra estruturas ic\u00f3nicas como a Sagrada Fam\u00edlia e o Parque G\u00fcell. Esta elegante ta\u00e7a bege, adornada com detalhes coloridos num estilo art\u00edstico contempor\u00e2neo, apresenta motivos distintivos que celebram a rica cultura da cidade. O rebordo vermelho acrescenta um toque de sofistica\u00e7\u00e3o, tornando-a um elemento decorativo perfeito para qualquer casa. Ideal como recorda\u00e7\u00e3o ou para o uso di\u00e1rio.<\/p>\n","protected":false},"featured_media":7704,"template":"","meta":{"_acf_changed":false},"product_brand":[],"product_cat":[513],"product_tag":[515],"class_list":{"0":"post-28246","1":"product","2":"type-product","3":"status-publish","4":"has-post-thumbnail","6":"product_cat-bols","7":"product_tag-ceramica","8":"pa_ciudad-barcelona","9":"pa_motivo-panoramas","10":"pa_pais-espana","12":"first","13":"instock","14":"shipping-taxable","15":"product-type-simple"},"acf":[],"_links":{"self":[{"href":"https:\/\/olemosaic.com\/pt-pt\/wp-json\/wp\/v2\/product\/28246","targetHints":{"allow":["GET"]}}],"collection":[{"href":"https:\/\/olemosaic.com\/pt-pt\/wp-json\/wp\/v2\/product"}],"about":[{"href":"https:\/\/olemosaic.com\/pt-pt\/wp-json\/wp\/v2\/types\/product"}],"wp:featuredmedia":[{"embeddable":true,"href":"https:\/\/olemosaic.com\/pt-pt\/wp-json\/wp\/v2\/media\/7704"}],"wp:attachment":[{"href":"https:\/\/olemosaic.com\/pt-pt\/wp-json\/wp\/v2\/media?parent=28246"}],"wp:term":[{"taxonomy":"product_brand","embeddable":true,"href":"https:\/\/olemosaic.com\/pt-pt\/wp-json\/wp\/v2\/product_brand?post=28246"},{"taxonomy":"product_cat","embeddable":true,"href":"https:\/\/olemosaic.com\/pt-pt\/wp-json\/wp\/v2\/product_cat?post=28246"},{"taxonomy":"product_tag","embeddable":true,"href":"https:\/\/olemosaic.com\/pt-pt\/wp-json\/wp\/v2\/product_tag?post=28246"}],"curies":[{"name":"wp","href":"https:\/\/api.w.org\/{rel}","templated":true}]}}