{"id":28245,"date":"2025-02-20T23:29:33","date_gmt":"2025-02-20T22:29:33","guid":{"rendered":"http:\/\/olemosaic.com\/producto\/bol-de-ceramica-de-17-cm-salamandra-barcelona-beige\/"},"modified":"2025-07-25T19:43:16","modified_gmt":"2025-07-25T17:43:16","slug":"taca-de-ceramica-de-17-cm-salamandra-barcelona-bege","status":"publish","type":"product","link":"https:\/\/olemosaic.com\/pt-pt\/produto\/taca-de-ceramica-de-17-cm-salamandra-barcelona-bege\/","title":{"rendered":"Ta\u00e7a de cer\u00e2mica de 17 cm. Salamandra. Barcelona. Bege"},"content":{"rendered":"<p>Esta ta\u00e7a de cer\u00e2mica de 17 cm est\u00e1 decorada com salamandras coloridas, um s\u00edmbolo emblem\u00e1tico de Barcelona. O seu design pintado \u00e0 m\u00e3o destaca-se sobre um fundo bege que real\u00e7a as ilustra\u00e7\u00f5es vivas em azul, vermelho e verde, evocando o famoso estilo mosaico da obra de Antoni Gaud\u00ed. Nesta ta\u00e7a, as salamandras, rodeadas de delicadas flores decorativas, parecem ganhar vida, refletindo a vibrante cultura catal\u00e3. O interior da ta\u00e7a \u00e9 de uma cor vermelha intensa, criando um contraste atraente que acrescenta profundidade e car\u00e1cter \u00e0 pe\u00e7a.<\/p>\n<p>Esta ta\u00e7a n\u00e3o \u00e9 apenas funcional, mas tamb\u00e9m uma recorda\u00e7\u00e3o aut\u00eantica de Barcelona, ideal para quem procura levar um peda\u00e7o da cultura local para as suas casas. Uma pe\u00e7a \u00fanica que funde arte e tradi\u00e7\u00e3o, transmitindo a beleza do ambiente urbano de Barcelona e a sua rica heran\u00e7a art\u00edstica. A representa\u00e7\u00e3o das salamandras, um s\u00edmbolo de renova\u00e7\u00e3o e criatividade, liga os turistas ao esp\u00edrito inovador da cidade.<\/p>\n<p>Na Ol\u00e9 Mosaic, esfor\u00e7amo-nos por oferecer recorda\u00e7\u00f5es representativas que captam a ess\u00eancia de Espanha, e esta ta\u00e7a de cer\u00e2mica destaca-se como uma excelente op\u00e7\u00e3o para lojas de presentes tur\u00edsticos que desejam oferecer produtos aut\u00eanticos e relevantes. Como grossistas de cer\u00e2mica, garantimos qualidade e autenticidade em cada uma das nossas pe\u00e7as.<\/p>\n","protected":false},"excerpt":{"rendered":"<p>Ta\u00e7a de cer\u00e2mica de 17 cm decorada com salamandras coloridas, um s\u00edmbolo atraente de Barcelona. Esta encantadora ta\u00e7a, de design artesanal e pintada \u00e0 m\u00e3o, apresenta um fundo bege com ilustra\u00e7\u00f5es vibrantes de salamandras em estilo mosaico, em tons de azul, vermelho e verde, acompanhadas de flores decorativas. O interior da ta\u00e7a \u00e9 de um vermelho intenso, criando um contraste atraente. Ideal para adicionar um toque cultural e art\u00edstico \u00e0 sua casa.<\/p>\n","protected":false},"featured_media":7539,"template":"","meta":{"_acf_changed":false},"product_brand":[],"product_cat":[513],"product_tag":[516,515],"class_list":{"0":"post-28245","1":"product","2":"type-product","3":"status-publish","4":"has-post-thumbnail","6":"product_cat-bols","7":"product_tag-animais","8":"product_tag-ceramica","9":"pa_ciudad-barcelona","10":"pa_motivo-salamandras","11":"pa_pais-espana","13":"first","14":"instock","15":"shipping-taxable","16":"product-type-simple"},"acf":[],"_links":{"self":[{"href":"https:\/\/olemosaic.com\/pt-pt\/wp-json\/wp\/v2\/product\/28245","targetHints":{"allow":["GET"]}}],"collection":[{"href":"https:\/\/olemosaic.com\/pt-pt\/wp-json\/wp\/v2\/product"}],"about":[{"href":"https:\/\/olemosaic.com\/pt-pt\/wp-json\/wp\/v2\/types\/product"}],"wp:featuredmedia":[{"embeddable":true,"href":"https:\/\/olemosaic.com\/pt-pt\/wp-json\/wp\/v2\/media\/7539"}],"wp:attachment":[{"href":"https:\/\/olemosaic.com\/pt-pt\/wp-json\/wp\/v2\/media?parent=28245"}],"wp:term":[{"taxonomy":"product_brand","embeddable":true,"href":"https:\/\/olemosaic.com\/pt-pt\/wp-json\/wp\/v2\/product_brand?post=28245"},{"taxonomy":"product_cat","embeddable":true,"href":"https:\/\/olemosaic.com\/pt-pt\/wp-json\/wp\/v2\/product_cat?post=28245"},{"taxonomy":"product_tag","embeddable":true,"href":"https:\/\/olemosaic.com\/pt-pt\/wp-json\/wp\/v2\/product_tag?post=28245"}],"curies":[{"name":"wp","href":"https:\/\/api.w.org\/{rel}","templated":true}]}}