{"id":28244,"date":"2025-02-20T23:29:33","date_gmt":"2025-02-20T22:29:33","guid":{"rendered":"http:\/\/olemosaic.com\/producto\/bol-de-ceramica-de-17-cm-salamandra-mallorca-beige\/"},"modified":"2025-07-25T19:52:42","modified_gmt":"2025-07-25T17:52:42","slug":"taca-de-ceramica-de-17-cm-salamandra-maiorca-bege","status":"publish","type":"product","link":"https:\/\/olemosaic.com\/pt-pt\/produto\/taca-de-ceramica-de-17-cm-salamandra-maiorca-bege\/","title":{"rendered":"Ta\u00e7a de cer\u00e2mica de 17 cm. Salamandra. Maiorca. Bege"},"content":{"rendered":"<p>Esta ta\u00e7a de cer\u00e2mica de 17 cm \u00e9 uma explos\u00e3o de cor e design, ideal para levar um peda\u00e7o de Maiorca para sua casa. Decorada com um motivo encantador de salamandras, esta pe\u00e7a \u00fanica reflete a beleza da fauna de Maiorca. O seu fundo bege serve de tela perfeita para real\u00e7ar os r\u00e9pteis vibrantes, que brilham em tons de azul, vermelho e verde, intercalados com delicados detalhes florais que acrescentam um toque de eleg\u00e2ncia artesanal. A palavra &#8220;MALLORCA&#8221;, tamb\u00e9m com efeito pintado \u00e0 m\u00e3o em cores vivas, adorna a parte exterior da ta\u00e7a, tornando-a uma recorda\u00e7\u00e3o aut\u00eantica da ilha.<\/p>\n<p>Cada ta\u00e7a \u00e9 o resultado de um meticuloso processo artesanal que garante a sua individualidade e qualidade. A liga\u00e7\u00e3o cultural entre este produto e Maiorca manifesta-se n\u00e3o s\u00f3 no seu design, mas tamb\u00e9m na sua capacidade de evocar o calor e o esp\u00edrito mediterr\u00e2nico. Ideal para o uso di\u00e1rio ou como pe\u00e7a decorativa, esta ta\u00e7a \u00e9 a recorda\u00e7\u00e3o perfeita para os turistas que procuram uma lembran\u00e7a representativa da sua visita \u00e0 ilha. Na Ol\u00e9 Mosaic, orgulhamo-nos de ser distribuidores de recorda\u00e7\u00f5es aut\u00eanticas, oferecendo a lojas de presentes tur\u00edsticos uma cole\u00e7\u00e3o de artigos que celebram a rica cultura e as tradi\u00e7\u00f5es locais. Esta ta\u00e7a de cer\u00e2mica n\u00e3o \u00e9 apenas uma excelente op\u00e7\u00e3o para quem deseja um toque de Maiorca, mas tamb\u00e9m uma representa\u00e7\u00e3o fiel da beleza e da diversidade da arte artesanal espanhola, perfeita para qualquer casa.<\/p>\n","protected":false},"excerpt":{"rendered":"<p>Ta\u00e7a de cer\u00e2mica de 17 cm, decorada com um design atraente de salamandras inspirado na fauna de Maiorca. Esta pe\u00e7a \u00fanica apresenta um fundo bege com r\u00e9pteis coloridos em tons de azul, vermelho e verde, juntamente com detalhes florais, tudo com design artesanal, pintado \u00e0 m\u00e3o. A palavra &#8220;MALLORCA&#8221;, tamb\u00e9m em cores vibrantes, adorna o exterior, complementando a sua t\u00e9cnica artesanal. Ideal para adicionar um toque mediterr\u00e2nico a qualquer casa.<\/p>\n","protected":false},"featured_media":7718,"template":"","meta":{"_acf_changed":false},"product_brand":[],"product_cat":[513],"product_tag":[516,515],"class_list":{"0":"post-28244","1":"product","2":"type-product","3":"status-publish","4":"has-post-thumbnail","6":"product_cat-bols","7":"product_tag-animais","8":"product_tag-ceramica","9":"pa_ciudad-mallorca","10":"pa_motivo-salamandras","11":"pa_pais-espana","13":"first","14":"instock","15":"shipping-taxable","16":"product-type-simple"},"acf":[],"_links":{"self":[{"href":"https:\/\/olemosaic.com\/pt-pt\/wp-json\/wp\/v2\/product\/28244","targetHints":{"allow":["GET"]}}],"collection":[{"href":"https:\/\/olemosaic.com\/pt-pt\/wp-json\/wp\/v2\/product"}],"about":[{"href":"https:\/\/olemosaic.com\/pt-pt\/wp-json\/wp\/v2\/types\/product"}],"wp:featuredmedia":[{"embeddable":true,"href":"https:\/\/olemosaic.com\/pt-pt\/wp-json\/wp\/v2\/media\/7718"}],"wp:attachment":[{"href":"https:\/\/olemosaic.com\/pt-pt\/wp-json\/wp\/v2\/media?parent=28244"}],"wp:term":[{"taxonomy":"product_brand","embeddable":true,"href":"https:\/\/olemosaic.com\/pt-pt\/wp-json\/wp\/v2\/product_brand?post=28244"},{"taxonomy":"product_cat","embeddable":true,"href":"https:\/\/olemosaic.com\/pt-pt\/wp-json\/wp\/v2\/product_cat?post=28244"},{"taxonomy":"product_tag","embeddable":true,"href":"https:\/\/olemosaic.com\/pt-pt\/wp-json\/wp\/v2\/product_tag?post=28244"}],"curies":[{"name":"wp","href":"https:\/\/api.w.org\/{rel}","templated":true}]}}