{"id":28243,"date":"2025-02-20T23:29:33","date_gmt":"2025-02-20T22:29:33","guid":{"rendered":"http:\/\/olemosaic.com\/producto\/bol-de-ceramica-de-14-cm-la-alhambra-granada-beige\/"},"modified":"2025-07-25T20:03:37","modified_gmt":"2025-07-25T18:03:37","slug":"taca-de-ceramica-de-14-cm-alhambra-granada-bege","status":"publish","type":"product","link":"https:\/\/olemosaic.com\/pt-pt\/produto\/taca-de-ceramica-de-14-cm-alhambra-granada-bege\/","title":{"rendered":"Ta\u00e7a de cer\u00e2mica de 14 cm. Alhambra. Granada. Bege"},"content":{"rendered":"<p>Esta ta\u00e7a de cer\u00e2mica de 14 cm, inspirada na majestosa Alhambra de Granada, \u00e9 um exemplo perfeito da arte decorativa espanhola. O seu design vibrante e colorido apresenta uma representa\u00e7\u00e3o cuidada da panor\u00e2mica da Alhambra, destacando as suas torres ic\u00f3nicas e jardins exuberantes, tudo meticulosamente pintado \u00e0 m\u00e3o. A base bege real\u00e7a os detalhes intrincados da ilustra\u00e7\u00e3o, enquanto o rebordo vermelho acrescenta um toque de eleg\u00e2ncia e distin\u00e7\u00e3o. O texto decorativo &#8220;La Alhambra&#8221; e &#8220;Granada&#8221; est\u00e1 disposto com um estilo atraente que complementa o design geral, tornando-a uma pe\u00e7a de conversa ideal para qualquer casa.<\/p>\n<p>Esta ta\u00e7a n\u00e3o cumpre apenas uma fun\u00e7\u00e3o pr\u00e1tica, mas tamb\u00e9m atua como um lembrete tang\u00edvel da rica heran\u00e7a cultural granadina. A Alhambra, declarada Patrim\u00f3nio da Humanidade pela UNESCO, \u00e9 um s\u00edmbolo da hist\u00f3ria e da influ\u00eancia \u00e1rabe em Espanha, e esta ta\u00e7a capta a sua ess\u00eancia de forma requintada. Na Ol\u00e9 Mosaic, oferecemos esta preciosa recorda\u00e7\u00e3o de Granada como um artigo exclusivo que certamente encantar\u00e1 os visitantes e turistas que procuram levar um peda\u00e7o da rica hist\u00f3ria cultural de Espanha. Perfeito para lojas de presentes tur\u00edsticos e grossistas de recorda\u00e7\u00f5es, esta ta\u00e7a de cer\u00e2mica \u00e9 uma escolha aut\u00eantica e representativa da regi\u00e3o, ideal para quem valoriza o artesanato e o legado cultural.<\/p>\n","protected":false},"excerpt":{"rendered":"<p>Ta\u00e7a de cer\u00e2mica de 14 cm inspirada na Alhambra, um emblema de Granada. Esta elegante ta\u00e7a apresenta um design colorido com a majestosa panor\u00e2mica da Alhambra, destacando as suas torres e jardins ic\u00f3nicos, tudo com um acabamento de design artesanal, pintado \u00e0 m\u00e3o. A base bege \u00e9 complementada por um rebordo vermelho, e o texto &#8220;La Alhambra&#8221; e &#8220;Granada&#8221; \u00e9 exibido com um atraente estilo decorativo. Ideal para adicionar um toque cultural \u00e0 sua casa.<\/p>\n","protected":false},"featured_media":7517,"template":"","meta":{"_acf_changed":false},"product_brand":[],"product_cat":[513],"product_tag":[515],"class_list":{"0":"post-28243","1":"product","2":"type-product","3":"status-publish","4":"has-post-thumbnail","6":"product_cat-bols","7":"product_tag-ceramica","8":"pa_ciudad-granada","9":"pa_motivo-a-alhambra","10":"pa_pais-espana","12":"first","13":"instock","14":"shipping-taxable","15":"product-type-simple"},"acf":[],"_links":{"self":[{"href":"https:\/\/olemosaic.com\/pt-pt\/wp-json\/wp\/v2\/product\/28243","targetHints":{"allow":["GET"]}}],"collection":[{"href":"https:\/\/olemosaic.com\/pt-pt\/wp-json\/wp\/v2\/product"}],"about":[{"href":"https:\/\/olemosaic.com\/pt-pt\/wp-json\/wp\/v2\/types\/product"}],"wp:featuredmedia":[{"embeddable":true,"href":"https:\/\/olemosaic.com\/pt-pt\/wp-json\/wp\/v2\/media\/7517"}],"wp:attachment":[{"href":"https:\/\/olemosaic.com\/pt-pt\/wp-json\/wp\/v2\/media?parent=28243"}],"wp:term":[{"taxonomy":"product_brand","embeddable":true,"href":"https:\/\/olemosaic.com\/pt-pt\/wp-json\/wp\/v2\/product_brand?post=28243"},{"taxonomy":"product_cat","embeddable":true,"href":"https:\/\/olemosaic.com\/pt-pt\/wp-json\/wp\/v2\/product_cat?post=28243"},{"taxonomy":"product_tag","embeddable":true,"href":"https:\/\/olemosaic.com\/pt-pt\/wp-json\/wp\/v2\/product_tag?post=28243"}],"curies":[{"name":"wp","href":"https:\/\/api.w.org\/{rel}","templated":true}]}}