{"id":28242,"date":"2025-02-20T22:29:33","date_gmt":"2025-02-20T22:29:33","guid":{"rendered":"http:\/\/olemosaic.com\/producto\/bol-de-ceramica-de-14-cm-mosaico-barcelona-blanco\/"},"modified":"2025-07-25T20:25:36","modified_gmt":"2025-07-25T18:25:36","slug":"taca-de-ceramica-de-14-cm-mosaico-barcelona-branco","status":"publish","type":"product","link":"https:\/\/olemosaic.com\/pt-pt\/produto\/taca-de-ceramica-de-14-cm-mosaico-barcelona-branco\/","title":{"rendered":"Ta\u00e7a de cer\u00e2mica de 14 cm. Mosaico. Barcelona. Branco"},"content":{"rendered":"<p>Esta ta\u00e7a de cer\u00e2mica de 14 cm, decorada com um mosaico vibrante, \u00e9 uma pe\u00e7a emblem\u00e1tica que capta a ess\u00eancia dos tradicionais azulejos de Barcelona. O seu design colorido combina tons de azul, laranja e vermelho, criando um efeito visual cativante que evoca a rica heran\u00e7a cultural da cidade. No rebordo superior, um acabamento brilhante em vermelho confere um toque moderno, enquanto o texto &#8220;Barcelona&#8221; \u00e9 apresentado com uma tipografia contempor\u00e2nea, ideal para quem deseja levar um peda\u00e7o da cidade consigo.<\/p>\n<p>O mosaico n\u00e3o \u00e9 apenas esteticamente atraente, mas tamb\u00e9m representa a fus\u00e3o de tradi\u00e7\u00e3o e modernidade que caracteriza Barcelona, famosa pela sua arquitetura e arte \u00fanicas. Esta ta\u00e7a \u00e9 perfeita tanto para servir aperitivos como para adornar uma mesa, tornando-se um elemento decorativo que atrair\u00e1 todos os olhares. A liga\u00e7\u00e3o cultural que esta recorda\u00e7\u00e3o estabelece torna-a um excelente presente para turistas e amantes da cultura catal\u00e3.<\/p>\n<p>Na Ol\u00e9 Mosaic, esfor\u00e7amo-nos por oferecer recorda\u00e7\u00f5es aut\u00eanticas e de qualidade por grosso, como esta ta\u00e7a de cer\u00e2mica, ideal para lojas de presentes tur\u00edsticos. Esta ta\u00e7a de mosaico de Barcelona n\u00e3o \u00e9 apenas uma op\u00e7\u00e3o funcional, mas tamb\u00e9m uma recorda\u00e7\u00e3o representativa que permite aos visitantes levar um peda\u00e7o da vibrante vida e cultura desta cidade. Como distribuidores de produtos t\u00edpicos, garantimos a autenticidade e o design atraente em cada uma das nossas pe\u00e7as.<\/p>\n","protected":false},"excerpt":{"rendered":"<p>Ta\u00e7a de cer\u00e2mica de 14 cm decorada com um mosaico vibrante inspirado nos tradicionais azulejos de Barcelona. Este produto apresenta um design colorido que combina tons de azul, laranja e vermelho, complementado com a palavra &#8220;Barcelona&#8221; escrita num estilo moderno. Com um acabamento brilhante e um rebordo interior vermelho, \u00e9 ideal para adicionar um toque de estilo \u00e0 sua mesa ou como pe\u00e7a decorativa. Perfeito para os amantes da cultura catal\u00e3.<\/p>\n","protected":false},"featured_media":11171,"template":"","meta":{"_acf_changed":false},"product_brand":[],"product_cat":[513],"product_tag":[515],"class_list":{"0":"post-28242","1":"product","2":"type-product","3":"status-publish","4":"has-post-thumbnail","6":"product_cat-bols","7":"product_tag-ceramica","8":"pa_ciudad-barcelona","9":"pa_motivo-mosaico","10":"pa_pais-espana","12":"first","13":"instock","14":"shipping-taxable","15":"product-type-simple"},"acf":[],"_links":{"self":[{"href":"https:\/\/olemosaic.com\/pt-pt\/wp-json\/wp\/v2\/product\/28242","targetHints":{"allow":["GET"]}}],"collection":[{"href":"https:\/\/olemosaic.com\/pt-pt\/wp-json\/wp\/v2\/product"}],"about":[{"href":"https:\/\/olemosaic.com\/pt-pt\/wp-json\/wp\/v2\/types\/product"}],"wp:featuredmedia":[{"embeddable":true,"href":"https:\/\/olemosaic.com\/pt-pt\/wp-json\/wp\/v2\/media\/11171"}],"wp:attachment":[{"href":"https:\/\/olemosaic.com\/pt-pt\/wp-json\/wp\/v2\/media?parent=28242"}],"wp:term":[{"taxonomy":"product_brand","embeddable":true,"href":"https:\/\/olemosaic.com\/pt-pt\/wp-json\/wp\/v2\/product_brand?post=28242"},{"taxonomy":"product_cat","embeddable":true,"href":"https:\/\/olemosaic.com\/pt-pt\/wp-json\/wp\/v2\/product_cat?post=28242"},{"taxonomy":"product_tag","embeddable":true,"href":"https:\/\/olemosaic.com\/pt-pt\/wp-json\/wp\/v2\/product_tag?post=28242"}],"curies":[{"name":"wp","href":"https:\/\/api.w.org\/{rel}","templated":true}]}}