{"id":28216,"date":"2025-02-20T22:29:32","date_gmt":"2025-02-20T22:29:32","guid":{"rendered":"http:\/\/olemosaic.com\/producto\/bol-de-ceramica-de-14-cm-salamandra-y-flores-barcelona-blanco\/"},"modified":"2025-07-25T19:33:58","modified_gmt":"2025-07-25T17:33:58","slug":"taca-de-ceramica-de-14-cm-salamandra-e-flores-barcelona-branco","status":"publish","type":"product","link":"https:\/\/olemosaic.com\/pt-pt\/produto\/taca-de-ceramica-de-14-cm-salamandra-e-flores-barcelona-branco\/","title":{"rendered":"Ta\u00e7a de cer\u00e2mica de 14 cm. Salamandra e flores. Barcelona. Branco"},"content":{"rendered":"<p>Esta ta\u00e7a de cer\u00e2mica de 14 cm, decorada com um vibrante design de salamandras e flores, captura a ess\u00eancia de Barcelona em cada detalhe. Com um delicado fundo branco que apresenta um efeito de mosaico, a ta\u00e7a exibe r\u00e9pteis coloridos em diversos tons, complementados por flores multicoloridas que adicionam um toque festivo e alegre. Na parte superior da ta\u00e7a, destaca-se a palavra &#8220;Barcelona&#8221;, que sublinha a sua liga\u00e7\u00e3o cultural com a capital catal\u00e3 e evoca a rica heran\u00e7a art\u00edstica da cidade.<\/p>\n<p>Perfeita tanto para o uso di\u00e1rio como para adornar qualquer ambiente, esta ta\u00e7a n\u00e3o \u00e9 apenas funcional, mas tamb\u00e9m serve como um atraente elemento decorativo que recorda o ic\u00f3nico estilo modernista barcelon\u00eas. As salamandras, que simbolizam a criatividade e a adapta\u00e7\u00e3o, s\u00e3o um design recorrente na arte da cidade, representando a fus\u00e3o do patrim\u00f3nio cultural e da modernidade que caracteriza Barcelona.<\/p>\n<p>Na Ol\u00e9 Mosaic, dedicamo-mo-nos \u00e0 distribui\u00e7\u00e3o de souvenirs por grosso, e esta ta\u00e7a de cer\u00e2mica \u00e9 uma excelente op\u00e7\u00e3o para lojas de presentes tur\u00edsticos que procuram produtos aut\u00eanticos e de qualidade. \u00c9 uma recorda\u00e7\u00e3o ideal que permite aos visitantes levar um peda\u00e7o de Barcelona, funcionando como uma lembran\u00e7a \u00fanica que celebra a beleza e a diversidade cultural da regi\u00e3o.<\/p>\n","protected":false},"excerpt":{"rendered":"<p>Ta\u00e7a de cer\u00e2mica de 14 cm decorada com um vibrante design de salamandras e flores, que representa a ess\u00eancia de Barcelona. Esta ta\u00e7a branca apresenta um delicado fundo com efeito mosaico e r\u00e9pteis coloridos de diferentes tons, complementados por flores multicoloridas que adicionam um toque festivo. Na parte superior, destaca-se a palavra &#8220;Barcelona&#8221;, que evoca a beleza cultural da cidade. Ideal para o uso di\u00e1rio ou como elemento decorativo.<\/p>\n","protected":false},"featured_media":11169,"template":"","meta":{"_acf_changed":false},"product_brand":[],"product_cat":[513],"product_tag":[516,515],"class_list":{"0":"post-28216","1":"product","2":"type-product","3":"status-publish","4":"has-post-thumbnail","6":"product_cat-bols","7":"product_tag-animais","8":"product_tag-ceramica","9":"pa_ciudad-barcelona","10":"pa_motivo-salamandras","11":"pa_pais-espana","13":"first","14":"instock","15":"shipping-taxable","16":"product-type-simple"},"acf":[],"_links":{"self":[{"href":"https:\/\/olemosaic.com\/pt-pt\/wp-json\/wp\/v2\/product\/28216","targetHints":{"allow":["GET"]}}],"collection":[{"href":"https:\/\/olemosaic.com\/pt-pt\/wp-json\/wp\/v2\/product"}],"about":[{"href":"https:\/\/olemosaic.com\/pt-pt\/wp-json\/wp\/v2\/types\/product"}],"wp:featuredmedia":[{"embeddable":true,"href":"https:\/\/olemosaic.com\/pt-pt\/wp-json\/wp\/v2\/media\/11169"}],"wp:attachment":[{"href":"https:\/\/olemosaic.com\/pt-pt\/wp-json\/wp\/v2\/media?parent=28216"}],"wp:term":[{"taxonomy":"product_brand","embeddable":true,"href":"https:\/\/olemosaic.com\/pt-pt\/wp-json\/wp\/v2\/product_brand?post=28216"},{"taxonomy":"product_cat","embeddable":true,"href":"https:\/\/olemosaic.com\/pt-pt\/wp-json\/wp\/v2\/product_cat?post=28216"},{"taxonomy":"product_tag","embeddable":true,"href":"https:\/\/olemosaic.com\/pt-pt\/wp-json\/wp\/v2\/product_tag?post=28216"}],"curies":[{"name":"wp","href":"https:\/\/api.w.org\/{rel}","templated":true}]}}