{"id":28215,"date":"2025-02-20T23:29:32","date_gmt":"2025-02-20T22:29:32","guid":{"rendered":"http:\/\/olemosaic.com\/producto\/bol-de-ceramica-de-14-cm-salamandra-mallorca-beige\/"},"modified":"2025-07-25T20:24:27","modified_gmt":"2025-07-25T18:24:27","slug":"taca-de-ceramica-de-14-cm-salamandra-maiorca-bege","status":"publish","type":"product","link":"https:\/\/olemosaic.com\/pt-pt\/produto\/taca-de-ceramica-de-14-cm-salamandra-maiorca-bege\/","title":{"rendered":"Ta\u00e7a de cer\u00e2mica de 14 cm. Salamandra. Maiorca. Bege"},"content":{"rendered":"<p>Esta ta\u00e7a de cer\u00e2mica de 14 cm, decorada com alegres salamandras, \u00e9 uma recorda\u00e7\u00e3o vibrante da bela ilha de Maiorca. Este encantador artigo real\u00e7a a cultura maiorquina atrav\u00e9s do seu design pintado \u00e0 m\u00e3o, onde uma paleta de cores vivas \u2014 incluindo azuis, verdes e vermelhos \u2014 se apresenta sobre um fundo bege que real\u00e7a o seu apelo visual. As salamandras, s\u00edmbolos de boa sorte e alegria, est\u00e3o belamente ilustradas numa disposi\u00e7\u00e3o l\u00fadica que confere um ar festivo a qualquer mesa. A palavra &#8220;MAIORCA&#8221; destaca-se de forma colorida, tornando esta ta\u00e7a um excelente souvenir que evoca a ess\u00eancia da ilha.<\/p>\n<p>Esta ta\u00e7a n\u00e3o \u00e9 apenas funcional para servir aperitivos, mas tamb\u00e9m atua como uma pe\u00e7a decorativa que adiciona um toque divertido ao seu lar. O seu design artesanal e a sua liga\u00e7\u00e3o ao folclore local tornam-na uma recorda\u00e7\u00e3o perfeita das f\u00e9rias na ilha. Na Ol\u00e9 Mosaic, oferecemos uma ampla gama de souvenirs de cer\u00e2mica de Maiorca, garantindo autenticidade e qualidade em cada pe\u00e7a. Este produto \u00e9 ideal para lojas de presentes tur\u00edsticos que desejam oferecer artigos \u00fanicos e vibrantes, representativos da cultura maiorquina, o que o torna uma excelente ideia de compra tanto para turistas como para quem procura adicionar um peda\u00e7o de Maiorca \u00e0 sua cole\u00e7\u00e3o de recorda\u00e7\u00f5es.<\/p>\n","protected":false},"excerpt":{"rendered":"<p>Ta\u00e7a de cer\u00e2mica de 14 cm decorada com alegres salamandras, que representam a vibrante cultura maiorquina. Esta encantadora ta\u00e7a apresenta um design artesanal, pintado \u00e0 m\u00e3o, em cores vivas, como azuis, verdes e vermelhos, sobre um fundo bege. Com a palavra &#8220;MAIORCA&#8221; destacada, este artigo adiciona um toque divertido e colorido a qualquer mesa, ideal para servir aperitivos ou como pe\u00e7a decorativa. Perfeito para recordar a beleza da ilha.<\/p>\n","protected":false},"featured_media":6998,"template":"","meta":{"_acf_changed":false},"product_brand":[],"product_cat":[513],"product_tag":[516,515],"class_list":{"0":"post-28215","1":"product","2":"type-product","3":"status-publish","4":"has-post-thumbnail","6":"product_cat-bols","7":"product_tag-animais","8":"product_tag-ceramica","9":"pa_ciudad-mallorca","10":"pa_motivo-salamandras","11":"pa_pais-espana","13":"first","14":"instock","15":"shipping-taxable","16":"product-type-simple"},"acf":[],"_links":{"self":[{"href":"https:\/\/olemosaic.com\/pt-pt\/wp-json\/wp\/v2\/product\/28215","targetHints":{"allow":["GET"]}}],"collection":[{"href":"https:\/\/olemosaic.com\/pt-pt\/wp-json\/wp\/v2\/product"}],"about":[{"href":"https:\/\/olemosaic.com\/pt-pt\/wp-json\/wp\/v2\/types\/product"}],"wp:featuredmedia":[{"embeddable":true,"href":"https:\/\/olemosaic.com\/pt-pt\/wp-json\/wp\/v2\/media\/6998"}],"wp:attachment":[{"href":"https:\/\/olemosaic.com\/pt-pt\/wp-json\/wp\/v2\/media?parent=28215"}],"wp:term":[{"taxonomy":"product_brand","embeddable":true,"href":"https:\/\/olemosaic.com\/pt-pt\/wp-json\/wp\/v2\/product_brand?post=28215"},{"taxonomy":"product_cat","embeddable":true,"href":"https:\/\/olemosaic.com\/pt-pt\/wp-json\/wp\/v2\/product_cat?post=28215"},{"taxonomy":"product_tag","embeddable":true,"href":"https:\/\/olemosaic.com\/pt-pt\/wp-json\/wp\/v2\/product_tag?post=28215"}],"curies":[{"name":"wp","href":"https:\/\/api.w.org\/{rel}","templated":true}]}}