{"id":28213,"date":"2025-02-20T22:29:32","date_gmt":"2025-02-20T22:29:32","guid":{"rendered":"http:\/\/olemosaic.com\/producto\/bol-de-ceramica-de-14-cm-punt-de-trobada-beige-rojo\/"},"modified":"2025-07-25T18:50:53","modified_gmt":"2025-07-25T16:50:53","slug":"taca-de-ceramica-de-14-cm-ponto-de-encontro-bege-vermelho","status":"publish","type":"product","link":"https:\/\/olemosaic.com\/pt-pt\/produto\/taca-de-ceramica-de-14-cm-ponto-de-encontro-bege-vermelho\/","title":{"rendered":"Ta\u00e7a de cer\u00e2mica de 14 cm. Ponto de encontro. Bege \/ vermelho"},"content":{"rendered":"<p>Esta ta\u00e7a de cer\u00e2mica de 14 cm \u00e9 uma pe\u00e7a excecional que presta homenagem ao vibrante estilo modernista, evocando a ess\u00eancia colorida da cultura mediterr\u00e2nica. Com um refinado acabamento bege no exterior e um impactante interior vermelho, esta ta\u00e7a cativa com o seu atraente design de mosaicos que incorpora uma paleta de tons azuis, verdes, vermelhos e amarelos. As ilustra\u00e7\u00f5es s\u00e3o um banquete visual, com elementos org\u00e2nicos que representam a flora e a fauna aut\u00f3ctones, entrela\u00e7ando a vida natural com a criatividade art\u00edstica que define a regi\u00e3o. Esta ta\u00e7a \u00e9 ideal n\u00e3o s\u00f3 para servir aperitivos, mas tamb\u00e9m como objeto decorativo que adicionar\u00e1 um toque alegre e art\u00edstico a qualquer lar.<\/p>\n<p>Inspirada no legado art\u00edstico dos territ\u00f3rios mediterr\u00e2nicos, esta ta\u00e7a simboliza a harmonia entre o artesanato e a cor, um souvenir perfeito para turistas que procuram levar um peda\u00e7o da cultura local. Na Ol\u00e9 Mosaic, dedicamo-nos \u00e0 distribui\u00e7\u00e3o de souvenirs por grosso, e esta ta\u00e7a \u00e9 um reflexo da rica tradi\u00e7\u00e3o cer\u00e2mica da zona, al\u00e9m de uma grande oportunidade para as lojas de presentes tur\u00edsticos. Adquirir esta ta\u00e7a de cer\u00e2mica \u00e9 assegurar um produto aut\u00eantico e culturalmente relevante, perfeito para quem deseja recordar a sua viagem atrav\u00e9s de um objeto pr\u00e1tico e esteticamente sublime.<\/p>\n","protected":false},"excerpt":{"rendered":"<p>Ta\u00e7a de cer\u00e2mica de 14 cm, decorada com um design vibrante inspirado no estilo de um famoso artista modernista. Com acabamento bege e interior vermelho, apresenta um colorido motivo de mosaicos em tons de azul, verde, vermelho e amarelo, juntamente com elementos org\u00e2nicos que evocam a flora e a fauna mediterr\u00e2nicas. Esta ta\u00e7a \u00e9 perfeita para servir aperitivos ou como objeto decorativo, adicionando um toque art\u00edstico e alegre a qualquer espa\u00e7o.<\/p>\n","protected":false},"featured_media":10050,"template":"","meta":{"_acf_changed":false},"product_brand":[],"product_cat":[513],"product_tag":[515],"class_list":{"0":"post-28213","1":"product","2":"type-product","3":"status-publish","4":"has-post-thumbnail","6":"product_cat-bols","7":"product_tag-ceramica","8":"pa_motivo-punt-de-trobada","10":"first","11":"instock","12":"shipping-taxable","13":"product-type-simple"},"acf":[],"_links":{"self":[{"href":"https:\/\/olemosaic.com\/pt-pt\/wp-json\/wp\/v2\/product\/28213","targetHints":{"allow":["GET"]}}],"collection":[{"href":"https:\/\/olemosaic.com\/pt-pt\/wp-json\/wp\/v2\/product"}],"about":[{"href":"https:\/\/olemosaic.com\/pt-pt\/wp-json\/wp\/v2\/types\/product"}],"wp:featuredmedia":[{"embeddable":true,"href":"https:\/\/olemosaic.com\/pt-pt\/wp-json\/wp\/v2\/media\/10050"}],"wp:attachment":[{"href":"https:\/\/olemosaic.com\/pt-pt\/wp-json\/wp\/v2\/media?parent=28213"}],"wp:term":[{"taxonomy":"product_brand","embeddable":true,"href":"https:\/\/olemosaic.com\/pt-pt\/wp-json\/wp\/v2\/product_brand?post=28213"},{"taxonomy":"product_cat","embeddable":true,"href":"https:\/\/olemosaic.com\/pt-pt\/wp-json\/wp\/v2\/product_cat?post=28213"},{"taxonomy":"product_tag","embeddable":true,"href":"https:\/\/olemosaic.com\/pt-pt\/wp-json\/wp\/v2\/product_tag?post=28213"}],"curies":[{"name":"wp","href":"https:\/\/api.w.org\/{rel}","templated":true}]}}