{"id":28211,"date":"2025-02-20T23:29:32","date_gmt":"2025-02-20T22:29:32","guid":{"rendered":"http:\/\/olemosaic.com\/producto\/bol-de-ceramica-de-14-cm-panoramica-barcelona-beige\/"},"modified":"2025-07-25T20:40:01","modified_gmt":"2025-07-25T18:40:01","slug":"taca-de-ceramica-de-14-cm-panoramica-barcelona-bege","status":"publish","type":"product","link":"https:\/\/olemosaic.com\/pt-pt\/produto\/taca-de-ceramica-de-14-cm-panoramica-barcelona-bege\/","title":{"rendered":"Ta\u00e7a de cer\u00e2mica de 14 cm. Panor\u00e2mica. Barcelona. Bege"},"content":{"rendered":"<p>Esta ta\u00e7a de cer\u00e2mica de 14 cm \u00e9 uma representa\u00e7\u00e3o impressionante de Barcelona, desenhada para capturar a ess\u00eancia vibrante desta ic\u00f3nica cidade catal\u00e3. O seu design panor\u00e2mico em tons bege oferece uma vista colorida que destaca dois dos seus monumentos mais emblem\u00e1ticos: a majestosa Sagrada Fam\u00edlia e o famoso Parque G\u00fcell, conhecido pelo seu mosaico multicolorido. A ilustra\u00e7\u00e3o, com efeito de pintura \u00e0 m\u00e3o, reflete n\u00e3o s\u00f3 a arquitetura singular de Antoni Gaud\u00ed, mas tamb\u00e9m a rica heran\u00e7a art\u00edstica de Barcelona, com detalhes cuidadosamente elaborados que conferem \u00e0 ta\u00e7a um car\u00e1ter aut\u00eantico e distintivo.<\/p>\n<p>A borda da ta\u00e7a \u00e9 adornada com uma faixa vermelha, que real\u00e7a a sua eleg\u00e2ncia e se complementa harmoniosamente com as cores do design, tornando esta pe\u00e7a um objeto decorativo ideal para qualquer casa. Al\u00e9m disso, o texto \u201cBarcelona\u201d integra-se de forma subtil, refor\u00e7ando o seu valor como recorda\u00e7\u00e3o representativa. Esta ta\u00e7a n\u00e3o \u00e9 apenas uma pe\u00e7a utilit\u00e1ria, mas uma verdadeira homenagem \u00e0 cultura e \u00e0 arte de Barcelona, o que a torna a recorda\u00e7\u00e3o perfeita para turistas e amantes da cidade.<\/p>\n<p>Na Ol\u00e9 Mosaic, orgulhamo-nos de oferecer recorda\u00e7\u00f5es aut\u00eanticas que capturam a ess\u00eancia cultural das regi\u00f5es que representam. Esta ta\u00e7a de cer\u00e2mica destaca-se como um souvenir de Barcelona, mas tamb\u00e9m como uma pe\u00e7a que os grossistas de souvenirs valorizar\u00e3o pela sua qualidade e originalidade. Sem d\u00favida, \u00e9 uma excelente escolha para lojas de presentes tur\u00edsticos que procuram oferecer produtos \u00fanicos que liguem \u00e0 tradi\u00e7\u00e3o e \u00e0 beleza de Espanha.<\/p>\n","protected":false},"excerpt":{"rendered":"<p>Ta\u00e7a de cer\u00e2mica de 14 cm com um design panor\u00e2mico de Barcelona em tons bege. Esta ta\u00e7a colorida apresenta uma ilustra\u00e7\u00e3o vibrante que inclui a emblem\u00e1tica Sagrada Fam\u00edlia e o famoso Park G\u00fcell, com os seus mosaicos. Decorada com detalhes distintivos e a palavra &#8220;Barcelona&#8221;, \u00e9 uma pe\u00e7a de design artesanal, pintada \u00e0 m\u00e3o, que captura a ess\u00eancia art\u00edstica da cidade, perfeita como souvenir ou elemento decorativo para a casa.<\/p>\n","protected":false},"featured_media":7706,"template":"","meta":{"_acf_changed":false},"product_brand":[],"product_cat":[513],"product_tag":[515],"class_list":{"0":"post-28211","1":"product","2":"type-product","3":"status-publish","4":"has-post-thumbnail","6":"product_cat-bols","7":"product_tag-ceramica","8":"pa_ciudad-barcelona","9":"pa_motivo-panoramas","10":"pa_pais-espana","12":"first","13":"instock","14":"shipping-taxable","15":"product-type-simple"},"acf":[],"_links":{"self":[{"href":"https:\/\/olemosaic.com\/pt-pt\/wp-json\/wp\/v2\/product\/28211","targetHints":{"allow":["GET"]}}],"collection":[{"href":"https:\/\/olemosaic.com\/pt-pt\/wp-json\/wp\/v2\/product"}],"about":[{"href":"https:\/\/olemosaic.com\/pt-pt\/wp-json\/wp\/v2\/types\/product"}],"wp:featuredmedia":[{"embeddable":true,"href":"https:\/\/olemosaic.com\/pt-pt\/wp-json\/wp\/v2\/media\/7706"}],"wp:attachment":[{"href":"https:\/\/olemosaic.com\/pt-pt\/wp-json\/wp\/v2\/media?parent=28211"}],"wp:term":[{"taxonomy":"product_brand","embeddable":true,"href":"https:\/\/olemosaic.com\/pt-pt\/wp-json\/wp\/v2\/product_brand?post=28211"},{"taxonomy":"product_cat","embeddable":true,"href":"https:\/\/olemosaic.com\/pt-pt\/wp-json\/wp\/v2\/product_cat?post=28211"},{"taxonomy":"product_tag","embeddable":true,"href":"https:\/\/olemosaic.com\/pt-pt\/wp-json\/wp\/v2\/product_tag?post=28211"}],"curies":[{"name":"wp","href":"https:\/\/api.w.org\/{rel}","templated":true}]}}