{"id":28206,"date":"2025-02-20T23:29:31","date_gmt":"2025-02-20T22:29:31","guid":{"rendered":"http:\/\/olemosaic.com\/producto\/bol-de-ceramica-de-135-cm-punt-de-trobada-beige\/"},"modified":"2025-07-25T19:59:19","modified_gmt":"2025-07-25T17:59:19","slug":"taca-de-ceramica-de-13-5-cm-punt-de-trobada-bege","status":"publish","type":"product","link":"https:\/\/olemosaic.com\/pt-pt\/produto\/taca-de-ceramica-de-13-5-cm-punt-de-trobada-bege\/","title":{"rendered":"Ta\u00e7a de cer\u00e2mica de 13,5 cm. Punt de trobada. Bege"},"content":{"rendered":"<p>Esta ta\u00e7a de cer\u00e2mica de 13,5 cm \u00e9 uma aut\u00eantica obra-prima que capta a ess\u00eancia da arte catal\u00e3. Com o seu design ovalado e um encantador acabamento em cor bege, este produto n\u00e3o s\u00f3 \u00e9 funcional, como tamb\u00e9m \u00e9 um atraente elemento decorativo. O rebordo, num vibrante tom laranja, real\u00e7a a sua forma \u00fanica, enquanto a decora\u00e7\u00e3o, composta por motivos abstratos em intensas cores vermelho, verde, azul, amarelo e preto, confere um toque l\u00fadico e moderno que alegrar\u00e1 qualquer ambiente.<\/p>\n<p>Cada pe\u00e7a aparenta ser pintada \u00e0 m\u00e3o, o que garante que cada ta\u00e7a seja \u00fanica e carregue consigo a dedica\u00e7\u00e3o dos artes\u00e3os locais. As suas formas org\u00e2nicas e estreladas evocam a rica tradi\u00e7\u00e3o art\u00edstica da regi\u00e3o, tornando-a um reflexo perfeito da cultura catal\u00e3. Ideal para servir aperitivos ou como um requintado objeto decorativo, esta ta\u00e7a \u00e9 uma excelente op\u00e7\u00e3o para os turistas que procuram souvenirs aut\u00eanticos e representativos da sua experi\u00eancia na Catalunha.<\/p>\n<p>Na Ol\u00e9 Mosaic, especializamo-nos na distribui\u00e7\u00e3o de souvenirs por grosso, oferecendo produtos aut\u00eanticos e culturais que destacam a diversidade do patrim\u00f3nio espanhol. Esta ta\u00e7a de cer\u00e2mica \u00e9 uma op\u00e7\u00e3o incompar\u00e1vel para lojas de recorda\u00e7\u00f5es tur\u00edsticas que desejem oferecer artigos de qualidade com um forte valor cultural. Como grossistas de cer\u00e2mica, garantimos a autenticidade e o estilo em cada pe\u00e7a, tornando esta ta\u00e7a na recorda\u00e7\u00e3o perfeita da Catalunha.<\/p>\n","protected":false},"excerpt":{"rendered":"<p>Ta\u00e7a de cer\u00e2mica de 13,5 cm, inspirada no estilo art\u00edstico catal\u00e3o. Este produto apresenta um design ovalado com acabamento bege e rebordo laranja. Decorada com vibrantes motivos abstratos em vermelho, verde, azul, amarelo e preto, evoca uma sensa\u00e7\u00e3o l\u00fadica e moderna. A sua decora\u00e7\u00e3o, com formas org\u00e2nicas e estreladas, aparenta ser pintada \u00e0 m\u00e3o, o que acrescenta um toque \u00fanico a cada pe\u00e7a. Ideal para servir aperitivos ou como elemento decorativo na sua casa.<\/p>\n","protected":false},"featured_media":10053,"template":"","meta":{"_acf_changed":false},"product_brand":[],"product_cat":[513],"product_tag":[515],"class_list":{"0":"post-28206","1":"product","2":"type-product","3":"status-publish","4":"has-post-thumbnail","6":"product_cat-bols","7":"product_tag-ceramica","8":"pa_motivo-punt-de-trobada","10":"first","11":"instock","12":"shipping-taxable","13":"product-type-simple"},"acf":[],"_links":{"self":[{"href":"https:\/\/olemosaic.com\/pt-pt\/wp-json\/wp\/v2\/product\/28206","targetHints":{"allow":["GET"]}}],"collection":[{"href":"https:\/\/olemosaic.com\/pt-pt\/wp-json\/wp\/v2\/product"}],"about":[{"href":"https:\/\/olemosaic.com\/pt-pt\/wp-json\/wp\/v2\/types\/product"}],"wp:featuredmedia":[{"embeddable":true,"href":"https:\/\/olemosaic.com\/pt-pt\/wp-json\/wp\/v2\/media\/10053"}],"wp:attachment":[{"href":"https:\/\/olemosaic.com\/pt-pt\/wp-json\/wp\/v2\/media?parent=28206"}],"wp:term":[{"taxonomy":"product_brand","embeddable":true,"href":"https:\/\/olemosaic.com\/pt-pt\/wp-json\/wp\/v2\/product_brand?post=28206"},{"taxonomy":"product_cat","embeddable":true,"href":"https:\/\/olemosaic.com\/pt-pt\/wp-json\/wp\/v2\/product_cat?post=28206"},{"taxonomy":"product_tag","embeddable":true,"href":"https:\/\/olemosaic.com\/pt-pt\/wp-json\/wp\/v2\/product_tag?post=28206"}],"curies":[{"name":"wp","href":"https:\/\/api.w.org\/{rel}","templated":true}]}}