{"id":28204,"date":"2025-02-20T23:29:31","date_gmt":"2025-02-20T22:29:31","guid":{"rendered":"http:\/\/olemosaic.com\/producto\/bol-de-ceramica-de-12-cm-salamandra-barcelona-beige\/"},"modified":"2025-07-25T23:42:32","modified_gmt":"2025-07-25T21:42:32","slug":"taca-de-ceramica-de-12-cm-salamandra-barcelona-bege","status":"publish","type":"product","link":"https:\/\/olemosaic.com\/pt-pt\/produto\/taca-de-ceramica-de-12-cm-salamandra-barcelona-bege\/","title":{"rendered":"Ta\u00e7a de cer\u00e2mica de 12 cm. Salamandra. Barcelona. Bege"},"content":{"rendered":"<p>Esta ta\u00e7a de cer\u00e2mica de 12 cm, decorada com coloridas salamandras, \u00e9 uma aut\u00eantica joia do design artesanal barcelon\u00eas. Esta encantadora recorda\u00e7\u00e3o, ideal para quem deseja rememorar a sua visita \u00e0 vibrante cidade, apresenta um design alegre com motivos de salamandras multicoloridas e flores delicadas. Os detalhes em cores vivas, como verdes, vermelhos e azuis, contrastam com o fundo bege, criando uma pe\u00e7a visualmente atraente que captura a ess\u00eancia l\u00fadica e festiva da cultura catal\u00e3. O rebordo verde real\u00e7a ainda mais o acabamento vibrante da ta\u00e7a, enquanto a palavra &#8220;Barcelona&#8221; est\u00e1 pintada com letras chamativas que acrescentam um toque personalizado e evocativo.<\/p>\n<p>A t\u00e9cnica de pintura \u00e0 m\u00e3o garante que cada ta\u00e7a seja \u00fanica, refletindo a dedica\u00e7\u00e3o e a arte que caracteriza a cer\u00e2mica barcelonesa. Esta ta\u00e7a n\u00e3o s\u00f3 \u00e9 funcional, como tamb\u00e9m serve como pe\u00e7a decorativa que pode embelezar qualquer casa, oferecendo uma lembran\u00e7a da cor e da vida que se respira nas ruas da cidade. Na Ol\u00e9 Mosaic, como grossista de recorda\u00e7\u00f5es, oferecemos esta ta\u00e7a de cer\u00e2mica de salamandras, uma excelente op\u00e7\u00e3o para lojas de recorda\u00e7\u00f5es tur\u00edsticas que desejem destacar produtos aut\u00eanticos e representativos de Espanha. Esta recorda\u00e7\u00e3o de Barcelona representa a rica cultura e alegria da regi\u00e3o, tornando-a um artigo desej\u00e1vel para cada visitante.<\/p>\n","protected":false},"excerpt":{"rendered":"<p>Ta\u00e7a de cer\u00e2mica de 12 cm decorada com alegres salamandras, ideal como recorda\u00e7\u00e3o de Barcelona. Esta encantadora ta\u00e7a apresenta um design vibrante com salamandras e flores multicoloridas, emoldurada por um rebordo verde e a palavra &#8220;Barcelona&#8221; pintada com letras chamativas. A sua t\u00e9cnica de design artesanal, pintada \u00e0 m\u00e3o, garante um acabamento \u00fanico e artesanal, perfeito para acrescentar um toque de cor e cultura ao seu lar.<\/p>\n","protected":false},"featured_media":7542,"template":"","meta":{"_acf_changed":false},"product_brand":[],"product_cat":[513],"product_tag":[516,515],"class_list":{"0":"post-28204","1":"product","2":"type-product","3":"status-publish","4":"has-post-thumbnail","6":"product_cat-bols","7":"product_tag-animais","8":"product_tag-ceramica","9":"pa_ciudad-barcelona","10":"pa_motivo-salamandras","11":"pa_pais-espana","13":"first","14":"instock","15":"shipping-taxable","16":"product-type-simple"},"acf":[],"_links":{"self":[{"href":"https:\/\/olemosaic.com\/pt-pt\/wp-json\/wp\/v2\/product\/28204","targetHints":{"allow":["GET"]}}],"collection":[{"href":"https:\/\/olemosaic.com\/pt-pt\/wp-json\/wp\/v2\/product"}],"about":[{"href":"https:\/\/olemosaic.com\/pt-pt\/wp-json\/wp\/v2\/types\/product"}],"wp:featuredmedia":[{"embeddable":true,"href":"https:\/\/olemosaic.com\/pt-pt\/wp-json\/wp\/v2\/media\/7542"}],"wp:attachment":[{"href":"https:\/\/olemosaic.com\/pt-pt\/wp-json\/wp\/v2\/media?parent=28204"}],"wp:term":[{"taxonomy":"product_brand","embeddable":true,"href":"https:\/\/olemosaic.com\/pt-pt\/wp-json\/wp\/v2\/product_brand?post=28204"},{"taxonomy":"product_cat","embeddable":true,"href":"https:\/\/olemosaic.com\/pt-pt\/wp-json\/wp\/v2\/product_cat?post=28204"},{"taxonomy":"product_tag","embeddable":true,"href":"https:\/\/olemosaic.com\/pt-pt\/wp-json\/wp\/v2\/product_tag?post=28204"}],"curies":[{"name":"wp","href":"https:\/\/api.w.org\/{rel}","templated":true}]}}