{"id":28202,"date":"2025-02-20T23:29:30","date_gmt":"2025-02-20T22:29:30","guid":{"rendered":"http:\/\/olemosaic.com\/producto\/bol-de-ceramica-de-12-cm-salamandra-mallorca-beige-2\/"},"modified":"2025-07-25T19:32:51","modified_gmt":"2025-07-25T17:32:51","slug":"taca-de-ceramica-de-12-cm-salamandra-maiorca-bege-2","status":"publish","type":"product","link":"https:\/\/olemosaic.com\/pt-pt\/produto\/taca-de-ceramica-de-12-cm-salamandra-maiorca-bege-2\/","title":{"rendered":"Ta\u00e7a de cer\u00e2mica de 12 cm. Salamandra. Estilo mediterr\u00e2nico. Maiorca. Bege"},"content":{"rendered":"<p>Esta ta\u00e7a de cer\u00e2mica de 12 cm \u00e9 uma aut\u00eantica obra de arte inspirada na vibrante fauna de Maiorca, perfeita para quem procura uma recorda\u00e7\u00e3o \u00fanica e colorida da ilha. O seu design, pintado \u00e0 m\u00e3o, apresenta coloridas salamandras em diversas posturas, caracter\u00edsticas do ambiente natural maiorquino, adornadas com flores que conferem um toque de frescura e alegria. O fundo branco real\u00e7a maravilhosamente as cores vivas das salamandras, enquanto o rebordo verde complementa a tem\u00e1tica naturalista, evocando a rica vegeta\u00e7\u00e3o da ilha. As inscri\u00e7\u00f5es &#8220;MALLORCA&#8221;, em tons chamativos, n\u00e3o s\u00f3 refor\u00e7am a liga\u00e7\u00e3o com a regi\u00e3o, como tamb\u00e9m conferem um car\u00e1cter aut\u00eantico \u00e0 ta\u00e7a, tornando-a um excelente souvenir que destaca a heran\u00e7a cultural de Maiorca.<\/p>\n<p>Esta ta\u00e7a \u00e9 mais do que um simples objeto decorativo; \u00e9 um s\u00edmbolo da riqueza natural e art\u00edstica da ilha, que transforma qualquer canto da casa num espa\u00e7o cheio de vida e cor. Ideal para quem deseja levar para casa um peda\u00e7o da cultura maiorquina, esta ta\u00e7a \u00e9 tamb\u00e9m uma excelente op\u00e7\u00e3o para lojas de recorda\u00e7\u00f5es tur\u00edsticas que procuram incorporar souvenirs de cer\u00e2mica aut\u00eanticos e de alta qualidade. Na Ol\u00e9 Mosaic, como grossistas de recorda\u00e7\u00f5es e souvenirs, oferecemos produtos artesanais que capturam a ess\u00eancia da sua origem, e esta ta\u00e7a de cer\u00e2mica representa uma escolha perfeita para os turistas que procuram uma recorda\u00e7\u00e3o t\u00edpica e significativa.<\/p>\n","protected":false},"excerpt":{"rendered":"<p>Ta\u00e7a de cer\u00e2mica de 12 cm inspirada na fauna de Maiorca, decorada com coloridas salamandras e flores. Esta atraente ta\u00e7a apresenta um design artesanal, pintado \u00e0 m\u00e3o, com um fundo branco que real\u00e7a as cores vibrantes das salamandras e das flores que a adornam. Al\u00e9m disso, o rebordo verde complementa a tem\u00e1tica naturalista, enquanto a inscri\u00e7\u00e3o &#8220;MALLORCA&#8221; em cores vivas acrescenta um toque aut\u00eantico. Ideal para conferir um toque de cultura e originalidade ao seu lar.<\/p>\n","protected":false},"featured_media":7721,"template":"","meta":{"_acf_changed":false},"product_brand":[],"product_cat":[513],"product_tag":[516,515],"class_list":{"0":"post-28202","1":"product","2":"type-product","3":"status-publish","4":"has-post-thumbnail","6":"product_cat-bols","7":"product_tag-animais","8":"product_tag-ceramica","9":"pa_ciudad-mallorca","10":"pa_motivo-salamandras","11":"pa_pais-espana","13":"first","14":"instock","15":"shipping-taxable","16":"product-type-simple"},"acf":[],"_links":{"self":[{"href":"https:\/\/olemosaic.com\/pt-pt\/wp-json\/wp\/v2\/product\/28202","targetHints":{"allow":["GET"]}}],"collection":[{"href":"https:\/\/olemosaic.com\/pt-pt\/wp-json\/wp\/v2\/product"}],"about":[{"href":"https:\/\/olemosaic.com\/pt-pt\/wp-json\/wp\/v2\/types\/product"}],"wp:featuredmedia":[{"embeddable":true,"href":"https:\/\/olemosaic.com\/pt-pt\/wp-json\/wp\/v2\/media\/7721"}],"wp:attachment":[{"href":"https:\/\/olemosaic.com\/pt-pt\/wp-json\/wp\/v2\/media?parent=28202"}],"wp:term":[{"taxonomy":"product_brand","embeddable":true,"href":"https:\/\/olemosaic.com\/pt-pt\/wp-json\/wp\/v2\/product_brand?post=28202"},{"taxonomy":"product_cat","embeddable":true,"href":"https:\/\/olemosaic.com\/pt-pt\/wp-json\/wp\/v2\/product_cat?post=28202"},{"taxonomy":"product_tag","embeddable":true,"href":"https:\/\/olemosaic.com\/pt-pt\/wp-json\/wp\/v2\/product_tag?post=28202"}],"curies":[{"name":"wp","href":"https:\/\/api.w.org\/{rel}","templated":true}]}}