{"id":28151,"date":"2025-02-20T22:29:29","date_gmt":"2025-02-20T22:29:29","guid":{"rendered":"http:\/\/olemosaic.com\/producto\/bol-de-ceramica-de-11-cm-caballito-de-mar-beige\/"},"modified":"2025-07-25T19:38:21","modified_gmt":"2025-07-25T17:38:21","slug":"taca-de-ceramica-de-11-cm-cavalo-marinho-bege","status":"publish","type":"product","link":"https:\/\/olemosaic.com\/pt-pt\/produto\/taca-de-ceramica-de-11-cm-cavalo-marinho-bege\/","title":{"rendered":"Ta\u00e7a de cer\u00e2mica de 11 cm. Cavalo-marinho. Bege"},"content":{"rendered":"<p>Esta ta\u00e7a de cer\u00e2mica de 11 cm, decorada com alegres cavalos-marinhos, \u00e9 um produto artesanal que captura a ess\u00eancia do Mediterr\u00e2neo. O seu design destaca-se por uma paleta de cores vibrante que inclui azuis, vermelhos e verdes, todos meticulosamente dispostos num padr\u00e3o de mosaico sobre um fundo bege, real\u00e7ando a est\u00e9tica dos seus motivos marinhos. A parte superior da ta\u00e7a apresenta um elegante acabamento em vermelho, que complementa na perfei\u00e7\u00e3o os detalhes art\u00edsticos que evocam a rica vida marinha da regi\u00e3o costeira.<\/p>\n<p>Esta ta\u00e7a n\u00e3o \u00e9 apenas uma pe\u00e7a decorativa, mas tamb\u00e9m representa uma liga\u00e7\u00e3o cultural significativa com as tradi\u00e7\u00f5es artesanais do sul de Espanha, onde a cer\u00e2mica tem sido uma arte ancestral. Os cavalos-marinhos, que adornam a sua superf\u00edcie, simbolizam a beleza e a magia do mundo submarino, transformando este objeto numa recorda\u00e7\u00e3o aut\u00eantica e inspiradora para quem visita o Mediterr\u00e2neo. \u00c9 uma excelente op\u00e7\u00e3o para os turistas que procuram recorda\u00e7\u00f5es de alta qualidade que reflitam a identidade cultural da regi\u00e3o.<\/p>\n<p>Na Ol\u00e9 Mosaic, como grossista de cer\u00e2mica e recorda\u00e7\u00f5es mediterr\u00e2nicas, oferecemos esta ta\u00e7a de cavalos-marinhos, ideal para lojas de presentes tur\u00edsticos que desejem oferecer produtos artesanais aut\u00eanticos e de grande apelo. Esta recorda\u00e7\u00e3o \u00e9, al\u00e9m de pr\u00e1tica, um lembrete visual das maravilhas do mar e da sua cultura.<\/p>\n","protected":false},"excerpt":{"rendered":"<p>Ta\u00e7a de cer\u00e2mica de 11 cm decorada com cavalos-marinhos, inspirada na beleza do Mediterr\u00e2neo. Este recipiente apresenta um design vibrante com mosaicos coloridos em tons de azul, vermelho e verde, sobre um fundo bege que real\u00e7a os motivos marinhos. O rebordo superior, com acabamento em vermelho, complementa os detalhes art\u00edsticos que evocam a vida do mar. Ideal para adicionar um toque costeiro \u00e0 sua casa.<\/p>\n","protected":false},"featured_media":7373,"template":"","meta":{"_acf_changed":false},"product_brand":[],"product_cat":[513],"product_tag":[516,515],"class_list":{"0":"post-28151","1":"product","2":"type-product","3":"status-publish","4":"has-post-thumbnail","6":"product_cat-bols","7":"product_tag-animais","8":"product_tag-ceramica","9":"pa_motivo-cavalos-marinhos","11":"first","12":"instock","13":"shipping-taxable","14":"product-type-simple"},"acf":[],"_links":{"self":[{"href":"https:\/\/olemosaic.com\/pt-pt\/wp-json\/wp\/v2\/product\/28151","targetHints":{"allow":["GET"]}}],"collection":[{"href":"https:\/\/olemosaic.com\/pt-pt\/wp-json\/wp\/v2\/product"}],"about":[{"href":"https:\/\/olemosaic.com\/pt-pt\/wp-json\/wp\/v2\/types\/product"}],"wp:featuredmedia":[{"embeddable":true,"href":"https:\/\/olemosaic.com\/pt-pt\/wp-json\/wp\/v2\/media\/7373"}],"wp:attachment":[{"href":"https:\/\/olemosaic.com\/pt-pt\/wp-json\/wp\/v2\/media?parent=28151"}],"wp:term":[{"taxonomy":"product_brand","embeddable":true,"href":"https:\/\/olemosaic.com\/pt-pt\/wp-json\/wp\/v2\/product_brand?post=28151"},{"taxonomy":"product_cat","embeddable":true,"href":"https:\/\/olemosaic.com\/pt-pt\/wp-json\/wp\/v2\/product_cat?post=28151"},{"taxonomy":"product_tag","embeddable":true,"href":"https:\/\/olemosaic.com\/pt-pt\/wp-json\/wp\/v2\/product_tag?post=28151"}],"curies":[{"name":"wp","href":"https:\/\/api.w.org\/{rel}","templated":true}]}}