{"id":28150,"date":"2025-02-20T22:29:29","date_gmt":"2025-02-20T22:29:29","guid":{"rendered":"http:\/\/olemosaic.com\/producto\/bol-de-ceramica-de-11-cm-camino-de-santiago-beige\/"},"modified":"2025-07-25T19:55:29","modified_gmt":"2025-07-25T17:55:29","slug":"taca-de-ceramica-de-11-cm-caminho-de-santiago-bege","status":"publish","type":"product","link":"https:\/\/olemosaic.com\/pt-pt\/produto\/taca-de-ceramica-de-11-cm-caminho-de-santiago-bege\/","title":{"rendered":"Ta\u00e7a de cer\u00e2mica de 11 cm. Caminho de Santiago. Bege"},"content":{"rendered":"<p>Esta ta\u00e7a de cer\u00e2mica de 11 cm, inspirada no Caminho de Santiago, \u00e9 uma aut\u00eantica joia cultural que confere um toque distintivo a qualquer casa. Com um elegante acabamento em cor bege suave, \u00e9 adornada com ilustra\u00e7\u00f5es vibrantes que representam o ap\u00f3stolo Santiago, com o seu caracter\u00edstico cajado e acompanhado pela ic\u00f3nica concha do peregrino, s\u00edmbolo desta peregrina\u00e7\u00e3o milenar. \u00c0 sua frente, erguem-se monumentos majestosos que os caminhantes encontram ao longo do trajeto, prestando homenagem \u00e0 rica hist\u00f3ria e espiritualidade que o Caminho de Santiago representa.<\/p>\n<p>O interior da ta\u00e7a apresenta um vermelho intenso que contrasta maravilhosamente com o exterior decorado, real\u00e7ando o seu apelo visual e tornando-a uma pe\u00e7a ideal tanto para o uso quotidiano como para decora\u00e7\u00e3o. Esta ta\u00e7a n\u00e3o \u00e9 apenas uma recorda\u00e7\u00e3o perfeita para quem percorreu o Caminho, mas tamb\u00e9m um elemento de liga\u00e7\u00e3o com a tradi\u00e7\u00e3o e a cultura galega. Na Ol\u00e9 Mosaic, distribu\u00edmos esta ta\u00e7a como parte da nossa oferta de recorda\u00e7\u00f5es aut\u00eanticas, ideais para lojas de presentes tur\u00edsticos que procuram produtos \u00fanicos. Esta ta\u00e7a de cer\u00e2mica \u00e9, mais do que um objeto decorativo, um testemunho de uma experi\u00eancia cultural inesquec\u00edvel, sendo uma excelente op\u00e7\u00e3o para quem deseja levar consigo um peda\u00e7o do Caminho de Santiago.<\/p>\n","protected":false},"excerpt":{"rendered":"<p>Ta\u00e7a de cer\u00e2mica de 11 cm inspirada no Caminho de Santiago, ideal para dar um toque cultural \u00e0 sua casa. Numa cor bege suave, apresenta ilustra\u00e7\u00f5es vibrantes que representam o ap\u00f3stolo Santiago com o seu cajado e a famosa concha do peregrino, al\u00e9m de monumentos majestosos do percurso. O interior da ta\u00e7a \u00e9 de um vermelho intenso, que contrasta com o exterior decorado e real\u00e7a o seu apelo visual. Perfeita como recorda\u00e7\u00e3o ou elemento decorativo.<\/p>\n","protected":false},"featured_media":8720,"template":"","meta":{"_acf_changed":false},"product_brand":[],"product_cat":[513],"product_tag":[515],"class_list":{"0":"post-28150","1":"product","2":"type-product","3":"status-publish","4":"has-post-thumbnail","6":"product_cat-bols","7":"product_tag-ceramica","8":"pa_motivo-caminho-de-santiago","10":"first","11":"instock","12":"shipping-taxable","13":"product-type-simple"},"acf":[],"_links":{"self":[{"href":"https:\/\/olemosaic.com\/pt-pt\/wp-json\/wp\/v2\/product\/28150","targetHints":{"allow":["GET"]}}],"collection":[{"href":"https:\/\/olemosaic.com\/pt-pt\/wp-json\/wp\/v2\/product"}],"about":[{"href":"https:\/\/olemosaic.com\/pt-pt\/wp-json\/wp\/v2\/types\/product"}],"wp:featuredmedia":[{"embeddable":true,"href":"https:\/\/olemosaic.com\/pt-pt\/wp-json\/wp\/v2\/media\/8720"}],"wp:attachment":[{"href":"https:\/\/olemosaic.com\/pt-pt\/wp-json\/wp\/v2\/media?parent=28150"}],"wp:term":[{"taxonomy":"product_brand","embeddable":true,"href":"https:\/\/olemosaic.com\/pt-pt\/wp-json\/wp\/v2\/product_brand?post=28150"},{"taxonomy":"product_cat","embeddable":true,"href":"https:\/\/olemosaic.com\/pt-pt\/wp-json\/wp\/v2\/product_cat?post=28150"},{"taxonomy":"product_tag","embeddable":true,"href":"https:\/\/olemosaic.com\/pt-pt\/wp-json\/wp\/v2\/product_tag?post=28150"}],"curies":[{"name":"wp","href":"https:\/\/api.w.org\/{rel}","templated":true}]}}