{"id":28147,"date":"2025-02-20T23:29:29","date_gmt":"2025-02-20T22:29:29","guid":{"rendered":"http:\/\/olemosaic.com\/producto\/bol-de-ceramica-de-11-cm-punt-de-trobada-beige\/"},"modified":"2025-07-25T18:50:49","modified_gmt":"2025-07-25T16:50:49","slug":"taca-de-ceramica-de-11-cm-ponto-de-encontro-bege","status":"publish","type":"product","link":"https:\/\/olemosaic.com\/pt-pt\/produto\/taca-de-ceramica-de-11-cm-ponto-de-encontro-bege\/","title":{"rendered":"Ta\u00e7a de cer\u00e2mica de 11 cm. Ponto de encontro. Bege"},"content":{"rendered":"<p>Esta ta\u00e7a de cer\u00e2mica de 11 cm \u00e9 uma pe\u00e7a \u00fanica que reflete a rica tradi\u00e7\u00e3o art\u00edstica espanhola, especialmente na t\u00e9cnica do mosaico. Decorada com um design vibrante sobre um fundo bege, ilumina-se com ilustra\u00e7\u00f5es em tons de azul, vermelho, verde e preto, mostrando uma infinidade de formas org\u00e2nicas e elementos abstratos que evocam a criatividade dos artes\u00e3os espanh\u00f3is. Cada detalhe \u00e9 pintado \u00e0 m\u00e3o, o que real\u00e7a a sua autenticidade e singularidade como recorda\u00e7\u00e3o representativa da cultura espanhola. Esta ta\u00e7a n\u00e3o s\u00f3 \u00e9 ideal para servir aperitivos ou saladas, como tamb\u00e9m pode funcionar como um elemento decorativo que adiciona um toque de cor e alegria a qualquer mesa ou espa\u00e7o.<\/p>\n<p>A combina\u00e7\u00e3o das suas formas e cores vibrantes evoca a influ\u00eancia de grandes artistas espanh\u00f3is, transformando cada utiliza\u00e7\u00e3o numa experi\u00eancia que une gastronomia e arte. Na Ol\u00e9 Mosaic, orgulhamo-nos de oferecer esta ta\u00e7a de cer\u00e2mica como parte da nossa sele\u00e7\u00e3o de lembran\u00e7as que capturam a ess\u00eancia de Espanha. \u00c9 uma excelente alternativa para lojas de presentes tur\u00edsticos que procuram produtos aut\u00eanticos e art\u00edsticos que contem uma hist\u00f3ria, destacando o seu valor como recorda\u00e7\u00e3o representativa das tradi\u00e7\u00f5es espanholas. Tornando-se um elemento imprescind\u00edvel para qualquer amante da cultura espanhola, esta ta\u00e7a \u00e9 uma adi\u00e7\u00e3o indispens\u00e1vel para qualquer cole\u00e7\u00e3o de recorda\u00e7\u00f5es de cer\u00e2mica.<\/p>\n","protected":false},"excerpt":{"rendered":"<p>Ta\u00e7a de cer\u00e2mica de 11 cm decorada com um design vibrante de mosaicos, que evoca a tradi\u00e7\u00e3o art\u00edstica espanhola. Esta bonita ta\u00e7a apresenta um fundo bege com ilustra\u00e7\u00f5es em tons de azul, vermelho, verde e preto, destacando formas org\u00e2nicas e elementos abstratos. Pintada com estilo artesanal, o seu design colorido e distintivo torna-a um complemento atraente para qualquer mesa, ideal para servir aperitivos ou como elemento decorativo.<\/p>\n","protected":false},"featured_media":10049,"template":"","meta":{"_acf_changed":false},"product_brand":[],"product_cat":[513],"product_tag":[515],"class_list":{"0":"post-28147","1":"product","2":"type-product","3":"status-publish","4":"has-post-thumbnail","6":"product_cat-bols","7":"product_tag-ceramica","8":"pa_motivo-punt-de-trobada","10":"first","11":"instock","12":"shipping-taxable","13":"product-type-simple"},"acf":[],"_links":{"self":[{"href":"https:\/\/olemosaic.com\/pt-pt\/wp-json\/wp\/v2\/product\/28147","targetHints":{"allow":["GET"]}}],"collection":[{"href":"https:\/\/olemosaic.com\/pt-pt\/wp-json\/wp\/v2\/product"}],"about":[{"href":"https:\/\/olemosaic.com\/pt-pt\/wp-json\/wp\/v2\/types\/product"}],"wp:featuredmedia":[{"embeddable":true,"href":"https:\/\/olemosaic.com\/pt-pt\/wp-json\/wp\/v2\/media\/10049"}],"wp:attachment":[{"href":"https:\/\/olemosaic.com\/pt-pt\/wp-json\/wp\/v2\/media?parent=28147"}],"wp:term":[{"taxonomy":"product_brand","embeddable":true,"href":"https:\/\/olemosaic.com\/pt-pt\/wp-json\/wp\/v2\/product_brand?post=28147"},{"taxonomy":"product_cat","embeddable":true,"href":"https:\/\/olemosaic.com\/pt-pt\/wp-json\/wp\/v2\/product_cat?post=28147"},{"taxonomy":"product_tag","embeddable":true,"href":"https:\/\/olemosaic.com\/pt-pt\/wp-json\/wp\/v2\/product_tag?post=28147"}],"curies":[{"name":"wp","href":"https:\/\/api.w.org\/{rel}","templated":true}]}}