{"id":28145,"date":"2025-02-20T22:29:29","date_gmt":"2025-02-20T22:29:29","guid":{"rendered":"http:\/\/olemosaic.com\/producto\/bol-de-ceramica-de-11-cm-panoramica-sevilla-beige\/"},"modified":"2025-07-25T19:10:01","modified_gmt":"2025-07-25T17:10:01","slug":"taca-de-ceramica-de-11-cm-panoramica-sevilha-bege","status":"publish","type":"product","link":"https:\/\/olemosaic.com\/pt-pt\/produto\/taca-de-ceramica-de-11-cm-panoramica-sevilha-bege\/","title":{"rendered":"Ta\u00e7a de cer\u00e2mica de 11 cm. Panor\u00e2mica. Sevilha. Bege"},"content":{"rendered":"<p>Esta ta\u00e7a de cer\u00e2mica de 11 cm \u00e9 uma requintada representa\u00e7\u00e3o cultural de Sevilha, desenhada para capturar o encanto desta hist\u00f3rica cidade andaluza. Decorada com uma vibrante panor\u00e2mica, a ta\u00e7a apresenta uma colorida ilustra\u00e7\u00e3o que destaca alguns dos monumentos mais emblem\u00e1ticos, como a famosa Giralda e a majestosa Plaza de Espa\u00f1a, rodeados de motivos florais num refrescante tom verde. O fundo bege proporciona um elegante contraste com a borda vermelha, criando um design atraente que real\u00e7a tanto a sua funcionalidade como o seu valor decorativo. Esta ta\u00e7a \u00e9 perfeita para servir aperitivos, saladas ou simplesmente como elemento decorativo na casa.<\/p>\n<p>O uso de cer\u00e2mica de alta qualidade assegura durabilidade e resist\u00eancia, o que a torna uma op\u00e7\u00e3o pr\u00e1tica para o uso di\u00e1rio. Esta ta\u00e7a n\u00e3o s\u00f3 \u00e9 uma maravilhosa op\u00e7\u00e3o para desfrutar da gastronomia andaluza, como tamb\u00e9m atua como uma recorda\u00e7\u00e3o tang\u00edvel da rica heran\u00e7a cultural de Sevilha. Ao adquirir este souvenir, os turistas levar\u00e3o para casa um peda\u00e7o de Sevilha, perfeito para recordar a sua viagem. Na Ol\u00e9 Mosaic, orgulhamo-nos de ser distribuidores de souvenirs aut\u00eanticos, oferecendo esta ta\u00e7a de cer\u00e2mica como uma excelente op\u00e7\u00e3o para lojas de presentes tur\u00edsticos que procuram produtos que celebrem a beleza e a singularidade da cultura espanhola.<\/p>\n","protected":false},"excerpt":{"rendered":"<p>Ta\u00e7a de cer\u00e2mica de 11 cm, decorada com uma vibrante panor\u00e2mica de Sevilha. Esta atraente ta\u00e7a apresenta uma colorida representa\u00e7\u00e3o da cidade, destacando os seus emblem\u00e1ticos monumentos, como a Giralda e a Plaza de Espa\u00f1a, acompanhados de motivos florais verdes. A sua elegante borda vermelha contrasta com o fundo bege, criando um design chamativo e adequado tanto para decorar como para o uso di\u00e1rio. Ideal como recorda\u00e7\u00e3o que evoca o encanto andaluz.<\/p>\n","protected":false},"featured_media":7509,"template":"","meta":{"_acf_changed":false},"product_brand":[],"product_cat":[513],"product_tag":[515],"class_list":{"0":"post-28145","1":"product","2":"type-product","3":"status-publish","4":"has-post-thumbnail","6":"product_cat-bols","7":"product_tag-ceramica","8":"pa_ciudad-sevilla","9":"pa_motivo-panoramas","10":"pa_pais-espana","12":"first","13":"instock","14":"shipping-taxable","15":"product-type-simple"},"acf":[],"_links":{"self":[{"href":"https:\/\/olemosaic.com\/pt-pt\/wp-json\/wp\/v2\/product\/28145","targetHints":{"allow":["GET"]}}],"collection":[{"href":"https:\/\/olemosaic.com\/pt-pt\/wp-json\/wp\/v2\/product"}],"about":[{"href":"https:\/\/olemosaic.com\/pt-pt\/wp-json\/wp\/v2\/types\/product"}],"wp:featuredmedia":[{"embeddable":true,"href":"https:\/\/olemosaic.com\/pt-pt\/wp-json\/wp\/v2\/media\/7509"}],"wp:attachment":[{"href":"https:\/\/olemosaic.com\/pt-pt\/wp-json\/wp\/v2\/media?parent=28145"}],"wp:term":[{"taxonomy":"product_brand","embeddable":true,"href":"https:\/\/olemosaic.com\/pt-pt\/wp-json\/wp\/v2\/product_brand?post=28145"},{"taxonomy":"product_cat","embeddable":true,"href":"https:\/\/olemosaic.com\/pt-pt\/wp-json\/wp\/v2\/product_cat?post=28145"},{"taxonomy":"product_tag","embeddable":true,"href":"https:\/\/olemosaic.com\/pt-pt\/wp-json\/wp\/v2\/product_tag?post=28145"}],"curies":[{"name":"wp","href":"https:\/\/api.w.org\/{rel}","templated":true}]}}