{"id":28143,"date":"2025-02-20T22:29:28","date_gmt":"2025-02-20T22:29:28","guid":{"rendered":"http:\/\/olemosaic.com\/producto\/bol-de-ceramica-de-11-cm-panoramica-madrid-beige\/"},"modified":"2025-07-25T19:05:26","modified_gmt":"2025-07-25T17:05:26","slug":"taca-de-ceramica-de-11-cm-panoramica-madrid-bege","status":"publish","type":"product","link":"https:\/\/olemosaic.com\/pt-pt\/produto\/taca-de-ceramica-de-11-cm-panoramica-madrid-bege\/","title":{"rendered":"Ta\u00e7a de cer\u00e2mica de 11 cm. Panor\u00e2mica. Madrid. Bege"},"content":{"rendered":"<p>Esta ta\u00e7a de cer\u00e2mica de 11 cm \u00e9 uma recorda\u00e7\u00e3o fascinante de Madrid, ideal para quem procura um toque aut\u00eantico da capital espanhola. O seu design panor\u00e2mico num elegante tom bege apresenta um colorido mosaico que captura alguns dos monumentos mais emblem\u00e1ticos, como a ic\u00f3nica Puerta de Alcal\u00e1 e a majestosa fonte de Cibeles. A palavra &#8220;MADRID&#8221; destaca-se em letras vibrantes, acrescentando um esp\u00edrito festivo ao objeto e tornando-o um presente perfeito para a cidade.<\/p>\n<p>A representa\u00e7\u00e3o art\u00edstica da ta\u00e7a destaca-se pelos seus detalhes meticulosamente elaborados, que n\u00e3o s\u00f3 s\u00e3o visualmente atraentes, como tamb\u00e9m refletem a rica hist\u00f3ria e cultura de Madrid. Esta ta\u00e7a n\u00e3o s\u00f3 \u00e9 funcional, como tamb\u00e9m serve como uma pe\u00e7a decorativa que pode embelezar qualquer casa, evocar mem\u00f3rias de visitas passadas ou dar as boas-vindas a novos amigos com um pedacinho da vida madrilena.<\/p>\n<p>Na Ol\u00e9 Mosaic, especializamo-nos na distribui\u00e7\u00e3o de souvenirs por grosso, e esta ta\u00e7a de cer\u00e2mica \u00e9 uma excelente op\u00e7\u00e3o para lojas de presentes tur\u00edsticos que procuram produtos aut\u00eanticos e de qualidade. Com o seu encanto cultural e a sua relev\u00e2ncia como recorda\u00e7\u00e3o, esta ta\u00e7a torna-se um artigo imprescind\u00edvel para quem deseja levar um peda\u00e7o de Madrid consigo.<\/p>\n","protected":false},"excerpt":{"rendered":"<p>Ta\u00e7a de cer\u00e2mica de 11 cm com um encantador design panor\u00e2mico que representa alguns dos monumentos mais emblem\u00e1ticos de Madrid. Esta ta\u00e7a, num elegante tom bege, est\u00e1 adornada com um colorido mosaico que inclui ilustra\u00e7\u00f5es destacadas, como a Puerta de Alcal\u00e1 e a famosa fonte de Cibeles, tudo isto rodeado pela palavra &#8220;MADRID&#8221; em letras vibrantes. Ideal para acrescentar um toque de cultura e estilo a qualquer casa.<\/p>\n","protected":false},"featured_media":7526,"template":"","meta":{"_acf_changed":false},"product_brand":[],"product_cat":[513],"product_tag":[515],"class_list":{"0":"post-28143","1":"product","2":"type-product","3":"status-publish","4":"has-post-thumbnail","6":"product_cat-bols","7":"product_tag-ceramica","8":"pa_ciudad-madrid","9":"pa_motivo-panoramas","10":"pa_pais-espana","12":"first","13":"instock","14":"shipping-taxable","15":"product-type-simple"},"acf":[],"_links":{"self":[{"href":"https:\/\/olemosaic.com\/pt-pt\/wp-json\/wp\/v2\/product\/28143","targetHints":{"allow":["GET"]}}],"collection":[{"href":"https:\/\/olemosaic.com\/pt-pt\/wp-json\/wp\/v2\/product"}],"about":[{"href":"https:\/\/olemosaic.com\/pt-pt\/wp-json\/wp\/v2\/types\/product"}],"wp:featuredmedia":[{"embeddable":true,"href":"https:\/\/olemosaic.com\/pt-pt\/wp-json\/wp\/v2\/media\/7526"}],"wp:attachment":[{"href":"https:\/\/olemosaic.com\/pt-pt\/wp-json\/wp\/v2\/media?parent=28143"}],"wp:term":[{"taxonomy":"product_brand","embeddable":true,"href":"https:\/\/olemosaic.com\/pt-pt\/wp-json\/wp\/v2\/product_brand?post=28143"},{"taxonomy":"product_cat","embeddable":true,"href":"https:\/\/olemosaic.com\/pt-pt\/wp-json\/wp\/v2\/product_cat?post=28143"},{"taxonomy":"product_tag","embeddable":true,"href":"https:\/\/olemosaic.com\/pt-pt\/wp-json\/wp\/v2\/product_tag?post=28143"}],"curies":[{"name":"wp","href":"https:\/\/api.w.org\/{rel}","templated":true}]}}