{"id":28142,"date":"2025-02-20T23:29:28","date_gmt":"2025-02-20T22:29:28","guid":{"rendered":"http:\/\/olemosaic.com\/producto\/bol-de-ceramica-de-11-cm-salamandra-mallorca-beige\/"},"modified":"2025-07-25T20:12:34","modified_gmt":"2025-07-25T18:12:34","slug":"taca-de-ceramica-de-11-cm-salamandra-maiorca-bege","status":"publish","type":"product","link":"https:\/\/olemosaic.com\/pt-pt\/produto\/taca-de-ceramica-de-11-cm-salamandra-maiorca-bege\/","title":{"rendered":"Ta\u00e7a de cer\u00e2mica de 11 cm. Salamandra. Maiorca. Bege"},"content":{"rendered":"<p>Esta ta\u00e7a de cer\u00e2mica de 11 cm \u00e9 um reflexo fiel da biodiversidade e do colorido de Maiorca. Decorada com alegres salamandras em tons de azul, vermelho e verde, cada uma com efeito pintado \u00e0 m\u00e3o, o que garante a singularidade de cada pe\u00e7a. O elegante tom bege da ta\u00e7a proporciona um fundo suave que real\u00e7a as cores chamativas e a energia vibrante dos desenhos, enquanto as flores coloridas acrescentam um toque fresco e alegre, capturando a ess\u00eancia da flora maiorquina. A inscri\u00e7\u00e3o &#8220;MALLORCA&#8221; destaca-se, ligando os utilizadores ao local de origem desta preciosa artesania. Al\u00e9m disso, o detalhe da linha vermelha na borda proporciona um acabamento distintivo que real\u00e7a o seu apelo visual.<\/p>\n<p>Esta ta\u00e7a n\u00e3o s\u00f3 \u00e9 ideal para o seu uso pr\u00e1tico na cozinha, como tamb\u00e9m serve como uma encantadora pe\u00e7a decorativa que pode embelezar qualquer espa\u00e7o da casa. Representa uma recorda\u00e7\u00e3o de Maiorca perfeita para aqueles que procuram levar um peda\u00e7o da cultura local, celebrando a riqueza da sua biodiversidade e a arte tradicional. Na Ol\u00e9 Mosaic, especializamo-nos na distribui\u00e7\u00e3o de recorda\u00e7\u00f5es por grosso, oferecendo pe\u00e7as aut\u00eanticas e artesanais que capturam la ess\u00eancia das suas origens. Esta ta\u00e7a de cer\u00e2mica \u00e9 uma excelente op\u00e7\u00e3o para lojas de presentes tur\u00edsticos que desejem oferecer produtos aut\u00eanticos e de qualidade que realcem o legado cultural de Maiorca.<\/p>\n","protected":false},"excerpt":{"rendered":"<p>Ta\u00e7a de cer\u00e2mica de 11 cm decorada com alegres salamandras que representam a biodiversidade de Maiorca. Esta encantadora ta\u00e7a, de um elegante tom bege, apresenta um design artesanal, pintado \u00e0 m\u00e3o, com salamandras em tons de azul, vermelho e verde, acompanhadas de flores coloridas. A inscri\u00e7\u00e3o &#8220;MALLORCA&#8221; real\u00e7a a sua origem, enquanto a linha vermelha na borda acrescenta um toque distintivo. Perfeita tanto para um uso pr\u00e1tico como para decorar.<\/p>\n","protected":false},"featured_media":7088,"template":"","meta":{"_acf_changed":false},"product_brand":[],"product_cat":[513],"product_tag":[516,515],"class_list":{"0":"post-28142","1":"product","2":"type-product","3":"status-publish","4":"has-post-thumbnail","6":"product_cat-bols","7":"product_tag-animais","8":"product_tag-ceramica","9":"pa_ciudad-mallorca","10":"pa_motivo-salamandras","11":"pa_pais-espana","13":"first","14":"instock","15":"shipping-taxable","16":"product-type-simple"},"acf":[],"_links":{"self":[{"href":"https:\/\/olemosaic.com\/pt-pt\/wp-json\/wp\/v2\/product\/28142","targetHints":{"allow":["GET"]}}],"collection":[{"href":"https:\/\/olemosaic.com\/pt-pt\/wp-json\/wp\/v2\/product"}],"about":[{"href":"https:\/\/olemosaic.com\/pt-pt\/wp-json\/wp\/v2\/types\/product"}],"wp:featuredmedia":[{"embeddable":true,"href":"https:\/\/olemosaic.com\/pt-pt\/wp-json\/wp\/v2\/media\/7088"}],"wp:attachment":[{"href":"https:\/\/olemosaic.com\/pt-pt\/wp-json\/wp\/v2\/media?parent=28142"}],"wp:term":[{"taxonomy":"product_brand","embeddable":true,"href":"https:\/\/olemosaic.com\/pt-pt\/wp-json\/wp\/v2\/product_brand?post=28142"},{"taxonomy":"product_cat","embeddable":true,"href":"https:\/\/olemosaic.com\/pt-pt\/wp-json\/wp\/v2\/product_cat?post=28142"},{"taxonomy":"product_tag","embeddable":true,"href":"https:\/\/olemosaic.com\/pt-pt\/wp-json\/wp\/v2\/product_tag?post=28142"}],"curies":[{"name":"wp","href":"https:\/\/api.w.org\/{rel}","templated":true}]}}