{"id":28121,"date":"2025-02-20T22:29:28","date_gmt":"2025-02-20T22:29:28","guid":{"rendered":"http:\/\/olemosaic.com\/producto\/bol-de-ceramica-de-11-cm-mosaico-barcelona-blanco\/"},"modified":"2025-07-25T20:08:18","modified_gmt":"2025-07-25T18:08:18","slug":"taca-de-ceramica-de-11-cm-mosaico-barcelona-branco","status":"publish","type":"product","link":"https:\/\/olemosaic.com\/pt-pt\/produto\/taca-de-ceramica-de-11-cm-mosaico-barcelona-branco\/","title":{"rendered":"Ta\u00e7a de cer\u00e2mica de 11 cm. Mosaico. Barcelona. Branco"},"content":{"rendered":"<p>Esta ta\u00e7a de cer\u00e2mica de 11 cm \u00e9 uma aut\u00eantica homenagem ao vibrante mosaico da arquitetura barcelonesa. Com o seu exterior decorado com uma explos\u00e3o de cores vivas, como o azul, o laranja e o vermelho, esta bela ta\u00e7a captura a ess\u00eancia da arte modernista que define a cidade. Os seus intrincados desenhos geom\u00e9tricos e florais, t\u00edpicos da cer\u00e2mica catal\u00e3, combinam na perfei\u00e7\u00e3o a tradi\u00e7\u00e3o com um design contempor\u00e2neo. O interior, em cor branca, oferece um contraste encantador com os motivos coloridos do exterior, evocando o famoso mosaico do Park G\u00fcell, obra do ic\u00f3nico arquiteto Antoni Gaud\u00ed.<\/p>\n<p>Esta ta\u00e7a n\u00e3o \u00e9 apenas uma pe\u00e7a funcional, mas tamb\u00e9m uma recorda\u00e7\u00e3o cultural significativa, ideal para quem procura levar um peda\u00e7o de Barcelona para os seus lares. Cada detalhe do seu design reflete a rica heran\u00e7a art\u00edstica da cidade, o que a torna um souvenir representativo e aut\u00eantico.<\/p>\n<p>Na Ol\u00e9 Mosaic, como grossistas de souvenirs, oferecemos produtos que celebram a cultura e a tradi\u00e7\u00e3o. Esta ta\u00e7a de cer\u00e2mica \u00e9 uma op\u00e7\u00e3o perfeita para lojas de presentes tur\u00edsticos que desejem oferecer aos seus clientes uma recorda\u00e7\u00e3o de Barcelona de qualidade e atraente. A combina\u00e7\u00e3o de arte, funcionalidade e heran\u00e7a cultural faz desta ta\u00e7a uma escolha excecional para qualquer amante da cidade.<\/p>\n","protected":false},"excerpt":{"rendered":"<p>Ta\u00e7a de cer\u00e2mica de 11 cm, decorada com um mosaico vibrante inspirado na arquitetura de Barcelona. Esta elegante ta\u00e7a apresenta uma combina\u00e7\u00e3o de cores vivas, como o azul, o laranja e o vermelho, juntamente com designs geom\u00e9tricos e florais caracter\u00edsticos da cer\u00e2mica catal\u00e3. O seu interior branco contrasta com o design exterior, evocando a arte do mosaico t\u00edpico da cidade. Uma recorda\u00e7\u00e3o ideal para levar um toque de Barcelona para o seu lar.<\/p>\n","protected":false},"featured_media":11176,"template":"","meta":{"_acf_changed":false},"product_brand":[],"product_cat":[513],"product_tag":[515],"class_list":{"0":"post-28121","1":"product","2":"type-product","3":"status-publish","4":"has-post-thumbnail","6":"product_cat-bols","7":"product_tag-ceramica","8":"pa_ciudad-barcelona","9":"pa_motivo-mosaico","10":"pa_pais-espana","12":"first","13":"instock","14":"shipping-taxable","15":"product-type-simple"},"acf":[],"_links":{"self":[{"href":"https:\/\/olemosaic.com\/pt-pt\/wp-json\/wp\/v2\/product\/28121","targetHints":{"allow":["GET"]}}],"collection":[{"href":"https:\/\/olemosaic.com\/pt-pt\/wp-json\/wp\/v2\/product"}],"about":[{"href":"https:\/\/olemosaic.com\/pt-pt\/wp-json\/wp\/v2\/types\/product"}],"wp:featuredmedia":[{"embeddable":true,"href":"https:\/\/olemosaic.com\/pt-pt\/wp-json\/wp\/v2\/media\/11176"}],"wp:attachment":[{"href":"https:\/\/olemosaic.com\/pt-pt\/wp-json\/wp\/v2\/media?parent=28121"}],"wp:term":[{"taxonomy":"product_brand","embeddable":true,"href":"https:\/\/olemosaic.com\/pt-pt\/wp-json\/wp\/v2\/product_brand?post=28121"},{"taxonomy":"product_cat","embeddable":true,"href":"https:\/\/olemosaic.com\/pt-pt\/wp-json\/wp\/v2\/product_cat?post=28121"},{"taxonomy":"product_tag","embeddable":true,"href":"https:\/\/olemosaic.com\/pt-pt\/wp-json\/wp\/v2\/product_tag?post=28121"}],"curies":[{"name":"wp","href":"https:\/\/api.w.org\/{rel}","templated":true}]}}