{"id":28120,"date":"2025-02-20T23:29:28","date_gmt":"2025-02-20T22:29:28","guid":{"rendered":"http:\/\/olemosaic.com\/producto\/bol-de-ceramica-de-11-cm-panoramica-barcelona-beige\/"},"modified":"2025-07-25T19:54:16","modified_gmt":"2025-07-25T17:54:16","slug":"taca-de-ceramica-de-11-cm-panoramica-barcelona-bege","status":"publish","type":"product","link":"https:\/\/olemosaic.com\/pt-pt\/produto\/taca-de-ceramica-de-11-cm-panoramica-barcelona-bege\/","title":{"rendered":"Ta\u00e7a de cer\u00e2mica de 11 cm. Panor\u00e2mica. Barcelona. Bege"},"content":{"rendered":"<p>Esta ta\u00e7a de cer\u00e2mica de 11 cm \u00e9 uma aut\u00eantica homenagem \u00e0 vibrante Barcelona, ideal para quem deseja levar uma recorda\u00e7\u00e3o representativa e cultural da sua visita. O seu design apresenta uma cuidada panor\u00e2mica que inclui a ic\u00f3nica Sagrada Fam\u00edlia e o famoso mosaico do Park G\u00fcell, capturando a ess\u00eancia da rica arquitetura modernista de la cidade. A paleta colorida, que abrange diferentes tons vibrantes, desde os laranjas ardentes aos verdes azulados, real\u00e7a a beleza destes monumentos, enquanto o interior da ta\u00e7a, num vermelho profundo, acrescenta um contraste atraente que real\u00e7a ainda mais a arte exterior.<\/p>\n<p>Al\u00e9m disso, a ta\u00e7a est\u00e1 adornada com outros elementos ic\u00f3nicos, como a Torre Gl\u00f2ries e motivos florais que evocam a natureza vibrante de Barcelona, tudo pintado \u00e0 m\u00e3o com um n\u00edvel de detalhe extraordin\u00e1rio. Esta ta\u00e7a n\u00e3o \u00e9 apenas uma pe\u00e7a decorativa \u00fanica, mas tamb\u00e9m um s\u00edmbolo da destreza artesanal que se encontra em cada canto da Catalunha. Na Ol\u00e9 Mosaic, orgulhamo-nos de ser distribuidores de souvenirs aut\u00eanticos, e esta ta\u00e7a \u00e9 uma excelente op\u00e7\u00e3o para turistas que procuram uma recorda\u00e7\u00e3o que combine est\u00e9tica e cultura. Perfeita para lojas de presentes tur\u00edsticos, este souvenir de Barcelona oferece um toque especial que encanta todos os que o veem.<\/p>\n","protected":false},"excerpt":{"rendered":"<p>Ta\u00e7a de cer\u00e2mica de 11 cm com uma panor\u00e2mica de Barcelona em cores vibrantes. Esta ta\u00e7a apresenta uma ilustra\u00e7\u00e3o cuidada da Sagrada Fam\u00edlia e do famoso mosaico do Park G\u00fcell, destacando a rica arquitetura modernista da cidade. O interior vermelho real\u00e7a o design exterior, que inclui elementos ic\u00f3nicos como a Torre Gl\u00f2ries e motivos florais, tudo com design artesanal, pintado \u00e0 m\u00e3o, com grande detalhe, o que a torna uma pe\u00e7a \u00fanica e decorativa ideal para qualquer lar.<\/p>\n","protected":false},"featured_media":7707,"template":"","meta":{"_acf_changed":false},"product_brand":[],"product_cat":[513],"product_tag":[515],"class_list":{"0":"post-28120","1":"product","2":"type-product","3":"status-publish","4":"has-post-thumbnail","6":"product_cat-bols","7":"product_tag-ceramica","8":"pa_ciudad-barcelona","9":"pa_motivo-panoramas","10":"pa_pais-espana","12":"first","13":"instock","14":"shipping-taxable","15":"product-type-simple"},"acf":[],"_links":{"self":[{"href":"https:\/\/olemosaic.com\/pt-pt\/wp-json\/wp\/v2\/product\/28120","targetHints":{"allow":["GET"]}}],"collection":[{"href":"https:\/\/olemosaic.com\/pt-pt\/wp-json\/wp\/v2\/product"}],"about":[{"href":"https:\/\/olemosaic.com\/pt-pt\/wp-json\/wp\/v2\/types\/product"}],"wp:featuredmedia":[{"embeddable":true,"href":"https:\/\/olemosaic.com\/pt-pt\/wp-json\/wp\/v2\/media\/7707"}],"wp:attachment":[{"href":"https:\/\/olemosaic.com\/pt-pt\/wp-json\/wp\/v2\/media?parent=28120"}],"wp:term":[{"taxonomy":"product_brand","embeddable":true,"href":"https:\/\/olemosaic.com\/pt-pt\/wp-json\/wp\/v2\/product_brand?post=28120"},{"taxonomy":"product_cat","embeddable":true,"href":"https:\/\/olemosaic.com\/pt-pt\/wp-json\/wp\/v2\/product_cat?post=28120"},{"taxonomy":"product_tag","embeddable":true,"href":"https:\/\/olemosaic.com\/pt-pt\/wp-json\/wp\/v2\/product_tag?post=28120"}],"curies":[{"name":"wp","href":"https:\/\/api.w.org\/{rel}","templated":true}]}}