{"id":28118,"date":"2025-02-20T23:29:27","date_gmt":"2025-02-20T22:29:27","guid":{"rendered":"http:\/\/olemosaic.com\/producto\/bol-de-ceramica-de-11-cm-bailaora-beige\/"},"modified":"2025-07-25T20:27:55","modified_gmt":"2025-07-25T18:27:55","slug":"taca-de-ceramica-de-11-cm-bailaora-bege","status":"publish","type":"product","link":"https:\/\/olemosaic.com\/pt-pt\/produto\/taca-de-ceramica-de-11-cm-bailaora-bege\/","title":{"rendered":"Ta\u00e7a de cer\u00e2mica de 11 cm. Bailaora. Bege"},"content":{"rendered":"<p>Esta ta\u00e7a de cer\u00e2mica de 11 cm, decorada com ilustra\u00e7\u00f5es vibrantes de bailaoras de flamenco, \u00e9 uma encantadora recorda\u00e7\u00e3o da rica cultura espanhola. O seu design em tons bege serve como tela perfeita para real\u00e7ar os trajes coloridos de folhos e as flores vermelhas que adornam as bailarinas, capturando a alegria e o entusiasmo do folclore espanhol. Numa gama crom\u00e1tica alegre, a palavra &#8220;ESPANHA&#8221; apresenta-se com uma tipografia divertida, rodeada de elementos que evocam as festas tradicionais e a paix\u00e3o pelo flamenco.<\/p>\n<p>Pintada \u00e0 m\u00e3o com dedica\u00e7\u00e3o e aten\u00e7\u00e3o ao detalhe, cada ta\u00e7a \u00e9 uma pe\u00e7a \u00fanica que n\u00e3o \u00e9 apenas funcional, mas tamb\u00e9m uma obra de arte que celebra a heran\u00e7a cultural de Espanha. Perfeita como souvenir, esta ta\u00e7a \u00e9 ideal para turistas que procuram uma recorda\u00e7\u00e3o que encapsule a ess\u00eancia das suas experi\u00eancias no pa\u00eds. Na Ol\u00e9 Mosaic, somos especialistas na distribui\u00e7\u00e3o de souvenirs por grosso, oferecendo produtos aut\u00eanticos e representativos como esta ta\u00e7a de cer\u00e2mica, que embelezar\u00e1 qualquer lar. Uma excelente op\u00e7\u00e3o para lojas de presentes tur\u00edsticos que desejem oferecer artigos com significado cultural e qualidade artesanal.<\/p>\n","protected":false},"excerpt":{"rendered":"<p>Ta\u00e7a de cer\u00e2mica de 11 cm decorada com ilustra\u00e7\u00f5es de bailaoras de flamenco, que representam a vivacidade do folclore espanhol. Com um design em cor bege, mostra trajes coloridos de folhos e flores vermelhas, juntamente com a palavra &#8220;ESPANHA&#8221; numa tipografia alegre. Esta ta\u00e7a de design artesanal, pintada \u00e0 m\u00e3o, evoca a ess\u00eancia das festas tradicionais e a arte do flamenco, tornando-se uma bonita recorda\u00e7\u00e3o que captura a cultura espanhola na sua totalidade.<\/p>\n","protected":false},"featured_media":7372,"template":"","meta":{"_acf_changed":false},"product_brand":[],"product_cat":[513],"product_tag":[515],"class_list":{"0":"post-28118","1":"product","2":"type-product","3":"status-publish","4":"has-post-thumbnail","6":"product_cat-bols","7":"product_tag-ceramica","8":"pa_motivo-dancarinos","10":"first","11":"instock","12":"shipping-taxable","13":"product-type-simple"},"acf":[],"_links":{"self":[{"href":"https:\/\/olemosaic.com\/pt-pt\/wp-json\/wp\/v2\/product\/28118","targetHints":{"allow":["GET"]}}],"collection":[{"href":"https:\/\/olemosaic.com\/pt-pt\/wp-json\/wp\/v2\/product"}],"about":[{"href":"https:\/\/olemosaic.com\/pt-pt\/wp-json\/wp\/v2\/types\/product"}],"wp:featuredmedia":[{"embeddable":true,"href":"https:\/\/olemosaic.com\/pt-pt\/wp-json\/wp\/v2\/media\/7372"}],"wp:attachment":[{"href":"https:\/\/olemosaic.com\/pt-pt\/wp-json\/wp\/v2\/media?parent=28118"}],"wp:term":[{"taxonomy":"product_brand","embeddable":true,"href":"https:\/\/olemosaic.com\/pt-pt\/wp-json\/wp\/v2\/product_brand?post=28118"},{"taxonomy":"product_cat","embeddable":true,"href":"https:\/\/olemosaic.com\/pt-pt\/wp-json\/wp\/v2\/product_cat?post=28118"},{"taxonomy":"product_tag","embeddable":true,"href":"https:\/\/olemosaic.com\/pt-pt\/wp-json\/wp\/v2\/product_tag?post=28118"}],"curies":[{"name":"wp","href":"https:\/\/api.w.org\/{rel}","templated":true}]}}