{"id":28117,"date":"2025-02-20T23:29:27","date_gmt":"2025-02-20T22:29:27","guid":{"rendered":"http:\/\/olemosaic.com\/producto\/bol-de-ceramica-de-10-cm-salamandra-barcelona-beige\/"},"modified":"2025-07-25T19:40:53","modified_gmt":"2025-07-25T17:40:53","slug":"taca-de-ceramica-de-10-cm-salamandra-barcelona-bege","status":"publish","type":"product","link":"https:\/\/olemosaic.com\/pt-pt\/produto\/taca-de-ceramica-de-10-cm-salamandra-barcelona-bege\/","title":{"rendered":"Ta\u00e7a de cer\u00e2mica de 10 cm. Salamandra. Barcelona. Bege"},"content":{"rendered":"<p>Esta ta\u00e7a de cer\u00e2mica de 10 cm \u00e9 uma bela representa\u00e7\u00e3o do esp\u00edrito vibrante de Barcelona, concebida para capturar a ess\u00eancia da cidade em cada detalhe. O seu acabamento bege proporciona um fundo neutro que real\u00e7a o design colorido, onde alegres salamandras e flores, com efeito pintado \u00e0 m\u00e3o por especialistas, d\u00e3o vida \u00e0 pe\u00e7a. Com um interior vermelho intenso, esta ta\u00e7a n\u00e3o \u00e9 apenas visualmente impactante, mas tamb\u00e9m funcional, ideal tanto para decorar a cozinha como para servir aperitivos em qualquer ocasi\u00e3o.<\/p>\n<p>As salamandras, s\u00edmbolo da criatividade e da natureza, evocam o famoso mosaico de Gaud\u00ed, um \u00edcone da arte modernista barcelonesa. A combina\u00e7\u00e3o de gr\u00e1ficos vibrantes e alegres reflete a rica cultura e o estilo inovador que caracterizam Barcelona, tornando esta ta\u00e7a um souvenir aut\u00eantico e representativo da cidade. Perfeita como presente ou recorda\u00e7\u00e3o, esta ta\u00e7a de cer\u00e2mica \u00e9 um excelente exemplo de como os elementos tradicionais se podem entrela\u00e7ar com a contemporaneidade, oferecendo aos turistas uma pe\u00e7a que evoca as suas experi\u00eancias na cidade.<\/p>\n<p>Na Ol\u00e9 Mosaic, somos distribuidores de souvenirs por grosso e oferecemos produtos aut\u00eanticos que celebram o patrim\u00f3nio cultural de Espanha. Esta ta\u00e7a de cer\u00e2mica de Barcelona \u00e9 uma op\u00e7\u00e3o ideal para lojas de presentes tur\u00edsticos que procuram artigos \u00fanicos e de alta qualidade.<\/p>\n","protected":false},"excerpt":{"rendered":"<p>Ta\u00e7a de cer\u00e2mica de 10 cm, decorada com um design colorido de salamandras e flores que representa o esp\u00edrito vibrante de Barcelona. Esta ta\u00e7a, com acabamento bege e interior vermelho, exibe gr\u00e1ficos alegres pintados \u00e0 m\u00e3o que evocam o famoso mosaico de Gaud\u00ed. Ideal como pe\u00e7a decorativa ou para usar na cozinha, o seu estilo singular captura a ess\u00eancia da cidade e a sua rica cultura. Perfeita para oferecer ou como recorda\u00e7\u00e3o.<\/p>\n","protected":false},"featured_media":7540,"template":"","meta":{"_acf_changed":false},"product_brand":[],"product_cat":[513],"product_tag":[516,515],"class_list":{"0":"post-28117","1":"product","2":"type-product","3":"status-publish","4":"has-post-thumbnail","6":"product_cat-bols","7":"product_tag-animais","8":"product_tag-ceramica","9":"pa_ciudad-barcelona","10":"pa_motivo-salamandras","11":"pa_pais-espana","13":"first","14":"instock","15":"shipping-taxable","16":"product-type-simple"},"acf":[],"_links":{"self":[{"href":"https:\/\/olemosaic.com\/pt-pt\/wp-json\/wp\/v2\/product\/28117","targetHints":{"allow":["GET"]}}],"collection":[{"href":"https:\/\/olemosaic.com\/pt-pt\/wp-json\/wp\/v2\/product"}],"about":[{"href":"https:\/\/olemosaic.com\/pt-pt\/wp-json\/wp\/v2\/types\/product"}],"wp:featuredmedia":[{"embeddable":true,"href":"https:\/\/olemosaic.com\/pt-pt\/wp-json\/wp\/v2\/media\/7540"}],"wp:attachment":[{"href":"https:\/\/olemosaic.com\/pt-pt\/wp-json\/wp\/v2\/media?parent=28117"}],"wp:term":[{"taxonomy":"product_brand","embeddable":true,"href":"https:\/\/olemosaic.com\/pt-pt\/wp-json\/wp\/v2\/product_brand?post=28117"},{"taxonomy":"product_cat","embeddable":true,"href":"https:\/\/olemosaic.com\/pt-pt\/wp-json\/wp\/v2\/product_cat?post=28117"},{"taxonomy":"product_tag","embeddable":true,"href":"https:\/\/olemosaic.com\/pt-pt\/wp-json\/wp\/v2\/product_tag?post=28117"}],"curies":[{"name":"wp","href":"https:\/\/api.w.org\/{rel}","templated":true}]}}