{"id":28095,"date":"2025-02-20T23:29:27","date_gmt":"2025-02-20T22:29:27","guid":{"rendered":"http:\/\/olemosaic.com\/producto\/bol-de-ceramica-de-10-cm-punt-de-trobada-beige\/"},"modified":"2025-07-25T22:48:14","modified_gmt":"2025-07-25T20:48:14","slug":"taca-de-ceramica-de-10-cm-ponto-de-encontro-bege","status":"publish","type":"product","link":"https:\/\/olemosaic.com\/pt-pt\/produto\/taca-de-ceramica-de-10-cm-ponto-de-encontro-bege\/","title":{"rendered":"Ta\u00e7a de cer\u00e2mica de 10 cm. Ponto de encontro. Bege"},"content":{"rendered":"<p>Esta ta\u00e7a de cer\u00e2mica de 10 cm \u00e9 uma bela pe\u00e7a inspirada na arte moderna, que capta a ess\u00eancia do folclore espanhol atrav\u00e9s do seu design vibrante. Com um acabamento em bege suave, o interior da ta\u00e7a exibe um atraente mosaico de cores que inclui vermelho, verde, azul e preto, apresentando formas abstratas que evocam a criatividade caracter\u00edstica da cultura espanhola. O rebordo azul destaca-se com eleg\u00e2ncia, proporcionando um contraste perfeito com o colorido interior e acrescentando um toque distintivo a esta pe\u00e7a funcional.<\/p>\n<p>Pintada \u00e0 m\u00e3o por artes\u00e3os, cada ta\u00e7a \u00e9 uma obra \u00fanica, repleta de detalhes art\u00edsticos que lhe conferem um car\u00e1ter excecional, tornando-a n\u00e3o apenas um utens\u00edlio para servir aperitivos, mas tamb\u00e9m um atraente elemento decorativo para qualquer casa. Esta recorda\u00e7\u00e3o aut\u00eantica \u00e9 um s\u00edmbolo da rica heran\u00e7a cultural de Espanha, ideal para turistas que procuram levar uma lembran\u00e7a da sua viagem.<\/p>\n<p>Na Ol\u00e9 Mosaic, especializamo-nos na distribui\u00e7\u00e3o de recorda\u00e7\u00f5es por grosso, e esta ta\u00e7a de cer\u00e2mica \u00e9 uma op\u00e7\u00e3o perfeita para lojas de presentes tur\u00edsticos que desejam oferecer produtos aut\u00eanticos e com significado cultural. O nosso compromisso como grossista de cer\u00e2mica garante a qualidade e o design muito especial em cada uma das nossas pe\u00e7as.<\/p>\n","protected":false},"excerpt":{"rendered":"<p>Ta\u00e7a de cer\u00e2mica de 10 cm, acabamento em cor bege com um design vibrante inspirado na arte moderna. Esta atraente ta\u00e7a apresenta motivos coloridos, com formas abstratas em vermelho, verde, azul e preto, que evocam a ess\u00eancia da criatividade e do folclore espanhol. O seu rebordo azul acrescenta um toque distintivo, enquanto a superf\u00edcie de design artesanal, pintada \u00e0 m\u00e3o, real\u00e7a os detalhes art\u00edsticos. Ideal para servir aperitivos ou como pe\u00e7a decorativa em qualquer casa.<\/p>\n","protected":false},"featured_media":10051,"template":"","meta":{"_acf_changed":false},"product_brand":[],"product_cat":[513],"product_tag":[515],"class_list":{"0":"post-28095","1":"product","2":"type-product","3":"status-publish","4":"has-post-thumbnail","6":"product_cat-bols","7":"product_tag-ceramica","8":"pa_motivo-punt-de-trobada","10":"first","11":"instock","12":"shipping-taxable","13":"product-type-simple"},"acf":[],"_links":{"self":[{"href":"https:\/\/olemosaic.com\/pt-pt\/wp-json\/wp\/v2\/product\/28095","targetHints":{"allow":["GET"]}}],"collection":[{"href":"https:\/\/olemosaic.com\/pt-pt\/wp-json\/wp\/v2\/product"}],"about":[{"href":"https:\/\/olemosaic.com\/pt-pt\/wp-json\/wp\/v2\/types\/product"}],"wp:featuredmedia":[{"embeddable":true,"href":"https:\/\/olemosaic.com\/pt-pt\/wp-json\/wp\/v2\/media\/10051"}],"wp:attachment":[{"href":"https:\/\/olemosaic.com\/pt-pt\/wp-json\/wp\/v2\/media?parent=28095"}],"wp:term":[{"taxonomy":"product_brand","embeddable":true,"href":"https:\/\/olemosaic.com\/pt-pt\/wp-json\/wp\/v2\/product_brand?post=28095"},{"taxonomy":"product_cat","embeddable":true,"href":"https:\/\/olemosaic.com\/pt-pt\/wp-json\/wp\/v2\/product_cat?post=28095"},{"taxonomy":"product_tag","embeddable":true,"href":"https:\/\/olemosaic.com\/pt-pt\/wp-json\/wp\/v2\/product_tag?post=28095"}],"curies":[{"name":"wp","href":"https:\/\/api.w.org\/{rel}","templated":true}]}}