{"id":28094,"date":"2025-02-20T23:29:27","date_gmt":"2025-02-20T22:29:27","guid":{"rendered":"http:\/\/olemosaic.com\/producto\/bol-de-ceramica-de-10-cm-panoramica-barcelona-beige-3\/"},"modified":"2025-07-25T19:14:04","modified_gmt":"2025-07-25T17:14:04","slug":"taca-de-ceramica-de-10-cm-panoramica-barcelona-bege-3","status":"publish","type":"product","link":"https:\/\/olemosaic.com\/pt-pt\/produto\/taca-de-ceramica-de-10-cm-panoramica-barcelona-bege-3\/","title":{"rendered":"Ta\u00e7a de cer\u00e2mica de 10 cm. Panor\u00e2mica. Monumento a Colombo. Barcelona. Bege"},"content":{"rendered":"<p>Esta ta\u00e7a de cer\u00e2mica de 10 cm \u00e9 uma aut\u00eantica obra de arte que capta a vibrante ess\u00eancia de Barcelona. Com um design pintado \u00e0 m\u00e3o, a ta\u00e7a apresenta uma encantadora panor\u00e2mica de alguns dos monumentos mais emblem\u00e1ticos da cidade, como a Torre de Collserola, o Park G\u00fcell e o Monumento a Colombo, real\u00e7ados numa explos\u00e3o de cores vivas sobre um fundo bege que acrescenta um toque elegante. O rebordo da ta\u00e7a, numa alegre cor laranja, proporciona um contraste atraente, enquanto as decora\u00e7\u00f5es em forma de estrelas conferem um ar festivo e alegre \u00e0 pe\u00e7a. Esta ta\u00e7a n\u00e3o \u00e9 apenas funcional, mas tamb\u00e9m uma recorda\u00e7\u00e3o perfeita que reflete a riqueza cultural da capital catal\u00e3. \u00c9 ideal para turistas que procuram recorda\u00e7\u00f5es aut\u00eanticas e representativas de Barcelona, seja como pe\u00e7a decorativa ou para servir aperitivos. Na Ol\u00e9 Mosaic especializamo-nos na distribui\u00e7\u00e3o de recorda\u00e7\u00f5es por grosso, oferecendo produtos como esta ta\u00e7a que captam a ess\u00eancia cultural das suas regi\u00f5es de origem, o que a torna uma excelente op\u00e7\u00e3o para lojas de presentes tur\u00edsticos. Com esta ta\u00e7a de cer\u00e2mica, cada cliente levar\u00e1 um peda\u00e7o de Barcelona para casa.<\/p>\n","protected":false},"excerpt":{"rendered":"<p>Ta\u00e7a de cer\u00e2mica de 10 cm com uma encantadora panor\u00e2mica de Barcelona. Esta ta\u00e7a, com um design artesanal, pintado \u00e0 m\u00e3o, mostra monumentos emblem\u00e1ticos como a Torre de Collserola, o Parque G\u00fcell e o Monumento a Colombo, real\u00e7ados com cores vibrantes sobre um fundo bege. Com um rebordo laranja e detalhes de estrelas, \u00e9 uma recorda\u00e7\u00e3o perfeita que capta a ess\u00eancia da capital catal\u00e3, ideal tanto para decorar como para um uso funcional.<\/p>\n","protected":false},"featured_media":7784,"template":"","meta":{"_acf_changed":false},"product_brand":[],"product_cat":[513],"product_tag":[515],"class_list":{"0":"post-28094","1":"product","2":"type-product","3":"status-publish","4":"has-post-thumbnail","6":"product_cat-bols","7":"product_tag-ceramica","8":"pa_ciudad-barcelona","9":"pa_motivo-panoramas","10":"pa_pais-espana","12":"first","13":"instock","14":"shipping-taxable","15":"product-type-simple"},"acf":[],"_links":{"self":[{"href":"https:\/\/olemosaic.com\/pt-pt\/wp-json\/wp\/v2\/product\/28094","targetHints":{"allow":["GET"]}}],"collection":[{"href":"https:\/\/olemosaic.com\/pt-pt\/wp-json\/wp\/v2\/product"}],"about":[{"href":"https:\/\/olemosaic.com\/pt-pt\/wp-json\/wp\/v2\/types\/product"}],"wp:featuredmedia":[{"embeddable":true,"href":"https:\/\/olemosaic.com\/pt-pt\/wp-json\/wp\/v2\/media\/7784"}],"wp:attachment":[{"href":"https:\/\/olemosaic.com\/pt-pt\/wp-json\/wp\/v2\/media?parent=28094"}],"wp:term":[{"taxonomy":"product_brand","embeddable":true,"href":"https:\/\/olemosaic.com\/pt-pt\/wp-json\/wp\/v2\/product_brand?post=28094"},{"taxonomy":"product_cat","embeddable":true,"href":"https:\/\/olemosaic.com\/pt-pt\/wp-json\/wp\/v2\/product_cat?post=28094"},{"taxonomy":"product_tag","embeddable":true,"href":"https:\/\/olemosaic.com\/pt-pt\/wp-json\/wp\/v2\/product_tag?post=28094"}],"curies":[{"name":"wp","href":"https:\/\/api.w.org\/{rel}","templated":true}]}}