{"id":28093,"date":"2025-02-20T23:29:27","date_gmt":"2025-02-20T22:29:27","guid":{"rendered":"http:\/\/olemosaic.com\/producto\/bol-de-ceramica-de-10-cm-salamandra-mallorca-beige-2\/"},"modified":"2025-07-25T22:01:54","modified_gmt":"2025-07-25T20:01:54","slug":"taca-de-ceramica-de-10-cm-salamandra-maiorca-bege-2","status":"publish","type":"product","link":"https:\/\/olemosaic.com\/pt-pt\/produto\/taca-de-ceramica-de-10-cm-salamandra-maiorca-bege-2\/","title":{"rendered":"Ta\u00e7a de cer\u00e2mica de 10 cm. Salamandra. Estilo mediterr\u00e2nico. Maiorca. Bege"},"content":{"rendered":"<p>Esta ta\u00e7a de cer\u00e2mica de 10 cm \u00e9 uma encantadora recorda\u00e7\u00e3o de Maiorca, que funde funcionalidade e est\u00e9tica artesanal. Decorada com vibrantes salamandras e flores, apresenta um atraente fundo bege contrastado com detalhes chamativos em tons de azul, verde, vermelho e amarelo, que evocam o esp\u00edrito alegre e colorido da ilha. A palavra &#8220;MALLORCA&#8221; destaca-se na parte frontal, sublinhando a sua origem e ligando o utilizador \u00e0 rica cultura local.<\/p>\n<p>O design das salamandras faz refer\u00eancia \u00e0 arte tradicional maiorquina, conhecida pelo seu uso de cores vivas e motivos da natureza, o que torna esta ta\u00e7a uma representa\u00e7\u00e3o aut\u00eantica e significativa da regi\u00e3o. Ideal para servir aperitivos ou como elemento decorativo, \u00e9 perfeita para quem procura uma recorda\u00e7\u00e3o simb\u00f3lica das suas f\u00e9rias na ilha.<\/p>\n<p>Na Ol\u00e9 Mosaic, especializamo-nos na distribui\u00e7\u00e3o de recorda\u00e7\u00f5es por grosso, e esta ta\u00e7a representa uma excelente op\u00e7\u00e3o para lojas de presentes tur\u00edsticos que desejam oferecer produtos de qualidade com um elevado valor cultural. Com o seu design \u00fanico e atraente, esta ta\u00e7a de cer\u00e2mica \u00e9 um verdadeiro emblema da arte de Maiorca e uma recorda\u00e7\u00e3o que perdurar\u00e1 no tempo, consolidando-se como parte da tradi\u00e7\u00e3o de recorda\u00e7\u00f5es.<\/p>\n","protected":false},"excerpt":{"rendered":"<p>Ta\u00e7a de cer\u00e2mica de 10 cm decorada com alegres salamandras e flores, inspirada na arte tradicional maiorquina. Apresenta um fundo bege e detalhes chamativos em tons de azul, verde, vermelho e amarelo, que lhe conferem um toque vibrante. A palavra &#8220;MALLORCA&#8221; est\u00e1 impressa na parte frontal, real\u00e7ando a sua origem. Esta ta\u00e7a \u00e9 ideal para servir aperitivos ou como elemento decorativo, combinando funcionalidade e est\u00e9tica artesanal.<\/p>\n","protected":false},"featured_media":7719,"template":"","meta":{"_acf_changed":false},"product_brand":[],"product_cat":[513],"product_tag":[516,515],"class_list":{"0":"post-28093","1":"product","2":"type-product","3":"status-publish","4":"has-post-thumbnail","6":"product_cat-bols","7":"product_tag-animais","8":"product_tag-ceramica","9":"pa_ciudad-mallorca","10":"pa_motivo-salamandras","11":"pa_pais-espana","13":"first","14":"instock","15":"shipping-taxable","16":"product-type-simple"},"acf":[],"_links":{"self":[{"href":"https:\/\/olemosaic.com\/pt-pt\/wp-json\/wp\/v2\/product\/28093","targetHints":{"allow":["GET"]}}],"collection":[{"href":"https:\/\/olemosaic.com\/pt-pt\/wp-json\/wp\/v2\/product"}],"about":[{"href":"https:\/\/olemosaic.com\/pt-pt\/wp-json\/wp\/v2\/types\/product"}],"wp:featuredmedia":[{"embeddable":true,"href":"https:\/\/olemosaic.com\/pt-pt\/wp-json\/wp\/v2\/media\/7719"}],"wp:attachment":[{"href":"https:\/\/olemosaic.com\/pt-pt\/wp-json\/wp\/v2\/media?parent=28093"}],"wp:term":[{"taxonomy":"product_brand","embeddable":true,"href":"https:\/\/olemosaic.com\/pt-pt\/wp-json\/wp\/v2\/product_brand?post=28093"},{"taxonomy":"product_cat","embeddable":true,"href":"https:\/\/olemosaic.com\/pt-pt\/wp-json\/wp\/v2\/product_cat?post=28093"},{"taxonomy":"product_tag","embeddable":true,"href":"https:\/\/olemosaic.com\/pt-pt\/wp-json\/wp\/v2\/product_tag?post=28093"}],"curies":[{"name":"wp","href":"https:\/\/api.w.org\/{rel}","templated":true}]}}