{"id":28092,"date":"2025-02-20T22:29:27","date_gmt":"2025-02-20T22:29:27","guid":{"rendered":"http:\/\/olemosaic.com\/producto\/bol-de-ceramica-de-10-cm-salamandra-mallorca-beige\/"},"modified":"2025-07-25T20:35:20","modified_gmt":"2025-07-25T18:35:20","slug":"taca-de-ceramica-de-10-cm-salamandra-maiorca-bege","status":"publish","type":"product","link":"https:\/\/olemosaic.com\/pt-pt\/produto\/taca-de-ceramica-de-10-cm-salamandra-maiorca-bege\/","title":{"rendered":"Ta\u00e7a de cer\u00e2mica de 10 cm. Salamandra. Maiorca. Bege"},"content":{"rendered":"<p>Esta ta\u00e7a de cer\u00e2mica de 10 cm \u00e9 uma encantadora recorda\u00e7\u00e3o de Maiorca que capta a ess\u00eancia vibrante desta ilha bale\u00e1rica. Decorada com motivos art\u00edsticos de salamandras, o seu design apresenta um fundo branco que real\u00e7a um mosaico colorido de salamandras em tons de azul, vermelho e verde, que se entrela\u00e7am de forma l\u00fadica entre flores multicoloridas, criando um banquete visual. A palavra &#8220;MALLORCA&#8221; aparece em letras divertidas e alegres, acrescentando um toque l\u00fadico a esta pe\u00e7a. O rebordo exterior, numa suave cor bege, emoldura com eleg\u00e2ncia o colorido interior, tornando esta ta\u00e7a n\u00e3o apenas um objeto funcional, mas tamb\u00e9m uma pe\u00e7a decorativa ideal para qualquer ambiente.<\/p>\n<p>Com a sua rica liga\u00e7\u00e3o cultural, esta ta\u00e7a \u00e9 uma excelente recorda\u00e7\u00e3o da biodiversidade e do folclore de Maiorca, onde as salamandras simbolizam a vida e a riqueza natural da ilha. Este produto da Ol\u00e9 Mosaic \u00e9 perfeito para os turistas que procuram recorda\u00e7\u00f5es aut\u00eanticas de Maiorca ou um presente que capte a ess\u00eancia da sua experi\u00eancia na ilha. Como grossistas de cer\u00e2mica, oferecemos pe\u00e7as \u00fanicas que representam a tradi\u00e7\u00e3o artesanal local. Esta ta\u00e7a de cer\u00e2mica n\u00e3o \u00e9 apenas uma recorda\u00e7\u00e3o de Maiorca, mas tamb\u00e9m um elemento decorativo de destaque que acrescentar\u00e1 um toque distintivo a qualquer casa.<\/p>\n","protected":false},"excerpt":{"rendered":"<p>Ta\u00e7a de cer\u00e2mica de 10 cm adornada com salamandras coloridas num design vibrante inspirado em Maiorca. Esta preciosa ta\u00e7a apresenta um fundo branco decorado com mosaicos de salamandras em tons de azul, vermelho e verde, juntamente com flores multicoloridas. A palavra &#8220;MALLORCA&#8221; destaca-se com uma tipografia alegre, finalizando com um rebordo exterior de cor bege. Ideal como recorda\u00e7\u00e3o ou para dar um toque distintivo \u00e0 sua casa.<\/p>\n","protected":false},"featured_media":7727,"template":"","meta":{"_acf_changed":false},"product_brand":[],"product_cat":[513],"product_tag":[516,515],"class_list":{"0":"post-28092","1":"product","2":"type-product","3":"status-publish","4":"has-post-thumbnail","6":"product_cat-bols","7":"product_tag-animais","8":"product_tag-ceramica","9":"pa_ciudad-mallorca","10":"pa_motivo-salamandras","11":"pa_pais-espana","13":"first","14":"instock","15":"shipping-taxable","16":"product-type-simple"},"acf":[],"_links":{"self":[{"href":"https:\/\/olemosaic.com\/pt-pt\/wp-json\/wp\/v2\/product\/28092","targetHints":{"allow":["GET"]}}],"collection":[{"href":"https:\/\/olemosaic.com\/pt-pt\/wp-json\/wp\/v2\/product"}],"about":[{"href":"https:\/\/olemosaic.com\/pt-pt\/wp-json\/wp\/v2\/types\/product"}],"wp:featuredmedia":[{"embeddable":true,"href":"https:\/\/olemosaic.com\/pt-pt\/wp-json\/wp\/v2\/media\/7727"}],"wp:attachment":[{"href":"https:\/\/olemosaic.com\/pt-pt\/wp-json\/wp\/v2\/media?parent=28092"}],"wp:term":[{"taxonomy":"product_brand","embeddable":true,"href":"https:\/\/olemosaic.com\/pt-pt\/wp-json\/wp\/v2\/product_brand?post=28092"},{"taxonomy":"product_cat","embeddable":true,"href":"https:\/\/olemosaic.com\/pt-pt\/wp-json\/wp\/v2\/product_cat?post=28092"},{"taxonomy":"product_tag","embeddable":true,"href":"https:\/\/olemosaic.com\/pt-pt\/wp-json\/wp\/v2\/product_tag?post=28092"}],"curies":[{"name":"wp","href":"https:\/\/api.w.org\/{rel}","templated":true}]}}