{"id":28091,"date":"2025-02-20T23:29:27","date_gmt":"2025-02-20T22:29:27","guid":{"rendered":"http:\/\/olemosaic.com\/producto\/bol-de-ceramica-de-10-cm-panoramica-barcelona-beige-2\/"},"modified":"2025-07-25T20:21:48","modified_gmt":"2025-07-25T18:21:48","slug":"taca-de-ceramica-de-10-cm-panoramica-barcelona-bege-2","status":"publish","type":"product","link":"https:\/\/olemosaic.com\/pt-pt\/produto\/taca-de-ceramica-de-10-cm-panoramica-barcelona-bege-2\/","title":{"rendered":"Ta\u00e7a de cer\u00e2mica de 10 cm. Panor\u00e2mica. Sagrada Fam\u00edlia. Barcelona. Bege"},"content":{"rendered":"<p>Esta ta\u00e7a de cer\u00e2mica de 10 cm \u00e9 uma encantadora recorda\u00e7\u00e3o de Barcelona que capta a ess\u00eancia art\u00edstica e arquitet\u00f3nica da cidade. Com uma colorida panor\u00e2mica que inclui a ic\u00f3nica Sagrada Fam\u00edlia e outros monumentos emblem\u00e1ticos, esta pe\u00e7a foi desenhada para atrair olhares e despertar mem\u00f3rias desta vibrante metr\u00f3pole. Os desenhos vibrantes que adornam o exterior da ta\u00e7a s\u00e3o uma celebra\u00e7\u00e3o da arte modernista, com um uso engenhoso de cores que se entrela\u00e7am para representar a diversidade cultural de Barcelona. O interior bege da ta\u00e7a, contrastado por um rebordo vermelho, confere um toque elegante e acolhedor, tornando-a um objeto decorativo ideal ou uma pe\u00e7a funcional para servir aperitivos.<\/p>\n<p>O texto &#8220;Barcelona&#8221;, emoldurado por motivos culturais, convida os turistas a levar um pedacinho desta maravilhosa cidade para casa. Esta ta\u00e7a n\u00e3o \u00e9 apenas uma recorda\u00e7\u00e3o atraente, mas tamb\u00e9m um s\u00edmbolo da rica heran\u00e7a art\u00edstica da regi\u00e3o, perfeito para quem procura captar a ess\u00eancia de Barcelona de uma forma aut\u00eantica e est\u00e9tica. Na Ol\u00e9 Mosaic, o seu distribuidor de recorda\u00e7\u00f5es por grosso, esta ta\u00e7a representa uma op\u00e7\u00e3o perfeita para lojas de presentes tur\u00edsticos que procuram produtos de qualidade que reflitam a cultura local e a arte de Barcelona.<\/p>\n","protected":false},"excerpt":{"rendered":"<p>Ta\u00e7a de cer\u00e2mica de 10 cm com uma encantadora panor\u00e2mica de Barcelona. Esta pe\u00e7a apresenta um design colorido que destaca a famosa Sagrada Fam\u00edlia e outros monumentos ic\u00f3nicos da cidade. A ta\u00e7a \u00e9 decorada com desenhos vibrantes e a palavra &#8220;Barcelona&#8221;, emoldurada por motivos culturais. Com um interior bege e detalhes em vermelho, \u00e9 ideal para servir ou como objeto decorativo, capturando la ess\u00eancia da arte e da arquitetura modernista da cidade.<\/p>\n","protected":false},"featured_media":7708,"template":"","meta":{"_acf_changed":false},"product_brand":[],"product_cat":[513],"product_tag":[515],"class_list":{"0":"post-28091","1":"product","2":"type-product","3":"status-publish","4":"has-post-thumbnail","6":"product_cat-bols","7":"product_tag-ceramica","8":"pa_ciudad-barcelona","9":"pa_motivo-panoramas","10":"pa_pais-espana","12":"first","13":"instock","14":"shipping-taxable","15":"product-type-simple"},"acf":[],"_links":{"self":[{"href":"https:\/\/olemosaic.com\/pt-pt\/wp-json\/wp\/v2\/product\/28091","targetHints":{"allow":["GET"]}}],"collection":[{"href":"https:\/\/olemosaic.com\/pt-pt\/wp-json\/wp\/v2\/product"}],"about":[{"href":"https:\/\/olemosaic.com\/pt-pt\/wp-json\/wp\/v2\/types\/product"}],"wp:featuredmedia":[{"embeddable":true,"href":"https:\/\/olemosaic.com\/pt-pt\/wp-json\/wp\/v2\/media\/7708"}],"wp:attachment":[{"href":"https:\/\/olemosaic.com\/pt-pt\/wp-json\/wp\/v2\/media?parent=28091"}],"wp:term":[{"taxonomy":"product_brand","embeddable":true,"href":"https:\/\/olemosaic.com\/pt-pt\/wp-json\/wp\/v2\/product_brand?post=28091"},{"taxonomy":"product_cat","embeddable":true,"href":"https:\/\/olemosaic.com\/pt-pt\/wp-json\/wp\/v2\/product_cat?post=28091"},{"taxonomy":"product_tag","embeddable":true,"href":"https:\/\/olemosaic.com\/pt-pt\/wp-json\/wp\/v2\/product_tag?post=28091"}],"curies":[{"name":"wp","href":"https:\/\/api.w.org\/{rel}","templated":true}]}}