{"id":28088,"date":"2025-02-20T23:29:26","date_gmt":"2025-02-20T22:29:26","guid":{"rendered":"http:\/\/olemosaic.com\/producto\/bol-de-coco-amarillo-salamandra-mallorca\/"},"modified":"2025-07-25T18:54:53","modified_gmt":"2025-07-25T16:54:53","slug":"taca-de-coco-amarela-salamandra-maiorca","status":"publish","type":"product","link":"https:\/\/olemosaic.com\/pt-pt\/produto\/taca-de-coco-amarela-salamandra-maiorca\/","title":{"rendered":"Ta\u00e7a de coco amarela. Salamandra. Maiorca."},"content":{"rendered":"<p>Esta ta\u00e7a de cer\u00e2mica amarela \u00e9 uma maravilha artesanal que capta a ess\u00eancia vibrante de Maiorca. Com um acabamento brilhante e um design original, o interior da ta\u00e7a apresenta uma representa\u00e7\u00e3o art\u00edstica de uma salamandra, um s\u00edmbolo que evoca o calor e a vitalidade da ilha. A salamandra, com efeito pintado \u00e0 m\u00e3o num cativante tom amarelo, destaca-se sobre um fundo escuro que real\u00e7a a sua luminosidade. Rodeando esta figura central, pequenos cora\u00e7\u00f5es dourados decoram a borda, conferindo um toque encantador e rom\u00e2ntico \u00e0 pe\u00e7a.<\/p>\n<p>Esta ta\u00e7a n\u00e3o \u00e9 apenas um elemento decorativo, mas uma aut\u00eantica recorda\u00e7\u00e3o de Maiorca que celebra o folclore local e a rica tradi\u00e7\u00e3o cer\u00e2mica da regi\u00e3o. O seu design, meticulosamente trabalhado por artes\u00e3os locais, evoca a liga\u00e7\u00e3o cultural de Maiorca com a natureza e as suas tradi\u00e7\u00f5es, tornando-a um excelente presente para aqueles que desejam levar um pedacinho da ilha.<\/p>\n<p>Na Ol\u00e9 Mosaic, orgulhamo-nos de oferecer produtos aut\u00eanticos e de qualidade. Esta ta\u00e7a de cer\u00e2mica \u00e9 ideal para lojas de presentes tur\u00edsticos que procuram adicionar \u00e0 sua cole\u00e7\u00e3o recorda\u00e7\u00f5es de Maiorca realmente representativas. Com a nossa experi\u00eancia como grossistas de recorda\u00e7\u00f5es, garantimos que cada pe\u00e7a conta uma hist\u00f3ria e \u00e9 uma recorda\u00e7\u00e3o duradoura do encanto mediterr\u00e2nico.<\/p>\n","protected":false},"excerpt":{"rendered":"<p>Ta\u00e7a de coco amarela, decorada com uma salamandra e a palavra &#8220;MAIORCA&#8221;. Esta atraente ta\u00e7a, com acabamento brilhante e detalhes de cora\u00e7\u00f5es na borda, encapsula a ess\u00eancia do folclore maiorquino. O design artesanal, pintado \u00e0 m\u00e3o, real\u00e7a a salamandra num amarelo vibrante sobre um fundo escuro, o que a torna uma pe\u00e7a ideal para decora\u00e7\u00e3o ou como recorda\u00e7\u00e3o representativa da ilha de Maiorca.<\/p>\n","protected":false},"featured_media":10217,"template":"","meta":{"_acf_changed":false},"product_brand":[],"product_cat":[513],"product_tag":[516],"class_list":{"0":"post-28088","1":"product","2":"type-product","3":"status-publish","4":"has-post-thumbnail","6":"product_cat-bols","7":"product_tag-animais","8":"pa_ciudad-mallorca","9":"pa_motivo-salamandras","10":"pa_pais-espana","12":"first","13":"instock","14":"shipping-taxable","15":"product-type-simple"},"acf":[],"_links":{"self":[{"href":"https:\/\/olemosaic.com\/pt-pt\/wp-json\/wp\/v2\/product\/28088","targetHints":{"allow":["GET"]}}],"collection":[{"href":"https:\/\/olemosaic.com\/pt-pt\/wp-json\/wp\/v2\/product"}],"about":[{"href":"https:\/\/olemosaic.com\/pt-pt\/wp-json\/wp\/v2\/types\/product"}],"wp:featuredmedia":[{"embeddable":true,"href":"https:\/\/olemosaic.com\/pt-pt\/wp-json\/wp\/v2\/media\/10217"}],"wp:attachment":[{"href":"https:\/\/olemosaic.com\/pt-pt\/wp-json\/wp\/v2\/media?parent=28088"}],"wp:term":[{"taxonomy":"product_brand","embeddable":true,"href":"https:\/\/olemosaic.com\/pt-pt\/wp-json\/wp\/v2\/product_brand?post=28088"},{"taxonomy":"product_cat","embeddable":true,"href":"https:\/\/olemosaic.com\/pt-pt\/wp-json\/wp\/v2\/product_cat?post=28088"},{"taxonomy":"product_tag","embeddable":true,"href":"https:\/\/olemosaic.com\/pt-pt\/wp-json\/wp\/v2\/product_tag?post=28088"}],"curies":[{"name":"wp","href":"https:\/\/api.w.org\/{rel}","templated":true}]}}