{"id":28087,"date":"2025-02-20T23:29:26","date_gmt":"2025-02-20T22:29:26","guid":{"rendered":"http:\/\/olemosaic.com\/producto\/botella-inox-500-ml-salamandra-5\/"},"modified":"2025-07-25T19:43:28","modified_gmt":"2025-07-25T17:43:28","slug":"garrafa-inox-500-ml-salamandra-estilo-mediterranico","status":"publish","type":"product","link":"https:\/\/olemosaic.com\/pt-pt\/produto\/garrafa-inox-500-ml-salamandra-estilo-mediterranico\/","title":{"rendered":"Garrafa inox. 500 ml. Salamandra. Estilo mediterr\u00e2nico."},"content":{"rendered":"<p>Esta preciosa recorda\u00e7\u00e3o, a garrafa de a\u00e7o inoxid\u00e1vel de 500 ml, capta a ess\u00eancia da arte e da natureza de Espanha. Decorada com um vibrante design de salamandras, esta garrafa inspira-se no famoso trencad\u00eds de Gaud\u00ed, um s\u00edmbolo do modernismo catal\u00e3o. A sua superf\u00edcie branca real\u00e7a um mosaico colorido que apresenta salamandras em tons chamativos de vermelho, verde e amarelo, destacando-se pela sua alegria e dinamismo, e evocando a riqueza da fauna mediterr\u00e2nica. Esta pe\u00e7a n\u00e3o \u00e9 apenas visualmente atraente, mas o seu design tamb\u00e9m \u00e9 funcional, mantendo as bebidas quentes ou frias gra\u00e7as \u00e0 sua robusta constru\u00e7\u00e3o em a\u00e7o inoxid\u00e1vel. Al\u00e9m disso, inclui um pr\u00e1tico gancho que facilita o seu transporte, o que a torna um acess\u00f3rio ideal para aventureiros e amantes da arte. Esta recorda\u00e7\u00e3o representa uma liga\u00e7\u00e3o cultural com a cidade de Barcelona, homenageando a obra do ic\u00f3nico arquiteto Antoni Gaud\u00ed. Na Ol\u00e9 Mosaic, orgulhamo-nos de oferecer recorda\u00e7\u00f5es aut\u00eanticas que destacam a riqueza cultural de Espanha. Esta garrafa \u00e9 uma excelente op\u00e7\u00e3o para lojas de presentes tur\u00edsticos que procuram produtos \u00fanicos e de qualidade para os seus clientes.<\/p>\n","protected":false},"excerpt":{"rendered":"<p>Garrafa de a\u00e7o inoxid\u00e1vel de 500 ml, decorada com um vibrante design de salamandras coloridas, inspirado no famoso trencad\u00eds de Gaud\u00ed. A sua superf\u00edcie branca apresenta um mosaico que real\u00e7a as salamandras em tons de vermelho, verde e amarelo, conferindo um toque de cor e alegria. Esta garrafa \u00e9 ideal para manter as suas bebidas quentes ou frias, e vem com um pr\u00e1tico gancho para facilitar o seu transporte. Perfeita para os amantes da arte e da natureza.<\/p>\n","protected":false},"featured_media":9791,"template":"","meta":{"_acf_changed":false},"product_brand":[],"product_cat":[786],"product_tag":[516],"class_list":{"0":"post-28087","1":"product","2":"type-product","3":"status-publish","4":"has-post-thumbnail","6":"product_cat-garrafas-inox","7":"product_tag-animais","8":"pa_motivo-salamandras","10":"first","11":"instock","12":"shipping-taxable","13":"product-type-simple"},"acf":[],"_links":{"self":[{"href":"https:\/\/olemosaic.com\/pt-pt\/wp-json\/wp\/v2\/product\/28087","targetHints":{"allow":["GET"]}}],"collection":[{"href":"https:\/\/olemosaic.com\/pt-pt\/wp-json\/wp\/v2\/product"}],"about":[{"href":"https:\/\/olemosaic.com\/pt-pt\/wp-json\/wp\/v2\/types\/product"}],"wp:featuredmedia":[{"embeddable":true,"href":"https:\/\/olemosaic.com\/pt-pt\/wp-json\/wp\/v2\/media\/9791"}],"wp:attachment":[{"href":"https:\/\/olemosaic.com\/pt-pt\/wp-json\/wp\/v2\/media?parent=28087"}],"wp:term":[{"taxonomy":"product_brand","embeddable":true,"href":"https:\/\/olemosaic.com\/pt-pt\/wp-json\/wp\/v2\/product_brand?post=28087"},{"taxonomy":"product_cat","embeddable":true,"href":"https:\/\/olemosaic.com\/pt-pt\/wp-json\/wp\/v2\/product_cat?post=28087"},{"taxonomy":"product_tag","embeddable":true,"href":"https:\/\/olemosaic.com\/pt-pt\/wp-json\/wp\/v2\/product_tag?post=28087"}],"curies":[{"name":"wp","href":"https:\/\/api.w.org\/{rel}","templated":true}]}}