{"id":28086,"date":"2025-02-20T23:29:26","date_gmt":"2025-02-20T22:29:26","guid":{"rendered":"http:\/\/olemosaic.com\/producto\/rana-figura-de-resina-de-65-cm-pintada-a-mano\/"},"modified":"2025-07-25T19:08:35","modified_gmt":"2025-07-25T17:08:35","slug":"ra-figura-de-mosaico-de-6-5-cm","status":"publish","type":"product","link":"https:\/\/olemosaic.com\/pt-pt\/produto\/ra-figura-de-mosaico-de-6-5-cm\/","title":{"rendered":"R\u00e3. Figura de mosaico de 6,5 cm."},"content":{"rendered":"<p>Este atraente souvenir \u00e9 uma figura de r\u00e3 de resina com efeito pintado \u00e0 m\u00e3o, de 6,5 cm, que capta a ess\u00eancia da arte do mosaico t\u00edpica de Espanha. O seu design colorido apresenta uma paleta vibrante de azuis, vermelhos, amarelos e verdes, dispostos artisticamente para criar um efeito cativante e din\u00e2mico. Esta encantadora r\u00e3 n\u00e3o \u00e9 apenas um adorno, mas tamb\u00e9m representa o legado cultural do artesanato espanhol, refletindo a tradi\u00e7\u00e3o dos mosaicos que adornam tantos espa\u00e7os emblem\u00e1ticos.<\/p>\n<p>A figura esculpida mostra detalhes meticulosos, desde os seus olhos brilhantes at\u00e9 \u00e0s suas patas cuidadosamente moldadas, o que a torna uma pe\u00e7a \u00fanica e perfeita para quem procura souvenirs aut\u00eanticos que contam uma hist\u00f3ria. Ideal para adornar prateleiras, mesas ou qualquer canto da casa, este souvenir de r\u00e3 \u00e9 um presente evocativo que recordar\u00e1 aos turistas as suas experi\u00eancias em Espanha.<\/p>\n<p>Na Ol\u00e9 Mosaic, somos distribuidores de souvenirs por grosso, e oferecemos produtos que captam a ess\u00eancia cultural e a autenticidade da regi\u00e3o. Esta r\u00e3 de mosaico \u00e9 uma excelente op\u00e7\u00e3o para lojas de presentes tur\u00edsticos que procuram artigos de qualidade e relev\u00e2ncia cultural. Sem d\u00favida, \u00e9 um presente que encantar\u00e1 quem deseja levar um peda\u00e7o de Espanha.<\/p>\n","protected":false},"excerpt":{"rendered":"<p>Figura de r\u00e3 de 6,5 cm, design artesanal, pintado \u00e0 m\u00e3o, com um design colorido que evoca a arte do mosaico. Esta encantadora r\u00e3 apresenta uma gama de cores vibrantes, como azuis, vermelhos, amarelos e verdes, aplicados com esmero para conseguir um efeito chamativo. O seu estilo reflete a rica tradi\u00e7\u00e3o artesanal, o que a torna uma atraente recorda\u00e7\u00e3o que capta a ess\u00eancia cultural de Espanha. Perfeita para adornar prateleiras ou como presente evocativo.<\/p>\n","protected":false},"featured_media":6290,"template":"","meta":{"_acf_changed":false},"product_brand":[],"product_cat":[552],"product_tag":[516],"class_list":{"0":"post-28086","1":"product","2":"type-product","3":"status-publish","4":"has-post-thumbnail","6":"product_cat-numeros","7":"product_tag-animais","8":"pa_motivo-ras","10":"first","11":"instock","12":"shipping-taxable","13":"product-type-simple"},"acf":[],"_links":{"self":[{"href":"https:\/\/olemosaic.com\/pt-pt\/wp-json\/wp\/v2\/product\/28086","targetHints":{"allow":["GET"]}}],"collection":[{"href":"https:\/\/olemosaic.com\/pt-pt\/wp-json\/wp\/v2\/product"}],"about":[{"href":"https:\/\/olemosaic.com\/pt-pt\/wp-json\/wp\/v2\/types\/product"}],"wp:featuredmedia":[{"embeddable":true,"href":"https:\/\/olemosaic.com\/pt-pt\/wp-json\/wp\/v2\/media\/6290"}],"wp:attachment":[{"href":"https:\/\/olemosaic.com\/pt-pt\/wp-json\/wp\/v2\/media?parent=28086"}],"wp:term":[{"taxonomy":"product_brand","embeddable":true,"href":"https:\/\/olemosaic.com\/pt-pt\/wp-json\/wp\/v2\/product_brand?post=28086"},{"taxonomy":"product_cat","embeddable":true,"href":"https:\/\/olemosaic.com\/pt-pt\/wp-json\/wp\/v2\/product_cat?post=28086"},{"taxonomy":"product_tag","embeddable":true,"href":"https:\/\/olemosaic.com\/pt-pt\/wp-json\/wp\/v2\/product_tag?post=28086"}],"curies":[{"name":"wp","href":"https:\/\/api.w.org\/{rel}","templated":true}]}}