{"id":28065,"date":"2025-02-20T23:29:26","date_gmt":"2025-02-20T22:29:26","guid":{"rendered":"http:\/\/olemosaic.com\/producto\/bola-de-navidad-con-caja-panoramica-barcelona-gold-3\/"},"modified":"2025-07-25T19:38:40","modified_gmt":"2025-07-25T17:38:40","slug":"bola-de-natal-com-caixa-panoramica-sagrada-familia-barcelona-gold","status":"publish","type":"product","link":"https:\/\/olemosaic.com\/pt-pt\/produto\/bola-de-natal-com-caixa-panoramica-sagrada-familia-barcelona-gold\/","title":{"rendered":"Bola de Natal com caixa. Panor\u00e2mica. Sagrada Fam\u00edlia. Barcelona. Gold"},"content":{"rendered":"<p>Esta atraente bola de Natal apresenta uma encantadora panor\u00e2mica da ic\u00f3nica Sagrada Fam\u00edlia de Barcelona, um dos monumentos mais emblem\u00e1ticos da arquitetura modernista. Este adorno festivo destaca-se por um design vibrante que combina tons de azul e preto, evocando uma paisagem invernal salpicada de delicados flocos de neve. A representa\u00e7\u00e3o art\u00edstica da Sagrada Fam\u00edlia capta as suas majestosas torres e detalhes arquitet\u00f3nicos, constituindo um fiel reflexo da obra-prima de Antoni Gaud\u00ed.<\/p>\n<p>Adornada com um sofisticado la\u00e7o de veludo numa elegante cor de vinho, este detalhe n\u00e3o s\u00f3 acrescenta um toque distintivo e festivo \u00e0 bola, como tamb\u00e9m refor\u00e7a a sua est\u00e9tica de luxo, tornando-a uma pe\u00e7a ideal para real\u00e7ar qualquer \u00e1rvore de Natal. A bola \u00e9 apresentada numa elegante caixa, o que a torna uma op\u00e7\u00e3o perfeita para presente, refletindo a cultura e a tradi\u00e7\u00e3o natal\u00edcia da Cidade Condal.<\/p>\n<p>Na Ol\u00e9 Mosaic, especializamo-nos na distribui\u00e7\u00e3o de recorda\u00e7\u00f5es por grosso, oferecendo produtos aut\u00eanticos e representativos de cidades ic\u00f3nicas como Barcelona. Esta bola de Natal n\u00e3o \u00e9 apenas um magn\u00edfico adorno, mas uma recorda\u00e7\u00e3o excecional da rica heran\u00e7a cultural de Espanha, ideal para turistas que procuram levar um pedacinho da magia da Sagrada Fam\u00edlia para casa.<\/p>\n","protected":false},"excerpt":{"rendered":"<p>Bola de Natal com caixa que apresenta uma encantadora panor\u00e2mica da Sagrada Fam\u00edlia de Barcelona. Este adorno festivo destaca-se pelo seu design colorido, com tons de azul e preto que evocam uma paisagem invernal salpicada de flocos de neve. A bola \u00e9 adornada com um la\u00e7o de veludo cor de vinho, que lhe confere um toque elegante e festivo. Perfeita para decorar a \u00e1rvore de Natal, esta pe\u00e7a capta a ess\u00eancia arquitet\u00f3nica de um dos monumentos mais emblem\u00e1ticos da cidade.<\/p>\n","protected":false},"featured_media":10395,"template":"","meta":{"_acf_changed":false},"product_brand":[],"product_cat":[652],"product_tag":[642],"class_list":{"0":"post-28065","1":"product","2":"type-product","3":"status-publish","4":"has-post-thumbnail","6":"product_cat-bolas-de-natal","7":"product_tag-natal","8":"pa_ciudad-barcelona","9":"pa_motivo-panoramas","10":"pa_pais-espana","12":"first","13":"instock","14":"shipping-taxable","15":"product-type-simple"},"acf":[],"_links":{"self":[{"href":"https:\/\/olemosaic.com\/pt-pt\/wp-json\/wp\/v2\/product\/28065","targetHints":{"allow":["GET"]}}],"collection":[{"href":"https:\/\/olemosaic.com\/pt-pt\/wp-json\/wp\/v2\/product"}],"about":[{"href":"https:\/\/olemosaic.com\/pt-pt\/wp-json\/wp\/v2\/types\/product"}],"wp:featuredmedia":[{"embeddable":true,"href":"https:\/\/olemosaic.com\/pt-pt\/wp-json\/wp\/v2\/media\/10395"}],"wp:attachment":[{"href":"https:\/\/olemosaic.com\/pt-pt\/wp-json\/wp\/v2\/media?parent=28065"}],"wp:term":[{"taxonomy":"product_brand","embeddable":true,"href":"https:\/\/olemosaic.com\/pt-pt\/wp-json\/wp\/v2\/product_brand?post=28065"},{"taxonomy":"product_cat","embeddable":true,"href":"https:\/\/olemosaic.com\/pt-pt\/wp-json\/wp\/v2\/product_cat?post=28065"},{"taxonomy":"product_tag","embeddable":true,"href":"https:\/\/olemosaic.com\/pt-pt\/wp-json\/wp\/v2\/product_tag?post=28065"}],"curies":[{"name":"wp","href":"https:\/\/api.w.org\/{rel}","templated":true}]}}