{"id":28064,"date":"2025-02-20T23:29:26","date_gmt":"2025-02-20T22:29:26","guid":{"rendered":"http:\/\/olemosaic.com\/producto\/jarra-de-ceramica-panoramica-sevilla-beige\/"},"modified":"2025-07-25T19:09:00","modified_gmt":"2025-07-25T17:09:00","slug":"jarra-de-ceramica-panoramica-sevilha-bege","status":"publish","type":"product","link":"https:\/\/olemosaic.com\/pt-pt\/produto\/jarra-de-ceramica-panoramica-sevilha-bege\/","title":{"rendered":"Jarra de cer\u00e2mica. Panor\u00e2mica. Sevilha. Bege."},"content":{"rendered":"<p>Esta atraente recorda\u00e7\u00e3o sevilhana \u00e9 uma elegante jarra de cer\u00e2mica que capta a ess\u00eancia vibrante desta hist\u00f3rica cidade andaluza. Pintada \u00e0 m\u00e3o em tons de bege, a jarra apresenta uma panor\u00e2mica requintada que inclui monumentos ic\u00f3nicos como a majestosa Giralda e a emblem\u00e1tica Plaza de Espa\u00f1a, plasmados com um estilo colorido e vibrante que reflete a rica cultura local. Com um design muito especial, a jarra ostenta um rebordo e uma asa numa brilhante cor vermelha, que n\u00e3o s\u00f3 acrescenta um toque de alegria, como tamb\u00e9m real\u00e7a a sua autenticidade como produto artesanal.<\/p>\n<p>Ideal tanto para uso funcional na cozinha como para exibi\u00e7\u00e3o decorativa no lar, esta jarra de cer\u00e2mica \u00e9 uma homenagem \u00e0 tradi\u00e7\u00e3o artesanal de Sevilha. O seu design torna-a um acess\u00f3rio \u00fatil e uma recorda\u00e7\u00e3o cultural significativa, perfeita para turistas que procuram levar um peda\u00e7o da heran\u00e7a sevilhana. Na Ol\u00e9 Mosaic, distribu\u00edmos este tipo de recorda\u00e7\u00f5es de Sevilha por grosso, garantindo \u00e0s lojas de presentes tur\u00edsticos produtos de alta qualidade que celebram a singularidade da regi\u00e3o. Este artigo \u00e9 uma excelente op\u00e7\u00e3o para quem deseja oferecer aos seus clientes recorda\u00e7\u00f5es aut\u00eanticas e representativas de Espanha, combinando est\u00e9tica, funcionalidade e cultura.<\/p>\n","protected":false},"excerpt":{"rendered":"<p>Jarra de cer\u00e2mica com uma atraente panor\u00e2mica de Sevilha em tons de bege. Este produto, de design artesanal e pintado \u00e0 m\u00e3o, apresenta designs elaborados que representam monumentos emblem\u00e1ticos da cidade, como a Giralda e a Plaza de Espa\u00f1a, num estilo colorido e vibrante. Com o rebordo e a asa em vermelho, esta jarra \u00e9 t\u00e3o funcional como decorativa, ideal para adicionar um toque andaluz a qualquer casa. Perfeita para exibir ou como recorda\u00e7\u00e3o.<\/p>\n","protected":false},"featured_media":7512,"template":"","meta":{"_acf_changed":false},"product_brand":[],"product_cat":[669],"product_tag":[515],"class_list":{"0":"post-28064","1":"product","2":"type-product","3":"status-publish","4":"has-post-thumbnail","6":"product_cat-jarras","7":"product_tag-ceramica","8":"pa_ciudad-sevilla","9":"pa_motivo-panoramas","10":"pa_pais-espana","12":"first","13":"instock","14":"shipping-taxable","15":"product-type-simple"},"acf":[],"_links":{"self":[{"href":"https:\/\/olemosaic.com\/pt-pt\/wp-json\/wp\/v2\/product\/28064","targetHints":{"allow":["GET"]}}],"collection":[{"href":"https:\/\/olemosaic.com\/pt-pt\/wp-json\/wp\/v2\/product"}],"about":[{"href":"https:\/\/olemosaic.com\/pt-pt\/wp-json\/wp\/v2\/types\/product"}],"wp:featuredmedia":[{"embeddable":true,"href":"https:\/\/olemosaic.com\/pt-pt\/wp-json\/wp\/v2\/media\/7512"}],"wp:attachment":[{"href":"https:\/\/olemosaic.com\/pt-pt\/wp-json\/wp\/v2\/media?parent=28064"}],"wp:term":[{"taxonomy":"product_brand","embeddable":true,"href":"https:\/\/olemosaic.com\/pt-pt\/wp-json\/wp\/v2\/product_brand?post=28064"},{"taxonomy":"product_cat","embeddable":true,"href":"https:\/\/olemosaic.com\/pt-pt\/wp-json\/wp\/v2\/product_cat?post=28064"},{"taxonomy":"product_tag","embeddable":true,"href":"https:\/\/olemosaic.com\/pt-pt\/wp-json\/wp\/v2\/product_tag?post=28064"}],"curies":[{"name":"wp","href":"https:\/\/api.w.org\/{rel}","templated":true}]}}