{"id":28063,"date":"2025-02-20T23:29:26","date_gmt":"2025-02-20T22:29:26","guid":{"rendered":"http:\/\/olemosaic.com\/producto\/bola-de-navidad-con-caja-mosaico-4\/"},"modified":"2025-07-25T20:00:28","modified_gmt":"2025-07-25T18:00:28","slug":"bola-de-natal-com-caixa-mosaico-andaluzia","status":"publish","type":"product","link":"https:\/\/olemosaic.com\/pt-pt\/produto\/bola-de-natal-com-caixa-mosaico-andaluzia\/","title":{"rendered":"Bola de Natal com caixa. Mosaico. Andaluzia."},"content":{"rendered":"<p>Este atraente adorno natal\u00edcio decorativo inspira-se na magn\u00edfica tradi\u00e7\u00e3o do mosaico andaluz, uma das express\u00f5es art\u00edsticas mais emblem\u00e1ticas de Espanha. O design apresenta um padr\u00e3o intrincado que combina cores vibrantes em tons de azul e vermelho, com detalhes brancos que evocam a rica heran\u00e7a cultural da cer\u00e2mica espanhola. A bola, elaborada com meticulosidade, n\u00e3o \u00e9 apenas um objeto decorativo, mas tamb\u00e9m uma homenagem \u00e0 tradi\u00e7\u00e3o artesanal andaluza.<\/p>\n<p>Cada olhar para esta bola revela uma fus\u00e3o harmoniosa de formas e cores que recordam os famosos azulejos que adornam os pal\u00e1cios e pra\u00e7as do sul de Espanha. Al\u00e9m disso, a sua fita cor de vinho para pendurar confere um toque festivo, tornando-a perfeita para adornar a \u00e1rvore de Natal ou para a integrar numa decora\u00e7\u00e3o mais ampla durante a \u00e9poca. \u00c9 apresentada numa bonita caixa, lo que a torna um presente ideal para quem aprecia tanto a arte como a tradi\u00e7\u00e3o.<\/p>\n<p>Esta recorda\u00e7\u00e3o de mosaico n\u00e3o \u00e9 apenas uma joia para a decora\u00e7\u00e3o natal\u00edcia, mas tamb\u00e9m uma lembran\u00e7a significativa que capta a ess\u00eancia da Andaluzia. Na Ol\u00e9 Mosaic, orgulhamo-nos de oferecer produtos aut\u00eanticos que representam o patrim\u00f3nio cultural de Espanha, e esta bola de Natal \u00e9 uma excelente op\u00e7\u00e3o para lojas de presentes tur\u00edsticos que procuram recorda\u00e7\u00f5es \u00fanicas e de alta qualidade. Como grossistas de recorda\u00e7\u00f5es, garantimos que cada pe\u00e7a realce a autenticidade e a beleza das tradi\u00e7\u00f5es espanholas.<\/p>\n","protected":false},"excerpt":{"rendered":"<p>Bola de Natal decorativa com um design inspirado no famoso mosaico andaluz. Esta atraente bola, apresentada numa elegante caixa, exibe um padr\u00e3o intrincado de cores vibrantes em tons de azul, vermelho e detalhes brancos, que evocam a riqueza art\u00edstica da cer\u00e2mica espanhola. Com a sua fita cor de vinho para pendurar, esta pe\u00e7a conferir\u00e1 um toque festivo e cultural \u00e0 sua \u00e1rvore de Natal, tornando-a um presente ideal para amantes da arte e da tradi\u00e7\u00e3o.<\/p>\n","protected":false},"featured_media":9832,"template":"","meta":{"_acf_changed":false},"product_brand":[],"product_cat":[652],"product_tag":[642],"class_list":{"0":"post-28063","1":"product","2":"type-product","3":"status-publish","4":"has-post-thumbnail","6":"product_cat-bolas-de-natal","7":"product_tag-natal","8":"pa_motivo-mosaico","10":"first","11":"instock","12":"shipping-taxable","13":"product-type-simple"},"acf":[],"_links":{"self":[{"href":"https:\/\/olemosaic.com\/pt-pt\/wp-json\/wp\/v2\/product\/28063","targetHints":{"allow":["GET"]}}],"collection":[{"href":"https:\/\/olemosaic.com\/pt-pt\/wp-json\/wp\/v2\/product"}],"about":[{"href":"https:\/\/olemosaic.com\/pt-pt\/wp-json\/wp\/v2\/types\/product"}],"wp:featuredmedia":[{"embeddable":true,"href":"https:\/\/olemosaic.com\/pt-pt\/wp-json\/wp\/v2\/media\/9832"}],"wp:attachment":[{"href":"https:\/\/olemosaic.com\/pt-pt\/wp-json\/wp\/v2\/media?parent=28063"}],"wp:term":[{"taxonomy":"product_brand","embeddable":true,"href":"https:\/\/olemosaic.com\/pt-pt\/wp-json\/wp\/v2\/product_brand?post=28063"},{"taxonomy":"product_cat","embeddable":true,"href":"https:\/\/olemosaic.com\/pt-pt\/wp-json\/wp\/v2\/product_cat?post=28063"},{"taxonomy":"product_tag","embeddable":true,"href":"https:\/\/olemosaic.com\/pt-pt\/wp-json\/wp\/v2\/product_tag?post=28063"}],"curies":[{"name":"wp","href":"https:\/\/api.w.org\/{rel}","templated":true}]}}