{"id":28061,"date":"2025-02-20T23:29:25","date_gmt":"2025-02-20T22:29:25","guid":{"rendered":"http:\/\/olemosaic.com\/producto\/jarra-de-ceramica-la-alhambra-granada-beige\/"},"modified":"2025-07-25T19:01:26","modified_gmt":"2025-07-25T17:01:26","slug":"jarra-de-ceramica-alhambra-granada-bege","status":"publish","type":"product","link":"https:\/\/olemosaic.com\/pt-pt\/produto\/jarra-de-ceramica-alhambra-granada-bege\/","title":{"rendered":"Jarra de cer\u00e2mica. Alhambra. Granada. Bege."},"content":{"rendered":"<p>Esta atraente jarra de cer\u00e2mica, decorada com uma representa\u00e7\u00e3o colorida de Alhambra, \u00e9 a recorda\u00e7\u00e3o perfeita para levar um peda\u00e7o de Granada para casa. Pintada \u00e0 m\u00e3o com esmero, a jarra apresenta um design muito especial em tons de bege, vermelho e verde, onde cada detalhe capta a ess\u00eancia desta emblem\u00e1tica cidade andaluza. Mostra belas representa\u00e7\u00f5es de Alhambra no centro, rodeada por uma paisagem que evoca a rica heran\u00e7a cultural da regi\u00e3o, com colinas e vegeta\u00e7\u00e3o abundante. O contorno assim\u00e9trico acrescenta um toque contempor\u00e2neo e din\u00e2mico, real\u00e7ando a sua unicidade como objeto decorativo.<\/p>\n<p>As inscri\u00e7\u00f5es \u00abGranada\u00bb e \u00abAlhambra\u00bb na parte superior n\u00e3o s\u00f3 refor\u00e7am a sua liga\u00e7\u00e3o cultural, como tamb\u00e9m a tornam um excelente presente para quem procura uma recorda\u00e7\u00e3o aut\u00eantica da sua visita. Ideal para servir bebidas ou como pe\u00e7a decorativa, este souvenir \u00e9 uma maravilhosa representa\u00e7\u00e3o da arte cer\u00e2mica andaluza, o que o torna um presente memor\u00e1vel para amigos e familiares. Na Ol\u00e9 Mosaic especializamo-nos na distribui\u00e7\u00e3o de recorda\u00e7\u00f5es por grosso, oferecendo esta e outras pe\u00e7as que celebram o melhor da cultura espanhola, fazendo de cada uma um s\u00edmbolo da sua rica tradi\u00e7\u00e3o.<\/p>\n","protected":false},"excerpt":{"rendered":"<p>Jarra de cer\u00e2mica decorada com uma representa\u00e7\u00e3o colorida de Alhambra e da paisagem de Granada, ideal para servir bebidas. Esta pe\u00e7a, de design artesanal e pintada \u00e0 m\u00e3o, destaca-se pelo seu design em tons de bege, vermelho e verde, com detalhes de mosaico que evocam a rica heran\u00e7a cultural da regi\u00e3o. O contorno assim\u00e9trico da jarra e as inscri\u00e7\u00f5es &#8220;Granada&#8221; e &#8220;Alhambra&#8221; conferem-lhe um toque distintivo e atraente, tornando-a a recorda\u00e7\u00e3o perfeita desta emblem\u00e1tica cidade andaluza.<\/p>\n","protected":false},"featured_media":7521,"template":"","meta":{"_acf_changed":false},"product_brand":[],"product_cat":[669],"product_tag":[515],"class_list":{"0":"post-28061","1":"product","2":"type-product","3":"status-publish","4":"has-post-thumbnail","6":"product_cat-jarras","7":"product_tag-ceramica","8":"pa_ciudad-granada","9":"pa_motivo-a-alhambra","10":"pa_pais-espana","12":"first","13":"instock","14":"shipping-taxable","15":"product-type-simple"},"acf":[],"_links":{"self":[{"href":"https:\/\/olemosaic.com\/pt-pt\/wp-json\/wp\/v2\/product\/28061","targetHints":{"allow":["GET"]}}],"collection":[{"href":"https:\/\/olemosaic.com\/pt-pt\/wp-json\/wp\/v2\/product"}],"about":[{"href":"https:\/\/olemosaic.com\/pt-pt\/wp-json\/wp\/v2\/types\/product"}],"wp:featuredmedia":[{"embeddable":true,"href":"https:\/\/olemosaic.com\/pt-pt\/wp-json\/wp\/v2\/media\/7521"}],"wp:attachment":[{"href":"https:\/\/olemosaic.com\/pt-pt\/wp-json\/wp\/v2\/media?parent=28061"}],"wp:term":[{"taxonomy":"product_brand","embeddable":true,"href":"https:\/\/olemosaic.com\/pt-pt\/wp-json\/wp\/v2\/product_brand?post=28061"},{"taxonomy":"product_cat","embeddable":true,"href":"https:\/\/olemosaic.com\/pt-pt\/wp-json\/wp\/v2\/product_cat?post=28061"},{"taxonomy":"product_tag","embeddable":true,"href":"https:\/\/olemosaic.com\/pt-pt\/wp-json\/wp\/v2\/product_tag?post=28061"}],"curies":[{"name":"wp","href":"https:\/\/api.w.org\/{rel}","templated":true}]}}