{"id":28043,"date":"2025-02-20T22:29:25","date_gmt":"2025-02-20T22:29:25","guid":{"rendered":"http:\/\/olemosaic.com\/producto\/funda-de-telefono-para-iphone-12-promax-tpu-mosaico-barcelona-blanco\/"},"modified":"2025-07-25T18:47:20","modified_gmt":"2025-07-25T16:47:20","slug":"capa-de-telemovel-para-iphone-12-pro-max-tpu-mosaico-barcelona-branco","status":"publish","type":"product","link":"https:\/\/olemosaic.com\/pt-pt\/produto\/capa-de-telemovel-para-iphone-12-pro-max-tpu-mosaico-barcelona-branco\/","title":{"rendered":"Capa de telem\u00f3vel para iPhone 12 Pro Max (TPU). Mosaico. Barcelona. Branco"},"content":{"rendered":"<p>Este atraente design de capa para iPhone 12 Pro Max \u00e9 uma celebra\u00e7\u00e3o da vibrante arquitetura barcelonesa, ideal para quem deseja levar consigo um pedacinho desta magn\u00edfica cidade. Fabricada em TPU, esta capa oferece durabilidade e uma prote\u00e7\u00e3o eficaz contra choques e quedas, assegurando a integridade do seu dispositivo. O seu espetacular design de mosaico inspira-se nos ic\u00f3nicos azulejos que decoram muitos dos edif\u00edcios da capital catal\u00e3, apresentando uma alegre combina\u00e7\u00e3o de cores \u2013 vermelho, azul e amarelo \u2013 em intrincados desenhos geom\u00e9tricos e florais. O design tamb\u00e9m inclui a palavra &#8220;Barcelona&#8221; numa elegante tipografia, acrescentando um toque pessoal e distintivo \u00e0 pe\u00e7a.<\/p>\n<p>Cada vez que olhar para esta capa, recordar-se-\u00e1 da rica heran\u00e7a cultural de Barcelona, famosa pela sua arquitetura modernista, especialmente a obra de Antoni Gaud\u00ed. Esta capa n\u00e3o s\u00f3 \u00e9 uma excelente op\u00e7\u00e3o para proteger o seu telem\u00f3vel, como tamb\u00e9m serve como uma recorda\u00e7\u00e3o aut\u00eantica, representando a ess\u00eancia de la cidade. Na Ol\u00e9 Mosaic, orgulhamo-nos de oferecer produtos que s\u00e3o recorda\u00e7\u00f5es aut\u00eanticas de Barcelona. Esta capa \u00e9 uma excelente escolha para lojas de recorda\u00e7\u00f5es tur\u00edsticas que procurem artigos que fundam funcionalidade e relev\u00e2ncia cultural, posicionando-se como uma recorda\u00e7\u00e3o atraente para os visitantes da cidade. Como grossistas de capas, garantimos qualidade e design em cada pe\u00e7a.<\/p>\n","protected":false},"excerpt":{"rendered":"<p>Capa para iPhone 12 Pro Max fabricada em TPU com um vibrante design de mosaico inspirado na arquitetura de Barcelona. Apresenta uma atraente combina\u00e7\u00e3o de cores em desenhos geom\u00e9tricos e florais que evocam os famosos azulejos da cidade. O design inclui a palavra &#8220;Barcelona&#8221; num estilo elegante, tornando esta capa numa forma bonita e pr\u00e1tica de proteger o seu telem\u00f3vel, ao mesmo tempo que reflete o estilo \u00fanico da capital catal\u00e3.<\/p>\n","protected":false},"featured_media":12262,"template":"","meta":{"_acf_changed":false},"product_brand":[],"product_cat":[685],"product_tag":[],"class_list":{"0":"post-28043","1":"product","2":"type-product","3":"status-publish","4":"has-post-thumbnail","6":"product_cat-capas-para-telemoveis","7":"pa_ciudad-barcelona","8":"pa_motivo-mosaico","9":"pa_pais-espana","11":"first","12":"instock","13":"shipping-taxable","14":"product-type-simple"},"acf":[],"_links":{"self":[{"href":"https:\/\/olemosaic.com\/pt-pt\/wp-json\/wp\/v2\/product\/28043","targetHints":{"allow":["GET"]}}],"collection":[{"href":"https:\/\/olemosaic.com\/pt-pt\/wp-json\/wp\/v2\/product"}],"about":[{"href":"https:\/\/olemosaic.com\/pt-pt\/wp-json\/wp\/v2\/types\/product"}],"wp:featuredmedia":[{"embeddable":true,"href":"https:\/\/olemosaic.com\/pt-pt\/wp-json\/wp\/v2\/media\/12262"}],"wp:attachment":[{"href":"https:\/\/olemosaic.com\/pt-pt\/wp-json\/wp\/v2\/media?parent=28043"}],"wp:term":[{"taxonomy":"product_brand","embeddable":true,"href":"https:\/\/olemosaic.com\/pt-pt\/wp-json\/wp\/v2\/product_brand?post=28043"},{"taxonomy":"product_cat","embeddable":true,"href":"https:\/\/olemosaic.com\/pt-pt\/wp-json\/wp\/v2\/product_cat?post=28043"},{"taxonomy":"product_tag","embeddable":true,"href":"https:\/\/olemosaic.com\/pt-pt\/wp-json\/wp\/v2\/product_tag?post=28043"}],"curies":[{"name":"wp","href":"https:\/\/api.w.org\/{rel}","templated":true}]}}