{"id":28033,"date":"2025-02-20T22:29:24","date_gmt":"2025-02-20T22:29:24","guid":{"rendered":"http:\/\/olemosaic.com\/producto\/aceitera-de-ceramica-panoramica-barcelona-calca-beige\/"},"modified":"2025-07-25T19:36:18","modified_gmt":"2025-07-25T17:36:18","slug":"azeiteira-de-ceramica-panoramica-barcelona-decalque-bege","status":"publish","type":"product","link":"https:\/\/olemosaic.com\/pt-pt\/produto\/azeiteira-de-ceramica-panoramica-barcelona-decalque-bege\/","title":{"rendered":"Azeiteira de cer\u00e2mica. Panor\u00e2mica. Barcelona. Decalque. Bege"},"content":{"rendered":"<p>Esta azeiteira de cer\u00e2mica de Barcelona \u00e9 uma pe\u00e7a requintada que funde funcionalidade e arte, ideal para quem aprecia a cultura mediterr\u00e2nica. Com o seu acabamento em bege, a garrafa exibe uma encantadora panor\u00e2mica de Barcelona, onde se destacam monumentos emblem\u00e1ticos como a Sagrada Fam\u00edlia e o Parque G\u00fcell, cuidadosamente ilustrados atrav\u00e9s da t\u00e9cnica de decalque em cores vibrantes. Cada detalhe visual capta a ess\u00eancia da arquitetura modernista de Gaud\u00ed, tornando este artigo numa verdadeira homenagem \u00e0 heran\u00e7a cultural da cidade. A tampa, em tons de laranja, verde e preto, n\u00e3o s\u00f3 confere um toque distintivo, como tamb\u00e9m \u00e9 um elemento pr\u00e1tico que facilita o seu uso di\u00e1rio na cozinha. Perfeita para embelezar qualquer mesa, esta azeiteira n\u00e3o serve apenas para armazenar azeite, mas torna-se uma bonita recorda\u00e7\u00e3o que evoca os momentos vividos nesta emblem\u00e1tica cidade. Na Ol\u00e9 Mosaic, especializamo-nos na distribui\u00e7\u00e3o de recorda\u00e7\u00f5es de cer\u00e2mica por grosso, e esta azeiteira \u00e9 uma excelente op\u00e7\u00e3o para lojas de presentes tur\u00edsticos que procuram produtos aut\u00eanticos, decorativos e representativos de Barcelona. Com esta recorda\u00e7\u00e3o, os turistas podem levar para casa um peda\u00e7o da vibrante cultura catal\u00e3.<\/p>\n","protected":false},"excerpt":{"rendered":"<p>Azeiteira de cer\u00e2mica com acabamento bege, decorada com uma encantadora panor\u00e2mica de Barcelona, que inclui monumentos emblem\u00e1ticos como a Sagrada Fam\u00edlia e o Park G\u00fcell, com detalhes em cores vibrantes. Este design, realizado atrav\u00e9s da t\u00e9cnica de decalque, combina funcionalidade e arte na cozinha. A tampa, em cores laranja, verde e preto, adiciona um toque distintivo. Perfeita para oferecer ou para embelezar qualquer mesa.<\/p>\n","protected":false},"featured_media":7351,"template":"","meta":{"_acf_changed":false},"product_brand":[],"product_cat":[783],"product_tag":[515],"class_list":{"0":"post-28033","1":"product","2":"type-product","3":"status-publish","4":"has-post-thumbnail","6":"product_cat-galheteiros","7":"product_tag-ceramica","8":"pa_ciudad-barcelona","9":"pa_motivo-panoramas","10":"pa_pais-espana","12":"first","13":"instock","14":"shipping-taxable","15":"product-type-simple"},"acf":[],"_links":{"self":[{"href":"https:\/\/olemosaic.com\/pt-pt\/wp-json\/wp\/v2\/product\/28033","targetHints":{"allow":["GET"]}}],"collection":[{"href":"https:\/\/olemosaic.com\/pt-pt\/wp-json\/wp\/v2\/product"}],"about":[{"href":"https:\/\/olemosaic.com\/pt-pt\/wp-json\/wp\/v2\/types\/product"}],"wp:featuredmedia":[{"embeddable":true,"href":"https:\/\/olemosaic.com\/pt-pt\/wp-json\/wp\/v2\/media\/7351"}],"wp:attachment":[{"href":"https:\/\/olemosaic.com\/pt-pt\/wp-json\/wp\/v2\/media?parent=28033"}],"wp:term":[{"taxonomy":"product_brand","embeddable":true,"href":"https:\/\/olemosaic.com\/pt-pt\/wp-json\/wp\/v2\/product_brand?post=28033"},{"taxonomy":"product_cat","embeddable":true,"href":"https:\/\/olemosaic.com\/pt-pt\/wp-json\/wp\/v2\/product_cat?post=28033"},{"taxonomy":"product_tag","embeddable":true,"href":"https:\/\/olemosaic.com\/pt-pt\/wp-json\/wp\/v2\/product_tag?post=28033"}],"curies":[{"name":"wp","href":"https:\/\/api.w.org\/{rel}","templated":true}]}}