{"id":28032,"date":"2025-02-20T23:29:24","date_gmt":"2025-02-20T22:29:24","guid":{"rendered":"http:\/\/olemosaic.com\/producto\/abridor-de-metal-bailaora-pintado-a-mano\/"},"modified":"2025-07-25T19:59:20","modified_gmt":"2025-07-25T17:59:20","slug":"abridor-de-metal-bailarina-flamenco-pintado-a-mao","status":"publish","type":"product","link":"https:\/\/olemosaic.com\/pt-pt\/produto\/abridor-de-metal-bailarina-flamenco-pintado-a-mao\/","title":{"rendered":"Abridor de metal. Bailarina de Flamenco."},"content":{"rendered":"<p>Este abridor de metal pintado \u00e0 m\u00e3o \u00e9 uma representa\u00e7\u00e3o vibrante da rica heran\u00e7a cultural espanhola, em especial do flamenco, uma arte reconhecida mundialmente. No seu design, destacam-se duas bailarinas de cores vivas; uma exibe um espetacular traje vermelho que evoca a paix\u00e3o e a energia da dan\u00e7a, enquanto a outra apresenta um vestido cheio de matizes que simbolizam a alegria e a diversidade do folclore espanhol. Este magn\u00edfico abridor n\u00e3o \u00e9 apenas um utens\u00edlio pr\u00e1tico, mas tamb\u00e9m uma pe\u00e7a decorativa: os elementos em relevo e o acabamento brilhante n\u00e3o s\u00f3 captam a luz de forma impressionante, como real\u00e7am o conjunto.<\/p>\n<p>Inscrita na parte superior, a palavra &#8220;ESPANHA&#8221; adiciona um toque distintivo, ligando o objeto ao seu contexto cultural e geogr\u00e1fico. Este abridor \u00e9 uma recorda\u00e7\u00e3o ideal, que funde funcionalidade e arte, perfeito para os turistas que desejem levar um pedacinho da tradi\u00e7\u00e3o espanhola para casa. Na Ol\u00e9 Mosaic, especializamo-nos na distribui\u00e7\u00e3o de recorda\u00e7\u00f5es aut\u00eanticas, e este abridor de bailarinas n\u00e3o s\u00f3 \u00e9 um excelente presente, como tamb\u00e9m representa a ess\u00eancia da Andaluzia flamenca. Ao escolher os nossos produtos, as lojas de presentes tur\u00edsticos obt\u00eam artigos \u00fanicos que real\u00e7am a riqueza da cultura espanhola.<\/p>\n","protected":false},"excerpt":{"rendered":"<p>Abridor de metal de design artesanal, pintado \u00e0 m\u00e3o, que apresenta uma representa\u00e7\u00e3o vibrante de duas bailarinas de flamenco. Uma delas exibe um vestido vermelho e a outra, um traje cheio de colorido. Este artigo, ideal como recorda\u00e7\u00e3o de Espanha, reflete a rica cultura e a arte do flamenco atrav\u00e9s do seu design detalhado, que inclui elementos decorativos em relevo e um acabamento brilhante. Na parte superior, est\u00e1 inscrita a palavra &#8220;ESPANHA&#8221;, adicionando um toque distintivo a este pr\u00e1tico e art\u00edstico abridor.<\/p>\n","protected":false},"featured_media":11194,"template":"","meta":{"_acf_changed":false},"product_brand":[],"product_cat":[801],"product_tag":[],"class_list":{"0":"post-28032","1":"product","2":"type-product","3":"status-publish","4":"has-post-thumbnail","6":"product_cat-abridores","7":"pa_motivo-dancarinos","9":"first","10":"instock","11":"shipping-taxable","12":"product-type-simple"},"acf":[],"_links":{"self":[{"href":"https:\/\/olemosaic.com\/pt-pt\/wp-json\/wp\/v2\/product\/28032","targetHints":{"allow":["GET"]}}],"collection":[{"href":"https:\/\/olemosaic.com\/pt-pt\/wp-json\/wp\/v2\/product"}],"about":[{"href":"https:\/\/olemosaic.com\/pt-pt\/wp-json\/wp\/v2\/types\/product"}],"wp:featuredmedia":[{"embeddable":true,"href":"https:\/\/olemosaic.com\/pt-pt\/wp-json\/wp\/v2\/media\/11194"}],"wp:attachment":[{"href":"https:\/\/olemosaic.com\/pt-pt\/wp-json\/wp\/v2\/media?parent=28032"}],"wp:term":[{"taxonomy":"product_brand","embeddable":true,"href":"https:\/\/olemosaic.com\/pt-pt\/wp-json\/wp\/v2\/product_brand?post=28032"},{"taxonomy":"product_cat","embeddable":true,"href":"https:\/\/olemosaic.com\/pt-pt\/wp-json\/wp\/v2\/product_cat?post=28032"},{"taxonomy":"product_tag","embeddable":true,"href":"https:\/\/olemosaic.com\/pt-pt\/wp-json\/wp\/v2\/product_tag?post=28032"}],"curies":[{"name":"wp","href":"https:\/\/api.w.org\/{rel}","templated":true}]}}