{"id":28008,"date":"2025-02-20T23:29:23","date_gmt":"2025-02-20T22:29:23","guid":{"rendered":"http:\/\/olemosaic.com\/producto\/abridor-de-metal-barcelona-pintado-a-mano-mosaico\/"},"modified":"2025-07-25T18:41:37","modified_gmt":"2025-07-25T16:41:37","slug":"abridor-de-metal-barcelona-pintado-a-mao-mosaico","status":"publish","type":"product","link":"https:\/\/olemosaic.com\/pt-pt\/produto\/abridor-de-metal-barcelona-pintado-a-mao-mosaico\/","title":{"rendered":"Abridor de metal. Barcelona. Mosaico"},"content":{"rendered":"<p>Este abridor de metal pintado \u00e0 m\u00e3o \u00e9 um souvenir pr\u00e1tico que capta a ess\u00eancia vibrante de Barcelona. Com um design colorido que apresenta as letras que formam o nome &#8220;Barcelona&#8221;, este acess\u00f3rio n\u00e3o \u00e9 apenas funcional, mas tamb\u00e9m uma pe\u00e7a distintiva que evoca o famoso estilo art\u00edstico de Gaud\u00ed, t\u00e3o representativo da cidade. Os acabamentos em mosaico, que adornam cada letra, prestam homenagem \u00e0 rica heran\u00e7a cultural da capital catal\u00e3, caracterizada pelas suas espetaculares fachadas e obras-primas da arquitetura modernista.<\/p>\n<p>Os tons brilhantes e a t\u00e9cnica de pintura artesanal fazem deste abridor um elemento atraente e \u00fanico, perfeito para os turistas que desejam levar uma recorda\u00e7\u00e3o aut\u00eantica da sua visita. Al\u00e9m disso, o seu fabrico robusto em metal garante durabilidade e uma utiliza\u00e7\u00e3o pr\u00e1tica tanto em casa como em reuni\u00f5es sociais. Este souvenir de Barcelona \u00e9 uma excelente ideia para lojas de presentes tur\u00edsticos, pois combina a funcionalidade com um toque art\u00edstico inconfund\u00edvel. Na Ol\u00e9 Mosaic, como especialistas na distribui\u00e7\u00e3o de souvenirs por grosso, oferecemos produtos que refletem a rica cultura espanhola, assegurando autenticidade e qualidade em cada pe\u00e7a. Este abridor de metal n\u00e3o \u00e9 apenas um acess\u00f3rio \u00fatil, mas um peda\u00e7o de arte no seu dia a dia.<\/p>\n","protected":false},"excerpt":{"rendered":"<p>Abridor de metal com design artesanal, pintado \u00e0 m\u00e3o, inspirado na vibrante cidade de Barcelona. Este pr\u00e1tico abridor apresenta um design colorido com letras que formam o nome &#8220;Barcelona&#8221;, com acabamentos em mosaico que evocam o famoso estilo art\u00edstico de Gaud\u00ed. Os seus tons brilhantes e a t\u00e9cnica de pintura artesanal tornam-no num souvenir ideal que combina funcionalidade e um toque de cultura catal\u00e3, perfeito para recordar os seus momentos nesta encantadora cidade.<\/p>\n","protected":false},"featured_media":10421,"template":"","meta":{"_acf_changed":false},"product_brand":[],"product_cat":[801],"product_tag":[],"class_list":{"0":"post-28008","1":"product","2":"type-product","3":"status-publish","4":"has-post-thumbnail","6":"product_cat-abridores","7":"pa_ciudad-barcelona","8":"pa_pais-espana","10":"first","11":"instock","12":"shipping-taxable","13":"product-type-simple"},"acf":[],"_links":{"self":[{"href":"https:\/\/olemosaic.com\/pt-pt\/wp-json\/wp\/v2\/product\/28008","targetHints":{"allow":["GET"]}}],"collection":[{"href":"https:\/\/olemosaic.com\/pt-pt\/wp-json\/wp\/v2\/product"}],"about":[{"href":"https:\/\/olemosaic.com\/pt-pt\/wp-json\/wp\/v2\/types\/product"}],"wp:featuredmedia":[{"embeddable":true,"href":"https:\/\/olemosaic.com\/pt-pt\/wp-json\/wp\/v2\/media\/10421"}],"wp:attachment":[{"href":"https:\/\/olemosaic.com\/pt-pt\/wp-json\/wp\/v2\/media?parent=28008"}],"wp:term":[{"taxonomy":"product_brand","embeddable":true,"href":"https:\/\/olemosaic.com\/pt-pt\/wp-json\/wp\/v2\/product_brand?post=28008"},{"taxonomy":"product_cat","embeddable":true,"href":"https:\/\/olemosaic.com\/pt-pt\/wp-json\/wp\/v2\/product_cat?post=28008"},{"taxonomy":"product_tag","embeddable":true,"href":"https:\/\/olemosaic.com\/pt-pt\/wp-json\/wp\/v2\/product_tag?post=28008"}],"curies":[{"name":"wp","href":"https:\/\/api.w.org\/{rel}","templated":true}]}}