{"id":28007,"date":"2025-02-20T23:29:23","date_gmt":"2025-02-20T22:29:23","guid":{"rendered":"http:\/\/olemosaic.com\/producto\/abridor-de-metal-mallorca-pintado-a-mano-mosaico\/"},"modified":"2025-07-25T20:20:45","modified_gmt":"2025-07-25T18:20:45","slug":"abridor-de-metal-maiorca-pintado-a-mao-mosaico","status":"publish","type":"product","link":"https:\/\/olemosaic.com\/pt-pt\/produto\/abridor-de-metal-maiorca-pintado-a-mao-mosaico\/","title":{"rendered":"Abridor de metal. Maiorca. Mosaico"},"content":{"rendered":"<p>Este abridor de metal pintado \u00e0 m\u00e3o \u00e9 uma encantadora recorda\u00e7\u00e3o de Maiorca que adiciona um toque de cor e alegria a qualquer casa. Decorado com um mosaico vibrante que forma a palavra \u201cMALLORCA\u201d, o seu design moderno mostra uma explos\u00e3o de tons em laranja, vermelho, azul e verde. O abridor n\u00e3o \u00e9 apenas funcional, mas tamb\u00e9m atua como uma pe\u00e7a decorativa que reflete a beleza e a cultura das Ilhas Baleares. Cada cor foi escolhida cuidadosamente para evocar as vistas vibrantes da paisagem de Maiorca, onde o amanhecer e o entardecer tingem o c\u00e9u com matizes quentes e frescos.<\/p>\n<p>O mosaico, uma t\u00e9cnica representativa do artesanato local, destaca a autenticidade deste abridor como recorda\u00e7\u00e3o t\u00edpica de Maiorca, tornando-o perfeito para quem procura um souvenir que combine est\u00e9tica e utilidade. Ao abrir uma garrafa, este abridor de metal pintado \u00e0 m\u00e3o evoca mem\u00f3rias das praias e da cultura mediterr\u00e2nica, tornando-se um objeto ideal para turistas que desejam levar um pedacinho de Maiorca. Na Ol\u00e9 Mosaic, a nossa especialidade \u00e9 oferecer recorda\u00e7\u00f5es de qualidade por grosso, e este abridor de Maiorca \u00e9 uma excelente op\u00e7\u00e3o para lojas de presentes tur\u00edsticos que procuram produtos \u00fanicos e representativos da tradi\u00e7\u00e3o da ilha.<\/p>\n","protected":false},"excerpt":{"rendered":"<p>Abridor de metal com design artesanal, pintado \u00e0 m\u00e3o, decorado com um mosaico vibrante em cores alegres que forma a palavra \u00abMALLORCA\u00bb. Este atraente abridor presta homenagem \u00e0 beleza e cultura de Maiorca, com um design moderno e colorido que se destaca pelas suas tonalidades em laranja, vermelho, azul e verde. Perfeito para quem deseja uma recorda\u00e7\u00e3o funcional e colorida das Ilhas Baleares, combina est\u00e9tica e utilidade num \u00fanico artigo.<\/p>\n","protected":false},"featured_media":12043,"template":"","meta":{"_acf_changed":false},"product_brand":[],"product_cat":[801],"product_tag":[],"class_list":{"0":"post-28007","1":"product","2":"type-product","3":"status-publish","4":"has-post-thumbnail","6":"product_cat-abridores","7":"pa_ciudad-mallorca","8":"pa_pais-espana","10":"first","11":"instock","12":"shipping-taxable","13":"product-type-simple"},"acf":[],"_links":{"self":[{"href":"https:\/\/olemosaic.com\/pt-pt\/wp-json\/wp\/v2\/product\/28007","targetHints":{"allow":["GET"]}}],"collection":[{"href":"https:\/\/olemosaic.com\/pt-pt\/wp-json\/wp\/v2\/product"}],"about":[{"href":"https:\/\/olemosaic.com\/pt-pt\/wp-json\/wp\/v2\/types\/product"}],"wp:featuredmedia":[{"embeddable":true,"href":"https:\/\/olemosaic.com\/pt-pt\/wp-json\/wp\/v2\/media\/12043"}],"wp:attachment":[{"href":"https:\/\/olemosaic.com\/pt-pt\/wp-json\/wp\/v2\/media?parent=28007"}],"wp:term":[{"taxonomy":"product_brand","embeddable":true,"href":"https:\/\/olemosaic.com\/pt-pt\/wp-json\/wp\/v2\/product_brand?post=28007"},{"taxonomy":"product_cat","embeddable":true,"href":"https:\/\/olemosaic.com\/pt-pt\/wp-json\/wp\/v2\/product_cat?post=28007"},{"taxonomy":"product_tag","embeddable":true,"href":"https:\/\/olemosaic.com\/pt-pt\/wp-json\/wp\/v2\/product_tag?post=28007"}],"curies":[{"name":"wp","href":"https:\/\/api.w.org\/{rel}","templated":true}]}}