{"id":27994,"date":"2025-02-20T23:29:23","date_gmt":"2025-02-20T22:29:23","guid":{"rendered":"http:\/\/olemosaic.com\/producto\/abridor-de-metal-punt-de-trobada-barcelona-epoxy-2\/"},"modified":"2025-07-25T20:18:50","modified_gmt":"2025-07-25T18:18:50","slug":"abridor-de-metal-punt-de-trobada-barcelona-epoxi-pt-pt","status":"publish","type":"product","link":"https:\/\/olemosaic.com\/pt-pt\/produto\/abridor-de-metal-punt-de-trobada-barcelona-epoxi-pt-pt\/","title":{"rendered":"Abridor de metal. Punt de trobada. Estilo mediterr\u00e2nico. Barcelona. Ep\u00f3xi."},"content":{"rendered":"<p>Este abridor met\u00e1lico, inspirado no ic\u00f3nico &#8220;Punt de Trobada&#8221; de Barcelona, \u00e9 uma recorda\u00e7\u00e3o funcional e art\u00edstica que encarna a ess\u00eancia da cidade. Decorado com um vibrante design de mosaico em vermelho, azul, amarelo e preto, destaca-se pelas suas formas fluidas, que evocam a inconfund\u00edvel obra do arquiteto Antoni Gaud\u00ed, famoso por fundir a natureza e a arquitetura nos seus projetos. A palavra &#8220;Barcelona&#8221; est\u00e1 elegantemente inscrita na parte superior, prestando homenagem \u00e0 rica heran\u00e7a cultural da cidade, conhecida pela sua arquitetura modernista e pelo seu ambiente vibrante.<\/p>\n<p>Cada detalhe deste abridor foi cuidadosamente elaborado, com um acabamento de pintura ep\u00f3xi que n\u00e3o s\u00f3 o torna visualmente atrativo, mas tamb\u00e9m lhe confere durabilidade e resist\u00eancia, tornando-o um produto pr\u00e1tico para o uso di\u00e1rio. O seu design inovador \u00e9 perfeito para aqueles que procuram levar um peda\u00e7o de Barcelona para as suas casas, e uma excelente op\u00e7\u00e3o para lojas de presentes tur\u00edsticos que desejem oferecer recorda\u00e7\u00f5es aut\u00eanticas e representativas da cultura catal\u00e3.<\/p>\n<p>Na Ol\u00e9 Mosaic, os abridores por grosso s\u00e3o uma op\u00e7\u00e3o ideal para comerciantes que procuram destacar-se na sua oferta de recorda\u00e7\u00f5es. Este abridor met\u00e1lico n\u00e3o s\u00f3 \u00e9 funcional, como tamb\u00e9m possui um forte valor cultural que ressoar\u00e1 entre os amantes da cidade e das suas tradi\u00e7\u00f5es.<\/p>\n","protected":false},"excerpt":{"rendered":"<p>Abridor met\u00e1lico inspirado no ic\u00f3nico &#8220;Punt de Trobada&#8221; de Barcelona, decorado com um chamativo design de mosaico em vermelho, azul, amarelo e preto. Este abridor, pintado com resina ep\u00f3xi, apresenta formas fluidas que evocam a obra de Gaud\u00ed, tornando-o uma recorda\u00e7\u00e3o funcional e art\u00edstica. Perfeito para os amantes da cidade, este abridor tamb\u00e9m inclui a palavra &#8220;Barcelona&#8221; na parte superior, prestando homenagem \u00e0 sua rica heran\u00e7a cultural.<\/p>\n","protected":false},"featured_media":7130,"template":"","meta":{"_acf_changed":false},"product_brand":[],"product_cat":[801],"product_tag":[],"class_list":{"0":"post-27994","1":"product","2":"type-product","3":"status-publish","4":"has-post-thumbnail","6":"product_cat-abridores","7":"pa_ciudad-barcelona","8":"pa_motivo-punt-de-trobada","9":"pa_pais-espana","11":"first","12":"instock","13":"shipping-taxable","14":"product-type-simple"},"acf":[],"_links":{"self":[{"href":"https:\/\/olemosaic.com\/pt-pt\/wp-json\/wp\/v2\/product\/27994","targetHints":{"allow":["GET"]}}],"collection":[{"href":"https:\/\/olemosaic.com\/pt-pt\/wp-json\/wp\/v2\/product"}],"about":[{"href":"https:\/\/olemosaic.com\/pt-pt\/wp-json\/wp\/v2\/types\/product"}],"wp:featuredmedia":[{"embeddable":true,"href":"https:\/\/olemosaic.com\/pt-pt\/wp-json\/wp\/v2\/media\/7130"}],"wp:attachment":[{"href":"https:\/\/olemosaic.com\/pt-pt\/wp-json\/wp\/v2\/media?parent=27994"}],"wp:term":[{"taxonomy":"product_brand","embeddable":true,"href":"https:\/\/olemosaic.com\/pt-pt\/wp-json\/wp\/v2\/product_brand?post=27994"},{"taxonomy":"product_cat","embeddable":true,"href":"https:\/\/olemosaic.com\/pt-pt\/wp-json\/wp\/v2\/product_cat?post=27994"},{"taxonomy":"product_tag","embeddable":true,"href":"https:\/\/olemosaic.com\/pt-pt\/wp-json\/wp\/v2\/product_tag?post=27994"}],"curies":[{"name":"wp","href":"https:\/\/api.w.org\/{rel}","templated":true}]}}