{"id":27992,"date":"2025-02-20T22:29:23","date_gmt":"2025-02-20T22:29:23","guid":{"rendered":"http:\/\/olemosaic.com\/producto\/abridor-de-metal-salamandra-mallorca-epoxy\/"},"modified":"2025-07-25T18:46:31","modified_gmt":"2025-07-25T16:46:31","slug":"abridor-de-metal-salamandra-maiorca-epoxi","status":"publish","type":"product","link":"https:\/\/olemosaic.com\/pt-pt\/produto\/abridor-de-metal-salamandra-maiorca-epoxi\/","title":{"rendered":"Abridor de metal. Salamandra. Maiorca. Ep\u00f3xi."},"content":{"rendered":"<p>Este abridor met\u00e1lico com forma de salamandra \u00e9 uma recorda\u00e7\u00e3o vibrante que captura a ess\u00eancia da rica fauna de Maiorca. Elaborado com um design art\u00edstico, o abridor est\u00e1 coberto com uma camada de ep\u00f3xi que real\u00e7a as suas cores vivas: azuis, verdes, amarelos e vermelhos, evocando a beleza natural da ilha. A salamandra, s\u00edmbolo da biodiversidade balear, apresenta um encantador design de mosaicos que n\u00e3o s\u00f3 acrescenta um toque distintivo, mas tamb\u00e9m reflete a tradi\u00e7\u00e3o art\u00edstica da regi\u00e3o. O texto &#8220;MALLORCA&#8221; adorna o seu corpo, destacando a sua origem e autenticidade como recorda\u00e7\u00e3o representativa. \u00c9 uma excelente ideia para os turistas que procuram levar um peda\u00e7o da cultura maiorquina para casa, combinando funcionalidade com um apelo visual que o torna perfeito para exibir em qualquer lar.<\/p>\n<p>As recorda\u00e7\u00f5es de Maiorca s\u00e3o reconhecidas pela sua qualidade e pela sua liga\u00e7\u00e3o com a natureza, e este abridor n\u00e3o \u00e9 exce\u00e7\u00e3o. Na Ol\u00e9 Mosaic, especializamo-nos na distribui\u00e7\u00e3o de recorda\u00e7\u00f5es por grosso que real\u00e7am o melhor de cada regi\u00e3o. Este abridor de salamandra \u00e9 um produto ideal para lojas de presentes tur\u00edsticos que desejem oferecer artigos aut\u00eanticos com um forte valor cultural, tornando-o um excelente exemplo das recorda\u00e7\u00f5es da ilha. Como grossistas de recorda\u00e7\u00f5es, garantimos a autenticidade e o design artesanal em cada pe\u00e7a, assegurando que os seus clientes fiquem satisfeitos e atra\u00eddos pela cultura balear.<\/p>\n","protected":false},"excerpt":{"rendered":"<p>Abridor de metal com forma de salamandra, inspirado na rica fauna de Maiorca. Este colorido abridor est\u00e1 revestido com uma camada de ep\u00f3xi que real\u00e7a os seus tons vivos de azul, verde, amarelo e vermelho, evocando a beleza natural da ilha. A salamandra apresenta um design art\u00edstico com mosaicos que lhe conferem um toque distintivo, enquanto o texto &#8220;MALLORCA&#8221; destaca a sua origem. Ideal para adicionar um toque de cultura balear ao seu lar.<\/p>\n","protected":false},"featured_media":6473,"template":"","meta":{"_acf_changed":false},"product_brand":[],"product_cat":[801],"product_tag":[516],"class_list":{"0":"post-27992","1":"product","2":"type-product","3":"status-publish","4":"has-post-thumbnail","6":"product_cat-abridores","7":"product_tag-animais","8":"pa_ciudad-mallorca","9":"pa_motivo-salamandras","10":"pa_pais-espana","12":"first","13":"instock","14":"shipping-taxable","15":"product-type-simple"},"acf":[],"_links":{"self":[{"href":"https:\/\/olemosaic.com\/pt-pt\/wp-json\/wp\/v2\/product\/27992","targetHints":{"allow":["GET"]}}],"collection":[{"href":"https:\/\/olemosaic.com\/pt-pt\/wp-json\/wp\/v2\/product"}],"about":[{"href":"https:\/\/olemosaic.com\/pt-pt\/wp-json\/wp\/v2\/types\/product"}],"wp:featuredmedia":[{"embeddable":true,"href":"https:\/\/olemosaic.com\/pt-pt\/wp-json\/wp\/v2\/media\/6473"}],"wp:attachment":[{"href":"https:\/\/olemosaic.com\/pt-pt\/wp-json\/wp\/v2\/media?parent=27992"}],"wp:term":[{"taxonomy":"product_brand","embeddable":true,"href":"https:\/\/olemosaic.com\/pt-pt\/wp-json\/wp\/v2\/product_brand?post=27992"},{"taxonomy":"product_cat","embeddable":true,"href":"https:\/\/olemosaic.com\/pt-pt\/wp-json\/wp\/v2\/product_cat?post=27992"},{"taxonomy":"product_tag","embeddable":true,"href":"https:\/\/olemosaic.com\/pt-pt\/wp-json\/wp\/v2\/product_tag?post=27992"}],"curies":[{"name":"wp","href":"https:\/\/api.w.org\/{rel}","templated":true}]}}