{"id":27980,"date":"2025-02-20T22:29:22","date_gmt":"2025-02-20T22:29:22","guid":{"rendered":"http:\/\/olemosaic.com\/producto\/abridor-de-metal-sagrada-familia-barcelona-epoxy\/"},"modified":"2025-07-25T20:09:09","modified_gmt":"2025-07-25T18:09:09","slug":"abridor-de-metal-sagrada-familia-barcelona-epoxi","status":"publish","type":"product","link":"https:\/\/olemosaic.com\/pt-pt\/produto\/abridor-de-metal-sagrada-familia-barcelona-epoxi\/","title":{"rendered":"Abridor de metal. Sagrada Fam\u00edlia. Barcelona. Ep\u00f3xi."},"content":{"rendered":"<p>Este abridor met\u00e1lico, decorado com uma vibrante representa\u00e7\u00e3o da Sagrada Fam\u00edlia de Barcelona, \u00e9 um acess\u00f3rio que combina funcionalidade e beleza art\u00edstica. Com um acabamento de ep\u00f3xi, o abridor apresenta um design colorido que destaca os ic\u00f3nicos torre\u00f5es desta majestosa bas\u00edlica em tons quentes de laranja e azul, evocando a genialidade do famoso mosaico de Gaud\u00ed. Cada detalhe \u00e9 cuidadosamente elaborado, permitindo apreciar as formas estilizadas e a complexidade arquitet\u00f3nica do monumento, o que o torna uma verdadeira homenagem a um dos s\u00edmbolos mais emblem\u00e1ticos da cidade condal.<\/p>\n<p>Este souvenir n\u00e3o s\u00f3 \u00e9 um abridor pr\u00e1tico para garrafas, como tamb\u00e9m uma recorda\u00e7\u00e3o tang\u00edvel da rica heran\u00e7a cultural de Barcelona. A Sagrada Fam\u00edlia, em constante constru\u00e7\u00e3o desde 1882, \u00e9 um emblema do modernismo catal\u00e3o e uma obra-prima que atrai milh\u00f5es de turistas todos os anos. Este abridor, como recorda\u00e7\u00e3o aut\u00eantica, imortaliza a ess\u00eancia de Barcelona, sendo uma escolha ideal para quem procura souvenirs memor\u00e1veis e significativos.<\/p>\n<p>Na Ol\u00e9 Mosaic, especializamo-nos na distribui\u00e7\u00e3o de souvenirs por grosso, e este abridor da Sagrada Fam\u00edlia \u00e9 uma excelente op\u00e7\u00e3o para lojas de presentes tur\u00edsticos que desejem oferecer produtos aut\u00eanticos e de qualidade. Perfeito como presente ou recorda\u00e7\u00e3o de uma visita inesquec\u00edvel, este abridor celebra a criatividade e a arte que caracterizam a cultura espanhola.<\/p>\n","protected":false},"excerpt":{"rendered":"<p>Abridor met\u00e1lico decorado com uma vibrante representa\u00e7\u00e3o da Sagrada Fam\u00edlia de Barcelona, embelezado com um acabamento de ep\u00f3xi. Este pr\u00e1tico abridor apresenta um design colorido com os ic\u00f3nicos torre\u00f5es da bas\u00edlica em tons quentes e azuis. A cena capta a majestosidade do monumento, com detalhes estilizados que evocam o famoso mosaico de Gaud\u00ed. Um souvenir funcional que presta homenagem a um dos s\u00edmbolos mais emblem\u00e1ticos da cidade.<\/p>\n","protected":false},"featured_media":7127,"template":"","meta":{"_acf_changed":false},"product_brand":[],"product_cat":[801],"product_tag":[],"class_list":{"0":"post-27980","1":"product","2":"type-product","3":"status-publish","4":"has-post-thumbnail","6":"product_cat-abridores","7":"pa_ciudad-barcelona","8":"pa_motivo-sagrada-familia","9":"pa_pais-espana","11":"first","12":"instock","13":"shipping-taxable","14":"product-type-simple"},"acf":[],"_links":{"self":[{"href":"https:\/\/olemosaic.com\/pt-pt\/wp-json\/wp\/v2\/product\/27980","targetHints":{"allow":["GET"]}}],"collection":[{"href":"https:\/\/olemosaic.com\/pt-pt\/wp-json\/wp\/v2\/product"}],"about":[{"href":"https:\/\/olemosaic.com\/pt-pt\/wp-json\/wp\/v2\/types\/product"}],"wp:featuredmedia":[{"embeddable":true,"href":"https:\/\/olemosaic.com\/pt-pt\/wp-json\/wp\/v2\/media\/7127"}],"wp:attachment":[{"href":"https:\/\/olemosaic.com\/pt-pt\/wp-json\/wp\/v2\/media?parent=27980"}],"wp:term":[{"taxonomy":"product_brand","embeddable":true,"href":"https:\/\/olemosaic.com\/pt-pt\/wp-json\/wp\/v2\/product_brand?post=27980"},{"taxonomy":"product_cat","embeddable":true,"href":"https:\/\/olemosaic.com\/pt-pt\/wp-json\/wp\/v2\/product_cat?post=27980"},{"taxonomy":"product_tag","embeddable":true,"href":"https:\/\/olemosaic.com\/pt-pt\/wp-json\/wp\/v2\/product_tag?post=27980"}],"curies":[{"name":"wp","href":"https:\/\/api.w.org\/{rel}","templated":true}]}}