{"id":27979,"date":"2025-02-20T23:29:21","date_gmt":"2025-02-20T22:29:21","guid":{"rendered":"http:\/\/olemosaic.com\/producto\/abridor-de-metal-toro-sevilla-epoxy-3\/"},"modified":"2025-07-25T19:27:02","modified_gmt":"2025-07-25T17:27:02","slug":"abridor-de-metal-touro-sevilla-epoxi-3","status":"publish","type":"product","link":"https:\/\/olemosaic.com\/pt-pt\/produto\/abridor-de-metal-touro-sevilla-epoxi-3\/","title":{"rendered":"Abridor de metal. Touro. Sevilha. Espanha. Ep\u00f3xi."},"content":{"rendered":"<p>Este abridor met\u00e1lico, decorado com uma imagem vibrante de um touro, \u00e9 um souvenir emblem\u00e1tico de Sevilha. Capta a ess\u00eancia da cultura andaluza num design funcional e atrativo. Fabricado em metal resistente, este abridor n\u00e3o s\u00f3 \u00e9 pr\u00e1tico para abrir garrafas, como tamb\u00e9m se torna uma pe\u00e7a decorativa digna de exibir. A parte frontal apresenta um impressionante mosaico multicolor realizado em resina ep\u00f3xi, onde predominam os tons azuis, laranjas e verdes, dando vida \u00e0 figura do touro, s\u00edmbolo de for\u00e7a e tradi\u00e7\u00e3o nesta regi\u00e3o. Os detalhes do rosto do touro est\u00e3o meticulosamente desenhados, com olhos expressivos que transmitem o car\u00e1ter vibrante da arte andaluza.<\/p>\n<p>A mensagem &#8220;SEVILLA&#8221; na parte superior do design acrescenta um toque cultural significativo, tornando este abridor uma recorda\u00e7\u00e3o representativa da cidade. Ao utiliz\u00e1-lo, os turistas poder\u00e3o recordar a sua experi\u00eancia em Sevilha e partilh\u00e1-la com amigos e familiares. Este abridor de touro \u00e9 uma excelente op\u00e7\u00e3o para quem procura um souvenir aut\u00eantico e funcional que combine folclore e design. Na Ol\u00e9 Mosaic, especializamo-nos na distribui\u00e7\u00e3o de souvenirs por grosso, e este abridor destaca-se pela sua qualidade e relev\u00e2ncia cultural, o que o torna um produto ideal para lojas de presentes tur\u00edsticos que desejem oferecer artigos distintivos de Sevilha.<\/p>\n","protected":false},"excerpt":{"rendered":"<p>Abridor de metal decorado com uma imagem vibrante de um touro, s\u00edmbolo emblem\u00e1tico de Sevilha. Este design em ep\u00f3xi apresenta um mosaico multicolor que combina tons azuis, laranjas e verdes, captando a ess\u00eancia da arte andaluza. Na parte superior, o texto &#8220;SEVILLA&#8221; acrescenta um toque cultural a este pr\u00e1tico acess\u00f3rio. Ideal para quem procura um souvenir que combine a funcionalidade com o folclore sevilhano.<\/p>\n","protected":false},"featured_media":6538,"template":"","meta":{"_acf_changed":false},"product_brand":[],"product_cat":[801],"product_tag":[516],"class_list":{"0":"post-27979","1":"product","2":"type-product","3":"status-publish","4":"has-post-thumbnail","6":"product_cat-abridores","7":"product_tag-animais","8":"pa_ciudad-sevilla","9":"pa_motivo-touros","10":"pa_pais-espana","12":"first","13":"instock","14":"shipping-taxable","15":"product-type-simple"},"acf":[],"_links":{"self":[{"href":"https:\/\/olemosaic.com\/pt-pt\/wp-json\/wp\/v2\/product\/27979","targetHints":{"allow":["GET"]}}],"collection":[{"href":"https:\/\/olemosaic.com\/pt-pt\/wp-json\/wp\/v2\/product"}],"about":[{"href":"https:\/\/olemosaic.com\/pt-pt\/wp-json\/wp\/v2\/types\/product"}],"wp:featuredmedia":[{"embeddable":true,"href":"https:\/\/olemosaic.com\/pt-pt\/wp-json\/wp\/v2\/media\/6538"}],"wp:attachment":[{"href":"https:\/\/olemosaic.com\/pt-pt\/wp-json\/wp\/v2\/media?parent=27979"}],"wp:term":[{"taxonomy":"product_brand","embeddable":true,"href":"https:\/\/olemosaic.com\/pt-pt\/wp-json\/wp\/v2\/product_brand?post=27979"},{"taxonomy":"product_cat","embeddable":true,"href":"https:\/\/olemosaic.com\/pt-pt\/wp-json\/wp\/v2\/product_cat?post=27979"},{"taxonomy":"product_tag","embeddable":true,"href":"https:\/\/olemosaic.com\/pt-pt\/wp-json\/wp\/v2\/product_tag?post=27979"}],"curies":[{"name":"wp","href":"https:\/\/api.w.org\/{rel}","templated":true}]}}